{"id":17288,"date":"2022-02-15T15:23:10","date_gmt":"2022-02-15T15:23:10","guid":{"rendered":"https:\/\/chilimag.hu\/webshop\/?post_type=product&#038;p=17288"},"modified":"2026-03-30T11:04:41","modified_gmt":"2026-03-30T11:04:41","slug":"paradicsom-luther-f1","status":"publish","type":"product","link":"https:\/\/chilimag.hu\/webshop\/termek\/paradicsom-luther-f1\/","title":{"rendered":"Luther F1 B-S Paradicsom"},"content":{"rendered":"","protected":false},"excerpt":{"rendered":"<p><img decoding=\"async\" src=\"https:\/\/chilimag.hu\/webshop\/wp-content\/uploads\/2022\/10\/bobby-seeds-test-logo-150x150.png\" \/><\/p>\n<p>Term\u00e9kinform\u00e1ci\u00f3 &#8222;Tomato Luther F1&#8221;<\/p>\n<p>\u00cdzletes, fekete cseresznye t\u00edpus\u00fa kokt\u00e9lparadicsom<\/p>\n<p>Nagyon arom\u00e1s, reped\u00e9s\u00e1ll\u00f3 Black Cherry t\u00edpus\u00fa kokt\u00e9lparadicsom, korai. A 20-25 gramm k\u00f6r\u00fcli gy\u00fcm\u00f6lcs\u00f6k magas cukortartalm\u00faak. J\u00f3 szabadt\u00e9ri paradicsom, t\u00f6bbsz\u00f6r\u00f6sen ellen\u00e1ll\u00f3, bele\u00e9rtve a Verticilliumot \u00e9s a Fusariumot. Mint minden s\u00f6t\u00e9t paradicsomfajt\u00e1n\u00e1l, a s\u00f6t\u00e9t sz\u00ednt is az antocianin okozza, amely az eg\u00e9szs\u00e9gre j\u00f3t\u00e9kony hat\u00e1s\u00fa anyag.<\/p>\n<p>Solanum lycopersicum<br \/>\nA betakar\u00edt\u00e1s j\u00faliust\u00f3l szeptemberig tart<\/p>\n<p>Vet\u00e9s 20-25 \u00b0C-on febru\u00e1rt\u00f3l \u00e1prilisig, majd el\u0151teny\u00e9szt\u00e9s<\/p>\n<p>Paradicsom tipp:<br \/>\nSoha ne \u00f6nt\u00f6zze a n\u00f6v\u00e9nyeket csaphideg v\u00edzzel; a v\u00edznek legal\u00e1bb szobah\u0151m\u00e9rs\u00e9klet\u0171nek kell lennie. Mindig \u00fcgyeljen arra, hogy a levelek sz\u00e1razak maradjanak, hogy a paradicsom rothad\u00e1sa kisebb legyen.<\/p>\n<p>A csomag 10 szem magot tartalmaz<\/p>\n","protected":false},"featured_media":17289,"comment_status":"closed","ping_status":"closed","template":"","meta":[],"product_brand":[],"product_cat":[10],"product_tag":[],"class_list":{"0":"post-17288","1":"product","2":"type-product","3":"status-publish","4":"has-post-thumbnail","6":"product_cat-paradicsom","8":"first","9":"instock","10":"taxable","11":"shipping-taxable","12":"purchasable","13":"product-type-simple"},"_links":{"self":[{"href":"https:\/\/chilimag.hu\/webshop\/wp-json\/wp\/v2\/product\/17288","targetHints":{"allow":["GET"]}}],"collection":[{"href":"https:\/\/chilimag.hu\/webshop\/wp-json\/wp\/v2\/product"}],"about":[{"href":"https:\/\/chilimag.hu\/webshop\/wp-json\/wp\/v2\/types\/product"}],"replies":[{"embeddable":true,"href":"https:\/\/chilimag.hu\/webshop\/wp-json\/wp\/v2\/comments?post=17288"}],"wp:featuredmedia":[{"embeddable":true,"href":"https:\/\/chilimag.hu\/webshop\/wp-json\/wp\/v2\/media\/17289"}],"wp:attachment":[{"href":"https:\/\/chilimag.hu\/webshop\/wp-json\/wp\/v2\/media?parent=17288"}],"wp:term":[{"taxonomy":"product_brand","embeddable":true,"href":"https:\/\/chilimag.hu\/webshop\/wp-json\/wp\/v2\/product_brand?post=17288"},{"taxonomy":"product_cat","embeddable":true,"href":"https:\/\/chilimag.hu\/webshop\/wp-json\/wp\/v2\/product_cat?post=17288"},{"taxonomy":"product_tag","embeddable":true,"href":"https:\/\/chilimag.hu\/webshop\/wp-json\/wp\/v2\/product_tag?post=17288"}],"curies":[{"name":"wp","href":"https:\/\/api.w.org\/{rel}","templated":true}]}}