{"id":17286,"date":"2022-02-15T15:22:05","date_gmt":"2022-02-15T15:22:05","guid":{"rendered":"https:\/\/chilimag.hu\/webshop\/?post_type=product&#038;p=17286"},"modified":"2026-03-31T22:31:41","modified_gmt":"2026-03-31T22:31:41","slug":"paradicsom-datlo","status":"publish","type":"product","link":"https:\/\/chilimag.hu\/webshop\/termek\/paradicsom-datlo\/","title":{"rendered":"Datlo Paradicsom B-S"},"content":{"rendered":"","protected":false},"excerpt":{"rendered":"<p><img decoding=\"async\" src=\"https:\/\/chilimag.hu\/webshop\/wp-content\/uploads\/2022\/10\/bobby-seeds-test-logo-150x150.png\" \/><\/p>\n<p>Term\u00e9kinform\u00e1ci\u00f3 &#8222;Tomato Datlo&#8221;<\/p>\n<p>Robusztus, nagyon finom narancsos datolya paradicsom<\/p>\n<p>Ennek az \u00faj term\u00e9knek a k\u00fcl\u00f6nlegess\u00e9ge az ilyen gy\u00fcm\u00f6lcsfajt\u00e1k kiv\u00e9telesen j\u00f3 \u00edze. A kism\u00e9ret\u0171, 18 gramm k\u00f6r\u00fcli aranynarancss\u00e1rga term\u00e9sek datolya alak\u00faak \u00e9s nagyon b\u0151s\u00e9gesek. A gy\u00fcm\u00f6lcs\u00f6k egyenk\u00e9nt \u00e9s csokorba szedhet\u0151k. A korais\u00e1g, a kompakt, de er\u0151teljes n\u00f6veked\u00e9s \u00e9s a pr\u00f3batermeszt\u00e9sben bizony\u00edtott barna rothad\u00e1st\u0171r\u0151 k\u00e9pess\u00e9ge ide\u00e1liss\u00e1 teszik ezt a fajt\u00e1t a szabadf\u00f6ldi paradicsomm\u00e1.<\/p>\n<p>Solanum lycopersicum<br \/>\nA betakar\u00edt\u00e1s j\u00falius v\u00e9g\u00e9t\u0151l szeptemberig tart<br \/>\nVet\u00e9s 20-25 \u00b0C-on febru\u00e1rt\u00f3l \u00e1prilisig, majd el\u0151teny\u00e9szt\u00e9s<\/p>\n<p>Gondoz\u00e1sa:Soha ne \u00f6nt\u00f6zze a n\u00f6v\u00e9nyeket csaphideg v\u00edzzel; a v\u00edznek legal\u00e1bb szobah\u0151m\u00e9rs\u00e9klet\u0171nek kell lennie. Mindig \u00fcgyeljen arra, hogy a levelek sz\u00e1razak maradjanak, hogy a paradicsom rothad\u00e1sa kisebb legyen.<\/p>\n<p>A csomag 10 szem magot tartalmaz<\/p>\n","protected":false},"featured_media":17287,"comment_status":"closed","ping_status":"closed","template":"","meta":[],"product_brand":[],"product_cat":[10],"product_tag":[],"class_list":{"0":"post-17286","1":"product","2":"type-product","3":"status-publish","4":"has-post-thumbnail","6":"product_cat-paradicsom","8":"first","9":"instock","10":"taxable","11":"shipping-taxable","12":"purchasable","13":"product-type-simple"},"_links":{"self":[{"href":"https:\/\/chilimag.hu\/webshop\/wp-json\/wp\/v2\/product\/17286","targetHints":{"allow":["GET"]}}],"collection":[{"href":"https:\/\/chilimag.hu\/webshop\/wp-json\/wp\/v2\/product"}],"about":[{"href":"https:\/\/chilimag.hu\/webshop\/wp-json\/wp\/v2\/types\/product"}],"replies":[{"embeddable":true,"href":"https:\/\/chilimag.hu\/webshop\/wp-json\/wp\/v2\/comments?post=17286"}],"wp:featuredmedia":[{"embeddable":true,"href":"https:\/\/chilimag.hu\/webshop\/wp-json\/wp\/v2\/media\/17287"}],"wp:attachment":[{"href":"https:\/\/chilimag.hu\/webshop\/wp-json\/wp\/v2\/media?parent=17286"}],"wp:term":[{"taxonomy":"product_brand","embeddable":true,"href":"https:\/\/chilimag.hu\/webshop\/wp-json\/wp\/v2\/product_brand?post=17286"},{"taxonomy":"product_cat","embeddable":true,"href":"https:\/\/chilimag.hu\/webshop\/wp-json\/wp\/v2\/product_cat?post=17286"},{"taxonomy":"product_tag","embeddable":true,"href":"https:\/\/chilimag.hu\/webshop\/wp-json\/wp\/v2\/product_tag?post=17286"}],"curies":[{"name":"wp","href":"https:\/\/api.w.org\/{rel}","templated":true}]}}