{"id":17271,"date":"2022-02-14T20:25:08","date_gmt":"2022-02-14T20:25:08","guid":{"rendered":"https:\/\/chilimag.hu\/webshop\/?post_type=product&#038;p=17271"},"modified":"2026-04-21T14:13:18","modified_gmt":"2026-04-21T14:13:18","slug":"tagates-fuszer-tagates-lucida-bs","status":"publish","type":"product","link":"https:\/\/chilimag.hu\/webshop\/termek\/tagates-fuszer-tagates-lucida-bs\/","title":{"rendered":"Tagates f\u0171szer Sweet Mace B-S"},"content":{"rendered":"","protected":false},"excerpt":{"rendered":"<p><img decoding=\"async\" src=\"https:\/\/chilimag.hu\/webshop\/wp-content\/uploads\/2022\/10\/bobby-seeds-test-logo-150x150.png\" \/><\/p>\n<p>&nbsp;<\/p>\n<p>Le\u00edr\u00e1s<\/p>\n<p>Term\u00e9kinform\u00e1ci\u00f3<\/p>\n<p>Tagetes lucida<\/p>\n<p>\u00c1nizs \u00e9s erdeivir\u00e1g illata \u00e9s \u00edze van<br \/>\nA mexik\u00f3i tagetes lucida er\u0151s \u00e1nizs- \u00e9s r\u00e9zszag\u00fa illat\u00fa. A s\u00f6t\u00e9tz\u00f6ld \u00e9s a kis levelek finom \u00edz\u0171ek. Vir\u00e1gz\u00e1s el\u0151tt t\u00f6bbsz\u00f6r is betakar\u00edthat\u00f3. A vir\u00e1gok is ehet\u0151k. Alkalmas sz\u00f3szok, sal\u00e1t\u00e1k, nyers z\u00f6lds\u00e9gek, h\u00fas- \u00e9s sz\u00e1rnyas \u00e9telek f\u0171szerez\u00e9s\u00e9re. A levelek \u00e9s vir\u00e1gok sz\u00e1r\u00edtva is haszn\u00e1lhat\u00f3k.<\/p>\n<p>Gondoz\u00e1sa:A betakar\u00edt\u00e1s folyamatosan t\u00f6rt\u00e9nik<br \/>\nAz adag k\u00f6r\u00fclbel\u00fcl 100 n\u00f6v\u00e9nyre elegend\u0151<br \/>\nVet\u00e9s el\u0151kult\u00far\u00e1val febru\u00e1r v\u00e9g\u00e9t\u0151l ill<br \/>\nK\u00f6zvetlen vet\u00e9s \u00e1prilis v\u00e9g\u00e9t\u0151l Sort\u00e1vols\u00e1g 20 cm, sorban 15 cm<\/p>\n<p>&nbsp;<\/p>\n","protected":false},"featured_media":17272,"comment_status":"closed","ping_status":"closed","template":"","meta":[],"product_brand":[],"product_cat":[330],"product_tag":[],"class_list":{"0":"post-17271","1":"product","2":"type-product","3":"status-publish","4":"has-post-thumbnail","6":"product_cat-fuszer-es-gyogynoveny-vetomagok","8":"first","9":"outofstock","10":"taxable","11":"shipping-taxable","12":"purchasable","13":"product-type-simple"},"_links":{"self":[{"href":"https:\/\/chilimag.hu\/webshop\/wp-json\/wp\/v2\/product\/17271","targetHints":{"allow":["GET"]}}],"collection":[{"href":"https:\/\/chilimag.hu\/webshop\/wp-json\/wp\/v2\/product"}],"about":[{"href":"https:\/\/chilimag.hu\/webshop\/wp-json\/wp\/v2\/types\/product"}],"replies":[{"embeddable":true,"href":"https:\/\/chilimag.hu\/webshop\/wp-json\/wp\/v2\/comments?post=17271"}],"wp:featuredmedia":[{"embeddable":true,"href":"https:\/\/chilimag.hu\/webshop\/wp-json\/wp\/v2\/media\/17272"}],"wp:attachment":[{"href":"https:\/\/chilimag.hu\/webshop\/wp-json\/wp\/v2\/media?parent=17271"}],"wp:term":[{"taxonomy":"product_brand","embeddable":true,"href":"https:\/\/chilimag.hu\/webshop\/wp-json\/wp\/v2\/product_brand?post=17271"},{"taxonomy":"product_cat","embeddable":true,"href":"https:\/\/chilimag.hu\/webshop\/wp-json\/wp\/v2\/product_cat?post=17271"},{"taxonomy":"product_tag","embeddable":true,"href":"https:\/\/chilimag.hu\/webshop\/wp-json\/wp\/v2\/product_tag?post=17271"}],"curies":[{"name":"wp","href":"https:\/\/api.w.org\/{rel}","templated":true}]}}