{"id":17268,"date":"2022-02-14T20:06:14","date_gmt":"2022-02-14T20:06:14","guid":{"rendered":"https:\/\/chilimag.hu\/webshop\/?post_type=product&#038;p=17268"},"modified":"2025-08-17T15:12:47","modified_gmt":"2025-08-17T15:12:47","slug":"patiszon-helios-f1","status":"publish","type":"product","link":"https:\/\/chilimag.hu\/webshop\/termek\/patiszon-helios-f1\/","title":{"rendered":"Patiszon Helios F1 B-S"},"content":{"rendered":"","protected":false},"excerpt":{"rendered":"<p><img decoding=\"async\" src=\"https:\/\/chilimag.hu\/webshop\/wp-content\/uploads\/2022\/10\/bobby-seeds-test-logo-150x150.png\" \/><\/p>\n<p>Term\u00e9kinform\u00e1ci\u00f3 &#8222;Helios F1&#8221;<\/p>\n<p>Nagyon dekorat\u00edv, s\u00f6t\u00e9t s\u00e1rga-narancs sz\u00edn\u0171 patisson. Felt\u0171n\u0151 form\u00e1j\u00fa, mark\u00e1nsabb \u201eujjakkal\u201d. Az \u00e9rett term\u00e9sek 15-20 cm nagyok. A s\u00e1rga fajt\u00e1k hajlamosak kiz\u00f6ld\u00fclni, ha ismert t\u00f6kv\u00edrusokkal fert\u0151z\u0151dnek meg, ami ebben az esetben dekorat\u00edv hat\u00e1s\u00fa is. Egy Patisson sz\u00e1m\u00e1ra a Helios F1 meglehet\u0151sen robusztus \u00e9s hossz\u00fa \u00e9lettartam\u00fa.<\/p>\n<p>pepo<br \/>\n\u00c9r\u00e9si id\u0151: 80-85 nap<br \/>\nEz a fajta k\u00fcl\u00f6n\u00f6sen dekorat\u00edv.<br \/>\nA patissonok j\u00f3l \u00e9rzik magukat meleg, j\u00f3 v\u00edzelvezet\u00e9s\u0171 talajban, el\u0151m\u0171vel\u00e9ssel \u00e9s \u00fcltet\u00e9ssel \u00e1prilis v\u00e9g\u00e9t\u0151l vet\u00e9ssel vagy m\u00e1jus elej\u00e9t\u0151l k\u00f6zvetlen vet\u00e9ssel. A patissonok ide\u00e1lisak a hidegebb r\u00e9gi\u00f3kban val\u00f3 termeszt\u00e9shez.<\/p>\n<p>A patissonok kev\u00e9s helyet ig\u00e9nyelnek, n\u00f6v\u00e9nyenk\u00e9nt \u00e1ltal\u00e1ban 1 n\u00e9gyzetm\u00e9ter is elegend\u0151<\/p>\n<p>Lehets\u00e9ges k\u00e1rtev\u0151k: csig\u00e1k, madarak, egerek, tetvek, lisztharmat, v\u00edrus<\/p>\n<p>A csomag 10 szem magot tartalmaz<\/p>\n","protected":false},"featured_media":17269,"comment_status":"closed","ping_status":"closed","template":"","meta":[],"product_brand":[],"product_cat":[346],"product_tag":[],"class_list":{"0":"post-17268","1":"product","2":"type-product","3":"status-publish","4":"has-post-thumbnail","6":"product_cat-cukkini-patiszon-uborka","8":"first","9":"instock","10":"taxable","11":"shipping-taxable","12":"purchasable","13":"product-type-simple"},"_links":{"self":[{"href":"https:\/\/chilimag.hu\/webshop\/wp-json\/wp\/v2\/product\/17268","targetHints":{"allow":["GET"]}}],"collection":[{"href":"https:\/\/chilimag.hu\/webshop\/wp-json\/wp\/v2\/product"}],"about":[{"href":"https:\/\/chilimag.hu\/webshop\/wp-json\/wp\/v2\/types\/product"}],"replies":[{"embeddable":true,"href":"https:\/\/chilimag.hu\/webshop\/wp-json\/wp\/v2\/comments?post=17268"}],"wp:featuredmedia":[{"embeddable":true,"href":"https:\/\/chilimag.hu\/webshop\/wp-json\/wp\/v2\/media\/17269"}],"wp:attachment":[{"href":"https:\/\/chilimag.hu\/webshop\/wp-json\/wp\/v2\/media?parent=17268"}],"wp:term":[{"taxonomy":"product_brand","embeddable":true,"href":"https:\/\/chilimag.hu\/webshop\/wp-json\/wp\/v2\/product_brand?post=17268"},{"taxonomy":"product_cat","embeddable":true,"href":"https:\/\/chilimag.hu\/webshop\/wp-json\/wp\/v2\/product_cat?post=17268"},{"taxonomy":"product_tag","embeddable":true,"href":"https:\/\/chilimag.hu\/webshop\/wp-json\/wp\/v2\/product_tag?post=17268"}],"curies":[{"name":"wp","href":"https:\/\/api.w.org\/{rel}","templated":true}]}}