{"id":17251,"date":"2022-02-13T19:13:13","date_gmt":"2022-02-13T19:13:13","guid":{"rendered":"https:\/\/chilimag.hu\/webshop\/?post_type=product&#038;p=17251"},"modified":"2026-05-10T05:44:53","modified_gmt":"2026-05-10T05:44:53","slug":"uborka-lemon-apple-h-xotica","status":"publish","type":"product","link":"https:\/\/chilimag.hu\/webshop\/termek\/uborka-lemon-apple-h-xotica\/","title":{"rendered":"Uborka Lemon apple H Xotica"},"content":{"rendered":"","protected":false},"excerpt":{"rendered":"<p><img decoding=\"async\" class=\"img-responsive\" title=\"Buzzy Seeds\" src=\"https:\/\/tuinplus.nl\/Documents\/Images\/Banners\/Buzzy_Roll_Over.jpg\" alt=\"Buzzy Seeds\" \/><\/p>\n<p>Botanikai n\u00e9v:Cucumis sativus<\/p>\n<p>Uborka &#8211; citrom alma<br \/>\n\u00c1prilis k\u00f6zep\u00e9t\u0151l m\u00e1jus k\u00f6zep\u00e9ig keretben, egyszer sz\u00farjuk ki \u00e9s m\u00e1jus k\u00f6zep\u00e9n \u00fcltess\u00fck \u00e1t, vagy m\u00e1jusban vess\u00fck a szabadba sorokba.<br \/>\nA citromalm\u00e1s uborka kerek, mint egy alma \u00e9s s\u00e1rga, mint a citrom. Ehet\u0151 h\u00e9ja \u00e9des \u00e9s ropog\u00f3s, \u00edgy sal\u00e1t\u00e1khoz vagy nyersen fogyaszthat\u00f3.<\/p>\n<p>&nbsp;<\/p>\n","protected":false},"featured_media":17252,"comment_status":"closed","ping_status":"closed","template":"","meta":[],"product_brand":[],"product_cat":[440],"product_tag":[],"class_list":{"0":"post-17251","1":"product","2":"type-product","3":"status-publish","4":"has-post-thumbnail","6":"product_cat-xotica-collection","8":"first","9":"instock","10":"taxable","11":"shipping-taxable","12":"purchasable","13":"product-type-simple"},"_links":{"self":[{"href":"https:\/\/chilimag.hu\/webshop\/wp-json\/wp\/v2\/product\/17251","targetHints":{"allow":["GET"]}}],"collection":[{"href":"https:\/\/chilimag.hu\/webshop\/wp-json\/wp\/v2\/product"}],"about":[{"href":"https:\/\/chilimag.hu\/webshop\/wp-json\/wp\/v2\/types\/product"}],"replies":[{"embeddable":true,"href":"https:\/\/chilimag.hu\/webshop\/wp-json\/wp\/v2\/comments?post=17251"}],"wp:featuredmedia":[{"embeddable":true,"href":"https:\/\/chilimag.hu\/webshop\/wp-json\/wp\/v2\/media\/17252"}],"wp:attachment":[{"href":"https:\/\/chilimag.hu\/webshop\/wp-json\/wp\/v2\/media?parent=17251"}],"wp:term":[{"taxonomy":"product_brand","embeddable":true,"href":"https:\/\/chilimag.hu\/webshop\/wp-json\/wp\/v2\/product_brand?post=17251"},{"taxonomy":"product_cat","embeddable":true,"href":"https:\/\/chilimag.hu\/webshop\/wp-json\/wp\/v2\/product_cat?post=17251"},{"taxonomy":"product_tag","embeddable":true,"href":"https:\/\/chilimag.hu\/webshop\/wp-json\/wp\/v2\/product_tag?post=17251"}],"curies":[{"name":"wp","href":"https:\/\/api.w.org\/{rel}","templated":true}]}}