{"id":17249,"date":"2022-02-13T19:10:58","date_gmt":"2022-02-13T19:10:58","guid":{"rendered":"https:\/\/chilimag.hu\/webshop\/?post_type=product&#038;p=17249"},"modified":"2026-03-11T19:45:29","modified_gmt":"2026-03-11T19:45:29","slug":"uborka-gele-tros-h-ht","status":"publish","type":"product","link":"https:\/\/chilimag.hu\/webshop\/termek\/uborka-gele-tros-h-ht\/","title":{"rendered":"Uborka Holland s\u00e1rga (Gele Tros)  Ht H"},"content":{"rendered":"","protected":false},"excerpt":{"rendered":"<p><img decoding=\"async\" class=\"img-responsive\" title=\"Horti Tops\" src=\"https:\/\/tuinplus.nl\/Documents\/Images\/Banners\/Horti_Tops_Roll_Over.jpg\" alt=\"Horti Tops\" \/><\/p>\n<p>Botanikai n\u00e9v:\u00a0Cucumis sativus<\/p>\n<p>\u00c1prilis k\u00f6zep\u00e9t\u0151l m\u00e1jus k\u00f6zep\u00e9ig keretben, egyszer sz\u00farjuk ki \u00e9s m\u00e1jus k\u00f6zep\u00e9n \u00fcltess\u00fck \u00e1t, vagy m\u00e1jusban vess\u00fck a szabadba sorokba. \u00d6r\u00f6ks\u00e9gi fajta, amely j\u00f3l terem szabadf\u00f6ld\u00f6n. Ennek a s\u00e1rga ubork\u00e1nak az \u00edze valamivel er\u0151sebb, \u00e9s a gy\u00fcm\u00f6lcs\u00f6k is kevesebb vizet tartalmaznak.<\/p>\n<p>&nbsp;<\/p>\n","protected":false},"featured_media":17250,"comment_status":"closed","ping_status":"closed","template":"","meta":[],"product_brand":[],"product_cat":[438],"product_tag":[],"class_list":{"0":"post-17249","1":"product","2":"type-product","3":"status-publish","4":"has-post-thumbnail","6":"product_cat-horti-tops","8":"first","9":"instock","10":"taxable","11":"shipping-taxable","12":"purchasable","13":"product-type-simple"},"_links":{"self":[{"href":"https:\/\/chilimag.hu\/webshop\/wp-json\/wp\/v2\/product\/17249","targetHints":{"allow":["GET"]}}],"collection":[{"href":"https:\/\/chilimag.hu\/webshop\/wp-json\/wp\/v2\/product"}],"about":[{"href":"https:\/\/chilimag.hu\/webshop\/wp-json\/wp\/v2\/types\/product"}],"replies":[{"embeddable":true,"href":"https:\/\/chilimag.hu\/webshop\/wp-json\/wp\/v2\/comments?post=17249"}],"wp:featuredmedia":[{"embeddable":true,"href":"https:\/\/chilimag.hu\/webshop\/wp-json\/wp\/v2\/media\/17250"}],"wp:attachment":[{"href":"https:\/\/chilimag.hu\/webshop\/wp-json\/wp\/v2\/media?parent=17249"}],"wp:term":[{"taxonomy":"product_brand","embeddable":true,"href":"https:\/\/chilimag.hu\/webshop\/wp-json\/wp\/v2\/product_brand?post=17249"},{"taxonomy":"product_cat","embeddable":true,"href":"https:\/\/chilimag.hu\/webshop\/wp-json\/wp\/v2\/product_cat?post=17249"},{"taxonomy":"product_tag","embeddable":true,"href":"https:\/\/chilimag.hu\/webshop\/wp-json\/wp\/v2\/product_tag?post=17249"}],"curies":[{"name":"wp","href":"https:\/\/api.w.org\/{rel}","templated":true}]}}