{"id":17232,"date":"2022-02-13T17:53:40","date_gmt":"2022-02-13T17:53:40","guid":{"rendered":"https:\/\/chilimag.hu\/webshop\/?post_type=product&#038;p=17232"},"modified":"2026-02-15T13:53:09","modified_gmt":"2026-02-15T13:53:09","slug":"bab-mixture-h-ht","status":"publish","type":"product","link":"https:\/\/chilimag.hu\/webshop\/termek\/bab-mixture-h-ht\/","title":{"rendered":"Bab Mixture Ht H"},"content":{"rendered":"","protected":false},"excerpt":{"rendered":"<p><img decoding=\"async\" class=\"img-responsive\" title=\"Horti Tops\" src=\"https:\/\/tuinplus.nl\/Documents\/Images\/Banners\/Horti_Tops_Roll_Over.jpg\" alt=\"Horti Tops\" \/><\/p>\n<p>Botanikai n\u00e9v:\u00a0<span id=\"column_2_uc_product_details_ctl04_lbl_ff_desc2\" class=\"value\">Phaseolus vulgaris<\/span><\/p>\n<p><span id=\"column_2_uc_product_details_ctl04_lbl_ff_desc2\" class=\"value\">Lapos h\u00fcvely\u0171 t\u00f6rpebab &#8211; Purpiat kever\u00e9k<br \/>\n\u00c1prilis k\u00f6zep\u00e9n vesd a keretek al\u00e1, \u00e9s m\u00e1jus k\u00f6zep\u00e9n \u00fcltesd ki. Vagy vetni m\u00e1jus k\u00f6zep\u00e9n<br \/>\nj\u00falius k\u00f6zep\u00e9ig k\u00f6zvetlen\u00fcl kint, sorokban. Ez a kever\u00e9k lila, z\u00f6ld \u00e9s<br \/>\nA s\u00e1rgabab nagyon eg\u00e9szs\u00e9ges \u00e9s term\u00e9keny.<br \/>\n30 gramm elegend\u0151 egy 5 m-es sorhoz.<\/span><\/p>\n<p>&nbsp;<\/p>\n","protected":false},"featured_media":17233,"comment_status":"closed","ping_status":"closed","template":"","meta":[],"product_brand":[],"product_cat":[438],"product_tag":[],"class_list":{"0":"post-17232","1":"product","2":"type-product","3":"status-publish","4":"has-post-thumbnail","6":"product_cat-horti-tops","8":"first","9":"instock","10":"taxable","11":"shipping-taxable","12":"purchasable","13":"product-type-simple"},"_links":{"self":[{"href":"https:\/\/chilimag.hu\/webshop\/wp-json\/wp\/v2\/product\/17232","targetHints":{"allow":["GET"]}}],"collection":[{"href":"https:\/\/chilimag.hu\/webshop\/wp-json\/wp\/v2\/product"}],"about":[{"href":"https:\/\/chilimag.hu\/webshop\/wp-json\/wp\/v2\/types\/product"}],"replies":[{"embeddable":true,"href":"https:\/\/chilimag.hu\/webshop\/wp-json\/wp\/v2\/comments?post=17232"}],"wp:featuredmedia":[{"embeddable":true,"href":"https:\/\/chilimag.hu\/webshop\/wp-json\/wp\/v2\/media\/17233"}],"wp:attachment":[{"href":"https:\/\/chilimag.hu\/webshop\/wp-json\/wp\/v2\/media?parent=17232"}],"wp:term":[{"taxonomy":"product_brand","embeddable":true,"href":"https:\/\/chilimag.hu\/webshop\/wp-json\/wp\/v2\/product_brand?post=17232"},{"taxonomy":"product_cat","embeddable":true,"href":"https:\/\/chilimag.hu\/webshop\/wp-json\/wp\/v2\/product_cat?post=17232"},{"taxonomy":"product_tag","embeddable":true,"href":"https:\/\/chilimag.hu\/webshop\/wp-json\/wp\/v2\/product_tag?post=17232"}],"curies":[{"name":"wp","href":"https:\/\/api.w.org\/{rel}","templated":true}]}}