{"id":17228,"date":"2022-02-13T17:47:15","date_gmt":"2022-02-13T17:47:15","guid":{"rendered":"https:\/\/chilimag.hu\/webshop\/?post_type=product&#038;p=17228"},"modified":"2026-02-18T08:05:25","modified_gmt":"2026-02-18T08:05:25","slug":"bab-long-yard-beans-h-xotica","status":"publish","type":"product","link":"https:\/\/chilimag.hu\/webshop\/termek\/bab-long-yard-beans-h-xotica\/","title":{"rendered":"Bab Long Yard Beans Bz-Xotica H"},"content":{"rendered":"","protected":false},"excerpt":{"rendered":"<p><img fetchpriority=\"high\" decoding=\"async\" class=\"attachment-medium size-medium\" src=\"https:\/\/purchasingpowerplus.com\/wp-content\/uploads\/2021\/05\/Buzzy-Logo-300x239.jpg\" sizes=\"(max-width: 300px) 100vw, 300px\" srcset=\"https:\/\/purchasingpowerplus.com\/wp-content\/uploads\/2021\/05\/Buzzy-Logo-300x239.jpg 300w, https:\/\/purchasingpowerplus.com\/wp-content\/uploads\/2021\/05\/Buzzy-Logo-768x612.jpg 768w, https:\/\/purchasingpowerplus.com\/wp-content\/uploads\/2021\/05\/Buzzy-Logo-1024x816.jpg 1024w, https:\/\/purchasingpowerplus.com\/wp-content\/uploads\/2021\/05\/Buzzy-Logo.jpg 1500w\" alt=\"\" width=\"300\" height=\"239\" \/><\/p>\n<p>Botanikai n\u00e9v :<span id=\"column_2_uc_product_details_ctl04_lbl_ff_desc2\" class=\"value\">Vigna sesquipedalis<\/span><\/p>\n<p><span id=\"column_2_uc_product_details_ctl04_lbl_ff_desc2\" class=\"value\">Hossz\u00fa udvari bab<br \/>\nBelt\u00e9ri vet\u00e9s \u00e1prilis v\u00e9g\u00e9t\u0151l 20-22\u00baC-on. 4 h\u00e9t ut\u00e1n \u00fcltess\u00fck \u00e1t az \u00fcvegh\u00e1zba, napos helyre, 100&#215;40 cm \u00fcltet\u00e9si t\u00e1vols\u00e1ggal. A n\u00f6v\u00e9nyeknek vessz\u0151re lesz sz\u00fcks\u00e9g\u00fck a m\u00e1sz\u00e1shoz, \u00e9s az ind\u00e1kat a szomsz\u00e9dos n\u00f6v\u00e9nyekhez lehet r\u00f6gz\u00edteni. \u00d3vatosan sz\u00fcreteljen. A h\u00fcvelyek 60-70 cm hossz\u00fara is megn\u0151hetnek, \u00e9s f\u0151z\u00e9shez \u00e9s r\u00e1nt\u00e1sra egyar\u00e1nt alkalmasak.<\/span><\/p>\n<p>A csomag 10 gr magot tartalmaz<\/p>\n","protected":false},"featured_media":17229,"comment_status":"closed","ping_status":"closed","template":"","meta":[],"product_brand":[],"product_cat":[440],"product_tag":[],"class_list":{"0":"post-17228","1":"product","2":"type-product","3":"status-publish","4":"has-post-thumbnail","6":"product_cat-xotica-collection","8":"first","9":"instock","10":"taxable","11":"shipping-taxable","12":"purchasable","13":"product-type-simple"},"_links":{"self":[{"href":"https:\/\/chilimag.hu\/webshop\/wp-json\/wp\/v2\/product\/17228","targetHints":{"allow":["GET"]}}],"collection":[{"href":"https:\/\/chilimag.hu\/webshop\/wp-json\/wp\/v2\/product"}],"about":[{"href":"https:\/\/chilimag.hu\/webshop\/wp-json\/wp\/v2\/types\/product"}],"replies":[{"embeddable":true,"href":"https:\/\/chilimag.hu\/webshop\/wp-json\/wp\/v2\/comments?post=17228"}],"wp:featuredmedia":[{"embeddable":true,"href":"https:\/\/chilimag.hu\/webshop\/wp-json\/wp\/v2\/media\/17229"}],"wp:attachment":[{"href":"https:\/\/chilimag.hu\/webshop\/wp-json\/wp\/v2\/media?parent=17228"}],"wp:term":[{"taxonomy":"product_brand","embeddable":true,"href":"https:\/\/chilimag.hu\/webshop\/wp-json\/wp\/v2\/product_brand?post=17228"},{"taxonomy":"product_cat","embeddable":true,"href":"https:\/\/chilimag.hu\/webshop\/wp-json\/wp\/v2\/product_cat?post=17228"},{"taxonomy":"product_tag","embeddable":true,"href":"https:\/\/chilimag.hu\/webshop\/wp-json\/wp\/v2\/product_tag?post=17228"}],"curies":[{"name":"wp","href":"https:\/\/api.w.org\/{rel}","templated":true}]}}