{"id":17095,"date":"2022-02-06T18:31:09","date_gmt":"2022-02-06T18:31:09","guid":{"rendered":"https:\/\/chilimag.hu\/webshop\/?post_type=product&#038;p=17095"},"modified":"2025-09-23T12:10:11","modified_gmt":"2025-09-23T12:10:11","slug":"disztok-yuva-f1","status":"publish","type":"product","link":"https:\/\/chilimag.hu\/webshop\/termek\/disztok-yuva-f1\/","title":{"rendered":"Yuva T\u00f6k F1 B-S"},"content":{"rendered":"","protected":false},"excerpt":{"rendered":"<p><img decoding=\"async\" src=\"https:\/\/chilimag.hu\/webshop\/wp-content\/uploads\/2022\/10\/bobby-seeds-test-logo-150x150.png\" \/><\/p>\n<p>A Yuva F1 egy \u00faj fajta a Kabocha t\u00edpusban, amely a kiv\u00e1l\u00f3 h\u00fasmin\u0151s\u00e9g miatt standardnak sz\u00e1m\u00edt a konyh\u00e1ban Jap\u00e1nban. A Yuva F1-nek j\u00f3 a term\u00e9se, \u00e9s meglehet\u0151sen egyforma m\u00e9ret\u0171, 1,5-2 kg s\u00faly\u00fa term\u00e9sei A h\u00fasa s\u00f6t\u00e9ts\u00e1rga sz\u00edn\u00e9vel \u00e9s kiv\u00e9telesen j\u00f3 \u00edz\u00e9vel leny\u0171g\u00f6z.<\/p>\n<p>Cucurbita maxima<br \/>\nA feh\u00e9r turb\u00e1n m\u00e9rs\u00e9kelten rangsorol<br \/>\n1 adag = 10 szem<br \/>\n\u00c9r\u00e9si ideje k\u00f6r\u00fclbel\u00fcl 90 nap<br \/>\nA s\u00fct\u0151t\u00f6k j\u00f3l \u00e9rzi mag\u00e1t meleg, j\u00f3 v\u00edzelvezet\u00e9s\u0171 talajban, el\u0151m\u0171vel\u00e9ssel \u00e9s \u00fcltet\u00e9ssel \u00e1prilis v\u00e9g\u00e9t\u0151l vet\u00e9ssel vagy m\u00e1jus elej\u00e9t\u0151l k\u00f6zvetlen vet\u00e9ssel.<\/p>\n<p>Yuva F1 j\u00f3 t\u00f6k j\u00f3<\/p>\n<p>A Yuva F1-hez n\u00f6v\u00e9nyenk\u00e9nt 2 n\u00e9gyzetm\u00e9tert aj\u00e1nlunk<\/p>\n<p>Lehets\u00e9ges k\u00e1rtev\u0151k: csig\u00e1k, madarak, egerek, tetvek, lisztharmat, v\u00edrus<\/p>\n<p>A csomag 10 szem magot tartalmaz<\/p>\n","protected":false},"featured_media":17096,"comment_status":"closed","ping_status":"closed","template":"","meta":[],"product_brand":[],"product_cat":[345],"product_tag":[],"class_list":{"0":"post-17095","1":"product","2":"type-product","3":"status-publish","4":"has-post-thumbnail","6":"product_cat-suto-fozo-es-disztokok","8":"first","9":"instock","10":"taxable","11":"shipping-taxable","12":"purchasable","13":"product-type-simple"},"_links":{"self":[{"href":"https:\/\/chilimag.hu\/webshop\/wp-json\/wp\/v2\/product\/17095","targetHints":{"allow":["GET"]}}],"collection":[{"href":"https:\/\/chilimag.hu\/webshop\/wp-json\/wp\/v2\/product"}],"about":[{"href":"https:\/\/chilimag.hu\/webshop\/wp-json\/wp\/v2\/types\/product"}],"replies":[{"embeddable":true,"href":"https:\/\/chilimag.hu\/webshop\/wp-json\/wp\/v2\/comments?post=17095"}],"wp:featuredmedia":[{"embeddable":true,"href":"https:\/\/chilimag.hu\/webshop\/wp-json\/wp\/v2\/media\/17096"}],"wp:attachment":[{"href":"https:\/\/chilimag.hu\/webshop\/wp-json\/wp\/v2\/media?parent=17095"}],"wp:term":[{"taxonomy":"product_brand","embeddable":true,"href":"https:\/\/chilimag.hu\/webshop\/wp-json\/wp\/v2\/product_brand?post=17095"},{"taxonomy":"product_cat","embeddable":true,"href":"https:\/\/chilimag.hu\/webshop\/wp-json\/wp\/v2\/product_cat?post=17095"},{"taxonomy":"product_tag","embeddable":true,"href":"https:\/\/chilimag.hu\/webshop\/wp-json\/wp\/v2\/product_tag?post=17095"}],"curies":[{"name":"wp","href":"https:\/\/api.w.org\/{rel}","templated":true}]}}