{"id":170,"date":"2014-11-08T14:36:17","date_gmt":"2014-11-08T14:36:17","guid":{"rendered":"https:\/\/chilimag.hu\/webshop\/?post_type=product&#038;p=170"},"modified":"2026-01-28T11:17:05","modified_gmt":"2026-01-28T11:17:05","slug":"congo-trinidad","status":"publish","type":"product","link":"https:\/\/chilimag.hu\/webshop\/termek\/congo-trinidad\/","title":{"rendered":"Congo Trinidad"},"content":{"rendered":"","protected":false},"excerpt":{"rendered":"<p><img decoding=\"async\" src=\"https:\/\/chilimag.hu\/webshop\/wp-content\/uploads\/2014\/11\/chilimag-logo-2-150x150.jpg\" \/><\/p>\n<p>Le\u00edr\u00e1s<\/p>\n<p>A \u00a0Congo Trinidad Chili egy Trinidad \u00e9s Tobag\u00f3b\u00f3l sz\u00e1rmaz\u00f3 fajta. Ott a Habanero paprik\u00e1t &#8222;kong\u00f3i paprik\u00e1nak&#8221; is h\u00edvj\u00e1k. A n\u00f6v\u00e9nyek nagyon term\u00e9kenyek, \u00e9s sok extra nagy paprik\u00e1t viselnek, amelyek bord\u00e1zatosabbak, mint a tipikus v\u00f6r\u00f6s Habanero. Olyan forr\u00f3ak \u00e9s \u00edzletesek, mint rokonaik. Tr\u00f3pusi, gy\u00fcm\u00f6lcs\u00f6s \u00edz\u00fck minden salsa n\u00e9lk\u00fcl\u00f6zhetetlen \u00f6sszetev\u0151j\u00e9v\u00e9 teszi, \u00e9s k\u00fcl\u00f6n\u00f6sen j\u00f3l p\u00e1ros\u00edthat\u00f3 tr\u00f3pusi gy\u00fcm\u00f6lcs\u00f6kkel. Sz\u00edn\u00fck vil\u00e1gosz\u00f6ldr\u0151l v\u00f6r\u00f6sre v\u00e1ltozik.<\/p>\n<p>\u00dagy gondolj\u00e1k, hogy a habanero faj a mexik\u00f3i Yucatan r\u00e9gi\u00f3b\u00f3l sz\u00e1rmazik. B\u00e1r a &#8222;habanero&#8221; n\u00e9v leford\u00edthat\u00f3 &#8222;valaki vagy valami Havann\u00e1b\u00f3l&#8221;, a n\u00f6v\u00e9ny csak elszigetelten n\u0151 Kuba sziget\u00e9n. Ma is els\u0151sorban a Yucat\u00e1n-f\u00e9lszigeten termesztik, de t\u00falnyom\u00f3r\u00e9szt narancss\u00e1rga \u00e9s s\u00e1rga habanero fajt\u00e1kat termesztenek itt. A v\u00f6r\u00f6s v\u00e1ltozat \u00e1ltal\u00e1ban a Karib-t\u00e9rs\u00e9gb\u0151l vagy az USA d\u00e9li \u00e1llamaib\u00f3l sz\u00e1rmazik.<\/p>\n<p>Gondoz\u00e1sa: A cs\u00edr\u00e1z\u00e1si h\u0151m\u00e9rs\u00e9klet 22\u00b0C \u00e9s 28\u00b0C k\u00f6z\u00f6tt van (cs\u00edr\u00e1z\u00e1si id\u0151: 12-21 nap); ez\u00e9rt \u00fcvegh\u00e1z \u00e9s f\u0171t\u0151sz\u0151nyeg haszn\u00e1lata javasolt. A n\u00f6v\u00e9nyeknek friss, j\u00f3l tr\u00e1gy\u00e1zott, v\u00edz\u00e1tereszt\u0151 talajra van sz\u00fcks\u00e9g\u00fck, nem t\u0171rik a bevizesed\u00e9st. Napos, v\u00e9dett helyre kell helyezni, ahol legal\u00e1bb 6 \u00f3ra napf\u00e9ny \u2013 lehet\u0151leg t\u00f6bb. Mivel a n\u00f6v\u00e9nyeknek k\u00fcl\u00f6n\u00f6sen hossz\u00fa az \u00e9r\u00e9si ideje, \u00e9rdemes cser\u00e9pben termeszteni \u0151ket, \u00edgy a napk\u00f6zbeni h\u0151m\u00e9rs\u00e9klet 12\u00b0C al\u00e1 s\u00fcllyed\u00e9sekor k\u00f6nnyen be lehet vinni a n\u00f6v\u00e9nyeket, \u00edgy minden gy\u00fcm\u00f6lcs be\u00e9rik. Ahhoz, hogy a n\u00f6v\u00e9nyt t\u00e9len is meg\u0151rizze, betakar\u00edt\u00e1s ut\u00e1n v\u00e1gja vissza 20 cm-rel, \u00e9s tegye vil\u00e1gos helyre, ahol legal\u00e1bb 15\u00b0C h\u0151m\u00e9rs\u00e9klet\u0171.<\/p>\n<p>T\u00edpus: Capsicum chinense<br \/>\nF\u0171szerszint 10<br \/>\nScoville Ak\u00e1r 500 000 SHU<br \/>\nOptim\u00e1lis cs\u00edr\u00e1z\u00e1si h\u0151m\u00e9rs\u00e9klet 22 &#8211; 28 \u00b0C<br \/>\nVet\u00e9s dec &#8211; \u00e1pr<br \/>\nFeh\u00e9r vir\u00e1gok (m\u00e1jus-augusztus)<br \/>\nN\u00f6veked\u00e9si szok\u00e1s Bokros, kb. 100 cm magas<br \/>\n\u00c9rlel\u00e9s Vil\u00e1gosz\u00f6ldt\u0151l s\u00e1rga-narancss\u00e1rg\u00e1ig, majd v\u00f6r\u00f6sig<br \/>\nGy\u00fcm\u00f6lcs megjelen\u00e9se Kerek, r\u00e1ncos, f\u00e9nyes fel\u00fclet, kb. 5 x 5 cm<br \/>\n\u00c9rlel\u00e9si id\u0151 95-110 nap<br \/>\nSz\u00e1rmaz\u00e1si hely: Trinidad \u00e9s Tobago<\/p>\n<p>A csomag 10 szem \u00a0magot tartalmaz<\/p>\n","protected":false},"featured_media":8193,"comment_status":"open","ping_status":"closed","template":"","meta":[],"product_brand":[],"product_cat":[8],"product_tag":[],"class_list":{"0":"post-170","1":"product","2":"type-product","3":"status-publish","4":"has-post-thumbnail","6":"product_cat-paprika","8":"first","9":"outofstock","10":"taxable","11":"shipping-taxable","12":"purchasable","13":"product-type-simple"},"_links":{"self":[{"href":"https:\/\/chilimag.hu\/webshop\/wp-json\/wp\/v2\/product\/170","targetHints":{"allow":["GET"]}}],"collection":[{"href":"https:\/\/chilimag.hu\/webshop\/wp-json\/wp\/v2\/product"}],"about":[{"href":"https:\/\/chilimag.hu\/webshop\/wp-json\/wp\/v2\/types\/product"}],"replies":[{"embeddable":true,"href":"https:\/\/chilimag.hu\/webshop\/wp-json\/wp\/v2\/comments?post=170"}],"wp:featuredmedia":[{"embeddable":true,"href":"https:\/\/chilimag.hu\/webshop\/wp-json\/wp\/v2\/media\/8193"}],"wp:attachment":[{"href":"https:\/\/chilimag.hu\/webshop\/wp-json\/wp\/v2\/media?parent=170"}],"wp:term":[{"taxonomy":"product_brand","embeddable":true,"href":"https:\/\/chilimag.hu\/webshop\/wp-json\/wp\/v2\/product_brand?post=170"},{"taxonomy":"product_cat","embeddable":true,"href":"https:\/\/chilimag.hu\/webshop\/wp-json\/wp\/v2\/product_cat?post=170"},{"taxonomy":"product_tag","embeddable":true,"href":"https:\/\/chilimag.hu\/webshop\/wp-json\/wp\/v2\/product_tag?post=170"}],"curies":[{"name":"wp","href":"https:\/\/api.w.org\/{rel}","templated":true}]}}