{"id":16997,"date":"2022-02-04T06:07:44","date_gmt":"2022-02-04T06:07:44","guid":{"rendered":"https:\/\/chilimag.hu\/webshop\/?post_type=product&#038;p=16997"},"modified":"2025-08-17T15:20:22","modified_gmt":"2025-08-17T15:20:22","slug":"muskotalyos-zsalya","status":"publish","type":"product","link":"https:\/\/chilimag.hu\/webshop\/termek\/muskotalyos-zsalya\/","title":{"rendered":"Muskot\u00e1lyos zs\u00e1lya Sz-M"},"content":{"rendered":"","protected":false},"excerpt":{"rendered":"<p><img decoding=\"async\" src=\"https:\/\/chilimag.hu\/webshop\/wp-content\/uploads\/2014\/11\/chilimag-logo-2-150x150.jpg\" \/><\/p>\n<p>&nbsp;<\/p>\n<p>Le\u00edr\u00e1s<\/p>\n<p>Mediterr\u00e1n \u00e9s \u00e1zsiai eredet\u0171 d\u00edszn\u00f6v\u00e9ny. A zs\u00e1ly\u00e1k k\u00f6z\u00f6tt nagy termet\u0171nek sz\u00e1m\u00edt m\u00e9teres magass\u00e1g\u00fa, r\u00f3zsasz\u00edn vir\u00e1gf\u00fcrtjeivel. Nagy, fodros, molyhos levelei er\u0151sen muskot\u00e1lyos illat\u00faak. Az \u00e1ltalunk forgalmazott turkestanica v\u00e1ltozat \u00c1zsi\u00e1b\u00f3l sz\u00e1rmazik, az alapfajn\u00e1l nagyobb termet\u0171.<\/p>\n<p>Gondoz\u00e1sa:Haz\u00e1nk sz\u00e1razabb ter\u00fcletein \u00e9rdemes termeszt\u00e9s\u00e9vel foglalkozni, mert \u00f6nt\u00f6z\u00e9s n\u00e9lk\u00fcl is j\u00f3 a hozama. H\u0171v\u00f6sebb, csapad\u00e9kosabb nyarakon min\u0151s\u00e9ge leromlik. Talajban nem v\u00e1logat\u00f3s. K\u00f6ves, kavicsos, de sz\u00e1raz, meleg domboldalakon sz\u00e9pen d\u00edszlik, m\u00e9g akkor is, ha a term\u0151talaj v\u00e9kony r\u00e9teg\u0171.<\/p>\n<p>&nbsp;<\/p>\n<p>A csomag 1 g magot tartalmaz<\/p>\n","protected":false},"featured_media":16998,"comment_status":"closed","ping_status":"closed","template":"","meta":[],"product_brand":[],"product_cat":[330],"product_tag":[],"class_list":{"0":"post-16997","1":"product","2":"type-product","3":"status-publish","4":"has-post-thumbnail","6":"product_cat-fuszer-es-gyogynoveny-vetomagok","8":"first","9":"instock","10":"taxable","11":"shipping-taxable","12":"purchasable","13":"product-type-simple"},"_links":{"self":[{"href":"https:\/\/chilimag.hu\/webshop\/wp-json\/wp\/v2\/product\/16997","targetHints":{"allow":["GET"]}}],"collection":[{"href":"https:\/\/chilimag.hu\/webshop\/wp-json\/wp\/v2\/product"}],"about":[{"href":"https:\/\/chilimag.hu\/webshop\/wp-json\/wp\/v2\/types\/product"}],"replies":[{"embeddable":true,"href":"https:\/\/chilimag.hu\/webshop\/wp-json\/wp\/v2\/comments?post=16997"}],"wp:featuredmedia":[{"embeddable":true,"href":"https:\/\/chilimag.hu\/webshop\/wp-json\/wp\/v2\/media\/16998"}],"wp:attachment":[{"href":"https:\/\/chilimag.hu\/webshop\/wp-json\/wp\/v2\/media?parent=16997"}],"wp:term":[{"taxonomy":"product_brand","embeddable":true,"href":"https:\/\/chilimag.hu\/webshop\/wp-json\/wp\/v2\/product_brand?post=16997"},{"taxonomy":"product_cat","embeddable":true,"href":"https:\/\/chilimag.hu\/webshop\/wp-json\/wp\/v2\/product_cat?post=16997"},{"taxonomy":"product_tag","embeddable":true,"href":"https:\/\/chilimag.hu\/webshop\/wp-json\/wp\/v2\/product_tag?post=16997"}],"curies":[{"name":"wp","href":"https:\/\/api.w.org\/{rel}","templated":true}]}}