{"id":16918,"date":"2022-01-30T14:04:13","date_gmt":"2022-01-30T14:04:13","guid":{"rendered":"https:\/\/chilimag.hu\/webshop\/?post_type=product&#038;p=16918"},"modified":"2026-04-15T19:43:11","modified_gmt":"2026-04-15T19:43:11","slug":"sargadinnye-dalmatian-f1","status":"publish","type":"product","link":"https:\/\/chilimag.hu\/webshop\/termek\/sargadinnye-dalmatian-f1\/","title":{"rendered":"S\u00e1rgadinnye Dalmatian F1 H-S"},"content":{"rendered":"","protected":false},"excerpt":{"rendered":"<h1><img decoding=\"async\" src=\"http:\/\/nongwoobio.com\/images\/common\/logo.png\" alt=\"\ub18d\uc6b0\ubc14\uc774\uc624 \ub85c\uace0\" \/><\/h1>\n<p>Enyh\u00e9n ov\u00e1lis, k\u00fcl\u00f6nleges s\u00e1rgadinnye hibrid<\/p>\n<p>Pal\u00e1nt\u00e1z\u00e1st\u00f3l sz\u00e1m\u00edtva 63-68 napra \u00e9rik<\/p>\n<p>eg\u00e9szs\u00e9ges, betegs\u00e9gekre nem hajlamos er\u0151s lombozat<\/p>\n<p>Feh\u00e9r h\u00e9jsz\u00edn\u00e9t z\u00f6ld cs\u00edkok-foltok tark\u00edtj\u00e1k<\/p>\n<p>h\u00fasa\u00a0halv\u00e1nyz\u00f6ld, megjelen\u00e9se k\u00fcl\u00f6nleges<\/p>\n<p>Term\u00e9s \u00e1tlags\u00falya: 1,8-2,3 kg<\/p>\n<p>Olt\u00e1s: Shintosa alannyal kompatibilis<\/p>\n<p>Kifejezetten zamatos, oml\u00f3s-\u00e9des term\u00e9sh\u00fas.<\/p>\n<p>A csomag 10 szem magot tartalmaz<\/p>\n","protected":false},"featured_media":16920,"comment_status":"closed","ping_status":"closed","template":"","meta":[],"product_brand":[],"product_cat":[331],"product_tag":[],"class_list":{"0":"post-16918","1":"product","2":"type-product","3":"status-publish","4":"has-post-thumbnail","6":"product_cat-gyumolcs-vetomagok-egyeb-es-kulonleges-vetomagok","8":"first","9":"instock","10":"taxable","11":"shipping-taxable","12":"purchasable","13":"product-type-simple"},"_links":{"self":[{"href":"https:\/\/chilimag.hu\/webshop\/wp-json\/wp\/v2\/product\/16918","targetHints":{"allow":["GET"]}}],"collection":[{"href":"https:\/\/chilimag.hu\/webshop\/wp-json\/wp\/v2\/product"}],"about":[{"href":"https:\/\/chilimag.hu\/webshop\/wp-json\/wp\/v2\/types\/product"}],"replies":[{"embeddable":true,"href":"https:\/\/chilimag.hu\/webshop\/wp-json\/wp\/v2\/comments?post=16918"}],"wp:featuredmedia":[{"embeddable":true,"href":"https:\/\/chilimag.hu\/webshop\/wp-json\/wp\/v2\/media\/16920"}],"wp:attachment":[{"href":"https:\/\/chilimag.hu\/webshop\/wp-json\/wp\/v2\/media?parent=16918"}],"wp:term":[{"taxonomy":"product_brand","embeddable":true,"href":"https:\/\/chilimag.hu\/webshop\/wp-json\/wp\/v2\/product_brand?post=16918"},{"taxonomy":"product_cat","embeddable":true,"href":"https:\/\/chilimag.hu\/webshop\/wp-json\/wp\/v2\/product_cat?post=16918"},{"taxonomy":"product_tag","embeddable":true,"href":"https:\/\/chilimag.hu\/webshop\/wp-json\/wp\/v2\/product_tag?post=16918"}],"curies":[{"name":"wp","href":"https:\/\/api.w.org\/{rel}","templated":true}]}}