{"id":16913,"date":"2022-01-30T13:54:57","date_gmt":"2022-01-30T13:54:57","guid":{"rendered":"https:\/\/chilimag.hu\/webshop\/?post_type=product&#038;p=16913"},"modified":"2026-05-05T10:51:00","modified_gmt":"2026-05-05T10:51:00","slug":"uborka-girdap-f1","status":"publish","type":"product","link":"https:\/\/chilimag.hu\/webshop\/termek\/uborka-girdap-f1\/","title":{"rendered":"Uborka Girdap F1"},"content":{"rendered":"","protected":false},"excerpt":{"rendered":"<p><img decoding=\"async\" src=\"http:\/\/nongwoobio.com\/images\/common\/logo.png\" alt=\"\ub18d\uc6b0\ubc14\uc774\uc624 \ub85c\uace0\" \/><\/p>\n<p>Le\u00edr\u00e1s<\/p>\n<p>Mini-k\u00edgy\u00f3 tipus\u00fa uborka hibrid<\/p>\n<p>S\u00f6t\u00e9tz\u00f6ld, hengeres term\u00e9s<\/p>\n<p>Homog\u00e9n, egy\u00f6ntet\u0171<\/p>\n<p>\u00cdzk\u00f6z-\u00f6nk\u00e9nt 3-4 term\u00e9s<\/p>\n<p>Ropog\u00f3s, jellegzetes \u00edz \u00e9s aromaanyagok<\/p>\n<p>Partenokarp term\u00e9sk\u00e9pz\u00e9s<\/p>\n<p>Generat\u00edv, k\u00f6zepesen er\u0151s n\u00f6v\u00e9nyhabitus<\/p>\n<p>Er\u0151s gy\u00f6k\u00e9rzet<\/p>\n<p>Viszonylag kis lev\u00e9lm\u00e9ret, r\u00f6vid \u00edzk\u00f6z hossz\u00fas\u00e1g<\/p>\n<p>Nagyon korai term\u00e9sk\u00e9pz\u00e9s<\/p>\n<p>A csomag 10 szem magot tartalmaz<\/p>\n","protected":false},"featured_media":16915,"comment_status":"closed","ping_status":"closed","template":"","meta":[],"product_brand":[],"product_cat":[346],"product_tag":[],"class_list":{"0":"post-16913","1":"product","2":"type-product","3":"status-publish","4":"has-post-thumbnail","6":"product_cat-cukkini-patiszon-uborka","8":"first","9":"instock","10":"taxable","11":"shipping-taxable","12":"purchasable","13":"product-type-simple"},"_links":{"self":[{"href":"https:\/\/chilimag.hu\/webshop\/wp-json\/wp\/v2\/product\/16913","targetHints":{"allow":["GET"]}}],"collection":[{"href":"https:\/\/chilimag.hu\/webshop\/wp-json\/wp\/v2\/product"}],"about":[{"href":"https:\/\/chilimag.hu\/webshop\/wp-json\/wp\/v2\/types\/product"}],"replies":[{"embeddable":true,"href":"https:\/\/chilimag.hu\/webshop\/wp-json\/wp\/v2\/comments?post=16913"}],"wp:featuredmedia":[{"embeddable":true,"href":"https:\/\/chilimag.hu\/webshop\/wp-json\/wp\/v2\/media\/16915"}],"wp:attachment":[{"href":"https:\/\/chilimag.hu\/webshop\/wp-json\/wp\/v2\/media?parent=16913"}],"wp:term":[{"taxonomy":"product_brand","embeddable":true,"href":"https:\/\/chilimag.hu\/webshop\/wp-json\/wp\/v2\/product_brand?post=16913"},{"taxonomy":"product_cat","embeddable":true,"href":"https:\/\/chilimag.hu\/webshop\/wp-json\/wp\/v2\/product_cat?post=16913"},{"taxonomy":"product_tag","embeddable":true,"href":"https:\/\/chilimag.hu\/webshop\/wp-json\/wp\/v2\/product_tag?post=16913"}],"curies":[{"name":"wp","href":"https:\/\/api.w.org\/{rel}","templated":true}]}}