{"id":16911,"date":"2022-01-30T13:50:21","date_gmt":"2022-01-30T13:50:21","guid":{"rendered":"https:\/\/chilimag.hu\/webshop\/?post_type=product&#038;p=16911"},"modified":"2026-02-21T10:07:35","modified_gmt":"2026-02-21T10:07:35","slug":"paradicsom-zuccherino-f1","status":"publish","type":"product","link":"https:\/\/chilimag.hu\/webshop\/termek\/paradicsom-zuccherino-f1\/","title":{"rendered":"Zuccherino F1 Paradicsom"},"content":{"rendered":"","protected":false},"excerpt":{"rendered":"<p><a id=\"logo\" class=\"retina\" title=\"Cora Seeds\" href=\"https:\/\/www.coraseeds.com\/en\/homepage\" data-height=\"60\" data-padding=\"15\"><img decoding=\"async\" class=\"logo-main scale-with-grid \" src=\"https:\/\/www.coraseeds.com\/wp-content\/uploads\/2019\/01\/cora-234-100.png\" alt=\"cora-234-100\" data-retina=\"https:\/\/www.coraseeds.com\/wp-content\/uploads\/2019\/01\/cora-234-100.png\" data-height=\"100\" data-no-retina=\"\" \/><\/a><\/p>\n<p>Mini San Marzano-t\u00edpus\u00fa, folytonn\u00f6v\u0151 fajta<\/p>\n<p>K\u00fcl\u00f6nlegesen magas cukortartalm\u00fa, Brix 11<\/p>\n<p>20-25 gramm \u00e1tlagt\u00f6meg\u00a0bogy\u00f3i f\u00fcrtben is szedhet\u0151k<\/p>\n<p>Kiv\u00e9telesen \u00edzletes, zamatos term\u00e9se snack paradicsomk\u00e9nt is fogyaszthat\u00f3<\/p>\n<p>Generat\u00edv t\u00edpus\u00fa n\u00f6v\u00e9nye nagyon j\u00f3 meg\u00fajul\u00f3 k\u00e9pess\u00e9ggel rendelkezik<\/p>\n<p>T\u00f6bb f\u0151sz\u00e1ron is termeszthet\u0151<\/p>\n<p>&nbsp;<\/p>\n","protected":false},"featured_media":16912,"comment_status":"closed","ping_status":"closed","template":"","meta":[],"product_brand":[],"product_cat":[10],"product_tag":[],"class_list":{"0":"post-16911","1":"product","2":"type-product","3":"status-publish","4":"has-post-thumbnail","6":"product_cat-paradicsom","8":"first","9":"instock","10":"taxable","11":"shipping-taxable","12":"purchasable","13":"product-type-variable"},"_links":{"self":[{"href":"https:\/\/chilimag.hu\/webshop\/wp-json\/wp\/v2\/product\/16911","targetHints":{"allow":["GET"]}}],"collection":[{"href":"https:\/\/chilimag.hu\/webshop\/wp-json\/wp\/v2\/product"}],"about":[{"href":"https:\/\/chilimag.hu\/webshop\/wp-json\/wp\/v2\/types\/product"}],"replies":[{"embeddable":true,"href":"https:\/\/chilimag.hu\/webshop\/wp-json\/wp\/v2\/comments?post=16911"}],"wp:featuredmedia":[{"embeddable":true,"href":"https:\/\/chilimag.hu\/webshop\/wp-json\/wp\/v2\/media\/16912"}],"wp:attachment":[{"href":"https:\/\/chilimag.hu\/webshop\/wp-json\/wp\/v2\/media?parent=16911"}],"wp:term":[{"taxonomy":"product_brand","embeddable":true,"href":"https:\/\/chilimag.hu\/webshop\/wp-json\/wp\/v2\/product_brand?post=16911"},{"taxonomy":"product_cat","embeddable":true,"href":"https:\/\/chilimag.hu\/webshop\/wp-json\/wp\/v2\/product_cat?post=16911"},{"taxonomy":"product_tag","embeddable":true,"href":"https:\/\/chilimag.hu\/webshop\/wp-json\/wp\/v2\/product_tag?post=16911"}],"curies":[{"name":"wp","href":"https:\/\/api.w.org\/{rel}","templated":true}]}}