{"id":16838,"date":"2022-01-26T20:18:02","date_gmt":"2022-01-26T20:18:02","guid":{"rendered":"https:\/\/chilimag.hu\/webshop\/?post_type=product&#038;p=16838"},"modified":"2026-02-07T19:48:51","modified_gmt":"2026-02-07T19:48:51","slug":"tavaszi-borbalafu-h-ht","status":"publish","type":"product","link":"https:\/\/chilimag.hu\/webshop\/termek\/tavaszi-borbalafu-h-ht\/","title":{"rendered":"Tavaszi borb\u00e1laf\u0171 H Ht"},"content":{"rendered":"","protected":false},"excerpt":{"rendered":"<p><img decoding=\"async\" class=\"img-responsive\" title=\"Horti Tops\" src=\"https:\/\/tuinplus.nl\/Documents\/Images\/Banners\/Horti_Tops_Roll_Over.jpg\" alt=\"Horti Tops\" \/><\/p>\n<p>Botanikai n\u00e9v:\u00a0Barbarea verna<\/p>\n<p>Ny\u00edlt terepen, sz\u00f3rv\u00e1nyban vagy sorokban kora tavaszt\u00f3l \u0151szig. Felhaszn\u00e1l\u00e1s: a friss levelek z\u00f6ldsal\u00e1ta, t\u00far\u00f3 \u00e9s h\u00fas\u00e9telek f\u0171szerez\u00e9s\u00e9hez. T\u00e9l\u00e1ll\u00f3s\u00e1ga megfelel\u0151.<\/p>\n<p>&nbsp;<\/p>\n","protected":false},"featured_media":16839,"comment_status":"closed","ping_status":"closed","template":"","meta":[],"product_brand":[],"product_cat":[438],"product_tag":[],"class_list":{"0":"post-16838","1":"product","2":"type-product","3":"status-publish","4":"has-post-thumbnail","6":"product_cat-horti-tops","8":"first","9":"instock","10":"taxable","11":"shipping-taxable","12":"purchasable","13":"product-type-simple"},"_links":{"self":[{"href":"https:\/\/chilimag.hu\/webshop\/wp-json\/wp\/v2\/product\/16838","targetHints":{"allow":["GET"]}}],"collection":[{"href":"https:\/\/chilimag.hu\/webshop\/wp-json\/wp\/v2\/product"}],"about":[{"href":"https:\/\/chilimag.hu\/webshop\/wp-json\/wp\/v2\/types\/product"}],"replies":[{"embeddable":true,"href":"https:\/\/chilimag.hu\/webshop\/wp-json\/wp\/v2\/comments?post=16838"}],"wp:featuredmedia":[{"embeddable":true,"href":"https:\/\/chilimag.hu\/webshop\/wp-json\/wp\/v2\/media\/16839"}],"wp:attachment":[{"href":"https:\/\/chilimag.hu\/webshop\/wp-json\/wp\/v2\/media?parent=16838"}],"wp:term":[{"taxonomy":"product_brand","embeddable":true,"href":"https:\/\/chilimag.hu\/webshop\/wp-json\/wp\/v2\/product_brand?post=16838"},{"taxonomy":"product_cat","embeddable":true,"href":"https:\/\/chilimag.hu\/webshop\/wp-json\/wp\/v2\/product_cat?post=16838"},{"taxonomy":"product_tag","embeddable":true,"href":"https:\/\/chilimag.hu\/webshop\/wp-json\/wp\/v2\/product_tag?post=16838"}],"curies":[{"name":"wp","href":"https:\/\/api.w.org\/{rel}","templated":true}]}}