{"id":16821,"date":"2022-01-26T19:44:14","date_gmt":"2022-01-26T19:44:14","guid":{"rendered":"https:\/\/chilimag.hu\/webshop\/?post_type=product&#038;p=16821"},"modified":"2025-08-30T16:47:08","modified_gmt":"2025-08-30T16:47:08","slug":"feher-mustar-h-organic","status":"publish","type":"product","link":"https:\/\/chilimag.hu\/webshop\/termek\/feher-mustar-h-organic\/","title":{"rendered":"Feh\u00e9r must\u00e1r Organic Sprounting Bz H"},"content":{"rendered":"","protected":false},"excerpt":{"rendered":"<p>Botanikai n\u00e9v:<br \/>\nSinapis alba<\/p>\n<p>Must\u00e1rcs\u00edra<br \/>\nA cs\u00edr\u00e1z\u00f3 magvak v\u00edzzel k\u00f6nnyen nevelhet\u0151k. A cs\u00edr\u00e1k must\u00e1r\u00edz\u0171ek \u00e9s nagyon f\u0171szeresek. Pir\u00edt\u00f3sra finom sonk\u00e1val, sajttal vagy p\u00e1st\u00e9tomtal. Haszn\u00e1lja burgonyap\u00fcr\u00e9, must\u00e1rleves f\u0171szerez\u00e9s\u00e9re \u00e9s kagyl\u00f3 vagy hideg csirke mell\u00e9 majon\u00e9zbe is. Gazdag kalciumban, vasban \u00e9s A-, B1-, B2C-vitamint tartalmaznak.<\/p>\n","protected":false},"featured_media":16822,"comment_status":"closed","ping_status":"closed","template":"","meta":[],"product_brand":[],"product_cat":[442],"product_tag":[],"class_list":{"0":"post-16821","1":"product","2":"type-product","3":"status-publish","4":"has-post-thumbnail","6":"product_cat-micro-greens-organic-sprounting","8":"first","9":"instock","10":"taxable","11":"shipping-taxable","12":"purchasable","13":"product-type-simple"},"_links":{"self":[{"href":"https:\/\/chilimag.hu\/webshop\/wp-json\/wp\/v2\/product\/16821","targetHints":{"allow":["GET"]}}],"collection":[{"href":"https:\/\/chilimag.hu\/webshop\/wp-json\/wp\/v2\/product"}],"about":[{"href":"https:\/\/chilimag.hu\/webshop\/wp-json\/wp\/v2\/types\/product"}],"replies":[{"embeddable":true,"href":"https:\/\/chilimag.hu\/webshop\/wp-json\/wp\/v2\/comments?post=16821"}],"wp:featuredmedia":[{"embeddable":true,"href":"https:\/\/chilimag.hu\/webshop\/wp-json\/wp\/v2\/media\/16822"}],"wp:attachment":[{"href":"https:\/\/chilimag.hu\/webshop\/wp-json\/wp\/v2\/media?parent=16821"}],"wp:term":[{"taxonomy":"product_brand","embeddable":true,"href":"https:\/\/chilimag.hu\/webshop\/wp-json\/wp\/v2\/product_brand?post=16821"},{"taxonomy":"product_cat","embeddable":true,"href":"https:\/\/chilimag.hu\/webshop\/wp-json\/wp\/v2\/product_cat?post=16821"},{"taxonomy":"product_tag","embeddable":true,"href":"https:\/\/chilimag.hu\/webshop\/wp-json\/wp\/v2\/product_tag?post=16821"}],"curies":[{"name":"wp","href":"https:\/\/api.w.org\/{rel}","templated":true}]}}