{"id":16815,"date":"2022-01-26T19:36:22","date_gmt":"2022-01-26T19:36:22","guid":{"rendered":"https:\/\/chilimag.hu\/webshop\/?post_type=product&#038;p=16815"},"modified":"2026-01-22T20:24:34","modified_gmt":"2026-01-22T20:24:34","slug":"erdei-lorom-h-microgreens","status":"publish","type":"product","link":"https:\/\/chilimag.hu\/webshop\/termek\/erdei-lorom-h-microgreens\/","title":{"rendered":"Erdei l\u00f3rom MicroGreens Bz H"},"content":{"rendered":"","protected":false},"excerpt":{"rendered":"<p>Botanikai n\u00e9v:\u00a0<span class=\"value\">Rumex sanguineus<\/span><\/p>\n<p>Vil\u00e1gosz\u00f6ld level\u00e9nek, s\u00f6t\u00e9tv\u00f6r\u00f6s ereivel az egyik legszembet\u0171n\u0151bb mikrolev\u00e9l. Az enyh\u00e9n savanyk\u00e1s \u00edz j\u00f3l illik a toj\u00e1sos, sajtos \u00e9s hal\u00e9telekhez. H\u00e1rom h\u00e9t ut\u00e1n betakar\u00edthat\u00f3.<\/p>\n<p>A mikroz\u00f6ldek olyan z\u00f6lds\u00e9gek \u00e9s f\u0171szern\u00f6v\u00e9nyek, amelyeket kor\u00e1n betakar\u00edtanak \u00e9s nyersen fogyasztanak. K\u00e9t csoportra oszthat\u00f3k.<br \/>\nMikrolevelek: a maglevelet \u00e9s a hozz\u00e1tartoz\u00f3 sz\u00e1rat vagy sz\u00e1rat is betakar\u00edtsuk; a cs\u00edr\u00e1t.<br \/>\nBabalevelek: szedj\u00fck le a hajt\u00e1sokat, \u00e9s egy\u00fck meg a fiatal levelet.<\/p>\n<p>Vet\u00e9shez: sz\u00f3rjuk a magokat a f\u00f6ldre, \u00e9s takarjuk be v\u00e9kony f\u00f6ldr\u00e9teggel, tartsuk nedvesen.<\/p>\n<p>&nbsp;<\/p>\n","protected":false},"featured_media":16816,"comment_status":"closed","ping_status":"closed","template":"","meta":[],"product_brand":[],"product_cat":[442],"product_tag":[],"class_list":{"0":"post-16815","1":"product","2":"type-product","3":"status-publish","4":"has-post-thumbnail","6":"product_cat-micro-greens-organic-sprounting","8":"first","9":"instock","10":"taxable","11":"shipping-taxable","12":"purchasable","13":"product-type-simple"},"_links":{"self":[{"href":"https:\/\/chilimag.hu\/webshop\/wp-json\/wp\/v2\/product\/16815","targetHints":{"allow":["GET"]}}],"collection":[{"href":"https:\/\/chilimag.hu\/webshop\/wp-json\/wp\/v2\/product"}],"about":[{"href":"https:\/\/chilimag.hu\/webshop\/wp-json\/wp\/v2\/types\/product"}],"replies":[{"embeddable":true,"href":"https:\/\/chilimag.hu\/webshop\/wp-json\/wp\/v2\/comments?post=16815"}],"wp:featuredmedia":[{"embeddable":true,"href":"https:\/\/chilimag.hu\/webshop\/wp-json\/wp\/v2\/media\/16816"}],"wp:attachment":[{"href":"https:\/\/chilimag.hu\/webshop\/wp-json\/wp\/v2\/media?parent=16815"}],"wp:term":[{"taxonomy":"product_brand","embeddable":true,"href":"https:\/\/chilimag.hu\/webshop\/wp-json\/wp\/v2\/product_brand?post=16815"},{"taxonomy":"product_cat","embeddable":true,"href":"https:\/\/chilimag.hu\/webshop\/wp-json\/wp\/v2\/product_cat?post=16815"},{"taxonomy":"product_tag","embeddable":true,"href":"https:\/\/chilimag.hu\/webshop\/wp-json\/wp\/v2\/product_tag?post=16815"}],"curies":[{"name":"wp","href":"https:\/\/api.w.org\/{rel}","templated":true}]}}