{"id":16809,"date":"2022-01-26T19:11:12","date_gmt":"2022-01-26T19:11:12","guid":{"rendered":"https:\/\/chilimag.hu\/webshop\/?post_type=product&#038;p=16809"},"modified":"2026-04-13T11:25:21","modified_gmt":"2026-04-13T11:25:21","slug":"tomatillo-mexikoi-foldicseresznye-h-xotica","status":"publish","type":"product","link":"https:\/\/chilimag.hu\/webshop\/termek\/tomatillo-mexikoi-foldicseresznye-h-xotica\/","title":{"rendered":"Tomatillo Mexik\u00f3i f\u00f6ldicseresznye Bz-Xotica H"},"content":{"rendered":"","protected":false},"excerpt":{"rendered":"<p><img decoding=\"async\" class=\"img-responsive\" title=\"Buzzy Seeds\" src=\"https:\/\/tuinplus.nl\/Documents\/Images\/Banners\/Buzzy_Roll_Over.jpg\" alt=\"Buzzy Seeds\" \/><\/p>\n<p>Botanikai n\u00e9v:\u00a0<span id=\"column_2_uc_product_details_ctl04_lbl_ff_desc2\" class=\"value\">Physalis ixocarpa<\/span><\/p>\n<p><span id=\"column_2_uc_product_details_ctl04_lbl_ff_desc2\" class=\"value\">Tomatillo<br \/>\nBelt\u00e9ri vet\u00e9s m\u00e1rcius-\u00e1prilis k\u00f6z\u00f6tt 20-22\u00baC. \u00dcltesse ki a szabadba, napos helyre, m\u00e1just\u00f3l 40 cm t\u00e1vols\u00e1gra, vagy nagy vir\u00e1gcserepekbe. Min\u00e9l t\u00f6bbet s\u00fct a nap, ann\u00e1l<br \/>\n\u00e9desebb lesz a gy\u00fcm\u00f6lcs.<br \/>\nGy\u00fcm\u00f6lcsei l\u00e1gyak, \u00e9des-savany\u00faak \u00e9s vitaminokban gazdagok. Megeheted \u0151ket<br \/>\nnyersen, k\u00e9sz\u00edtsen chutney-t, vagy haszn\u00e1lja m\u00e1rt\u00e1sban (sals verder). K\u00f6r\u00fclbel\u00fcl k\u00e9t h\u00e9tig t\u00e1rolhatja \u0151ket h\u0171t\u0151szekr\u00e9nyben.<\/span><\/p>\n<p>&nbsp;<\/p>\n","protected":false},"featured_media":16810,"comment_status":"closed","ping_status":"closed","template":"","meta":[],"product_brand":[],"product_cat":[440],"product_tag":[],"class_list":{"0":"post-16809","1":"product","2":"type-product","3":"status-publish","4":"has-post-thumbnail","6":"product_cat-xotica-collection","8":"first","9":"instock","10":"taxable","11":"shipping-taxable","12":"purchasable","13":"product-type-simple"},"_links":{"self":[{"href":"https:\/\/chilimag.hu\/webshop\/wp-json\/wp\/v2\/product\/16809","targetHints":{"allow":["GET"]}}],"collection":[{"href":"https:\/\/chilimag.hu\/webshop\/wp-json\/wp\/v2\/product"}],"about":[{"href":"https:\/\/chilimag.hu\/webshop\/wp-json\/wp\/v2\/types\/product"}],"replies":[{"embeddable":true,"href":"https:\/\/chilimag.hu\/webshop\/wp-json\/wp\/v2\/comments?post=16809"}],"wp:featuredmedia":[{"embeddable":true,"href":"https:\/\/chilimag.hu\/webshop\/wp-json\/wp\/v2\/media\/16810"}],"wp:attachment":[{"href":"https:\/\/chilimag.hu\/webshop\/wp-json\/wp\/v2\/media?parent=16809"}],"wp:term":[{"taxonomy":"product_brand","embeddable":true,"href":"https:\/\/chilimag.hu\/webshop\/wp-json\/wp\/v2\/product_brand?post=16809"},{"taxonomy":"product_cat","embeddable":true,"href":"https:\/\/chilimag.hu\/webshop\/wp-json\/wp\/v2\/product_cat?post=16809"},{"taxonomy":"product_tag","embeddable":true,"href":"https:\/\/chilimag.hu\/webshop\/wp-json\/wp\/v2\/product_tag?post=16809"}],"curies":[{"name":"wp","href":"https:\/\/api.w.org\/{rel}","templated":true}]}}