{"id":16780,"date":"2022-01-26T18:34:54","date_gmt":"2022-01-26T18:34:54","guid":{"rendered":"https:\/\/chilimag.hu\/webshop\/?post_type=product&#038;p=16780"},"modified":"2025-01-26T18:16:48","modified_gmt":"2025-01-26T18:16:48","slug":"tok-baby-bear-h-ornamental","status":"publish","type":"product","link":"https:\/\/chilimag.hu\/webshop\/termek\/tok-baby-bear-h-ornamental\/","title":{"rendered":"T\u00f6k Baby Bear BZ-Ornamental H"},"content":{"rendered":"","protected":false},"excerpt":{"rendered":"<p>Botanikai n\u00e9v:\u00a0<span id=\"column_2_uc_product_details_ctl04_lbl_ff_desc2\" class=\"value\">Cucurbita Pepo<\/span><\/p>\n<p><span id=\"column_2_uc_product_details_ctl04_lbl_ff_desc2\" class=\"value\">T\u00f6k &#8211; Baby Bear<br \/>\nTavasz k\u00f6zep\u00e9t\u0151l ny\u00e1r elej\u00e9ig ny\u00edlt terepen, mag\u00e1gyban. J\u00f3l tr\u00e1gy\u00e1zott talajba \u00fcltess\u00fck.<br \/>\nK\u00f6zepes nagy, kerek narancss\u00e1rga t\u00f6k, t\u00f6p\u00f6r\u00f6d\u00f6tt b\u0151rrel. F\u0151z\u00e9shez, bef\u0151z\u00e9shez \u00e9s t\u00f6ltel\u00e9khez kiv\u00e1l\u00f3 ez a fajta.<\/span><\/p>\n<p>&nbsp;<\/p>\n","protected":false},"featured_media":16781,"comment_status":"closed","ping_status":"closed","template":"","meta":[],"product_brand":[],"product_cat":[441],"product_tag":[],"class_list":{"0":"post-16780","1":"product","2":"type-product","3":"status-publish","4":"has-post-thumbnail","6":"product_cat-ornamental-collection-grasses","8":"first","9":"instock","10":"taxable","11":"shipping-taxable","12":"purchasable","13":"product-type-simple"},"_links":{"self":[{"href":"https:\/\/chilimag.hu\/webshop\/wp-json\/wp\/v2\/product\/16780","targetHints":{"allow":["GET"]}}],"collection":[{"href":"https:\/\/chilimag.hu\/webshop\/wp-json\/wp\/v2\/product"}],"about":[{"href":"https:\/\/chilimag.hu\/webshop\/wp-json\/wp\/v2\/types\/product"}],"replies":[{"embeddable":true,"href":"https:\/\/chilimag.hu\/webshop\/wp-json\/wp\/v2\/comments?post=16780"}],"wp:featuredmedia":[{"embeddable":true,"href":"https:\/\/chilimag.hu\/webshop\/wp-json\/wp\/v2\/media\/16781"}],"wp:attachment":[{"href":"https:\/\/chilimag.hu\/webshop\/wp-json\/wp\/v2\/media?parent=16780"}],"wp:term":[{"taxonomy":"product_brand","embeddable":true,"href":"https:\/\/chilimag.hu\/webshop\/wp-json\/wp\/v2\/product_brand?post=16780"},{"taxonomy":"product_cat","embeddable":true,"href":"https:\/\/chilimag.hu\/webshop\/wp-json\/wp\/v2\/product_cat?post=16780"},{"taxonomy":"product_tag","embeddable":true,"href":"https:\/\/chilimag.hu\/webshop\/wp-json\/wp\/v2\/product_tag?post=16780"}],"curies":[{"name":"wp","href":"https:\/\/api.w.org\/{rel}","templated":true}]}}