{"id":16754,"date":"2022-01-26T19:16:02","date_gmt":"2022-01-26T19:16:02","guid":{"rendered":"https:\/\/chilimag.hu\/webshop\/?post_type=product&#038;p=16754"},"modified":"2026-02-10T11:17:41","modified_gmt":"2026-02-10T11:17:41","slug":"szemermes-mimoza-h-ht","status":"publish","type":"product","link":"https:\/\/chilimag.hu\/webshop\/termek\/szemermes-mimoza-h-ht\/","title":{"rendered":"Szem\u00e9rmes mim\u00f3za Ht H"},"content":{"rendered":"","protected":false},"excerpt":{"rendered":"<p><img decoding=\"async\" class=\"img-responsive\" title=\"Horti Tops\" src=\"https:\/\/tuinplus.nl\/Documents\/Images\/Banners\/Horti_Tops_Roll_Over.jpg\" alt=\"Horti Tops\" \/><\/p>\n<p>Botanikai n\u00e9v:<span id=\"column_2_uc_product_details_ctl04_lbl_ff_desc2\" class=\"value\">Mimosa pudica<\/span><\/p>\n<p><span id=\"column_2_uc_product_details_ctl04_lbl_ff_desc2\" class=\"value\">\u00c9rz\u00e9keny n\u00f6v\u00e9ny<br \/>\nBelt\u00e9rben eg\u00e9sz \u00e9vben termeszthet\u0151 kb. 20\u00b0C-on, egy magt\u00e1lc\u00e1ba, \u00e9s egyszer-k\u00e9tszer sz\u00farjuk ki. Amikor a leveleket meg\u00e9rintik, \u00f6sszehajtj\u00e1k \u00e9s lel\u00f3gnak. Kibontakozik azut\u00e1n, hogy egy ideig nem \u00e9rintj\u00fck.<\/span><\/p>\n<p>&nbsp;<\/p>\n","protected":false},"featured_media":16755,"comment_status":"closed","ping_status":"closed","template":"","meta":[],"product_brand":[],"product_cat":[438],"product_tag":[],"class_list":{"0":"post-16754","1":"product","2":"type-product","3":"status-publish","4":"has-post-thumbnail","6":"product_cat-horti-tops","8":"first","9":"outofstock","10":"taxable","11":"shipping-taxable","12":"purchasable","13":"product-type-simple"},"_links":{"self":[{"href":"https:\/\/chilimag.hu\/webshop\/wp-json\/wp\/v2\/product\/16754","targetHints":{"allow":["GET"]}}],"collection":[{"href":"https:\/\/chilimag.hu\/webshop\/wp-json\/wp\/v2\/product"}],"about":[{"href":"https:\/\/chilimag.hu\/webshop\/wp-json\/wp\/v2\/types\/product"}],"replies":[{"embeddable":true,"href":"https:\/\/chilimag.hu\/webshop\/wp-json\/wp\/v2\/comments?post=16754"}],"wp:featuredmedia":[{"embeddable":true,"href":"https:\/\/chilimag.hu\/webshop\/wp-json\/wp\/v2\/media\/16755"}],"wp:attachment":[{"href":"https:\/\/chilimag.hu\/webshop\/wp-json\/wp\/v2\/media?parent=16754"}],"wp:term":[{"taxonomy":"product_brand","embeddable":true,"href":"https:\/\/chilimag.hu\/webshop\/wp-json\/wp\/v2\/product_brand?post=16754"},{"taxonomy":"product_cat","embeddable":true,"href":"https:\/\/chilimag.hu\/webshop\/wp-json\/wp\/v2\/product_cat?post=16754"},{"taxonomy":"product_tag","embeddable":true,"href":"https:\/\/chilimag.hu\/webshop\/wp-json\/wp\/v2\/product_tag?post=16754"}],"curies":[{"name":"wp","href":"https:\/\/api.w.org\/{rel}","templated":true}]}}