{"id":16728,"date":"2022-01-25T20:26:55","date_gmt":"2022-01-25T20:26:55","guid":{"rendered":"https:\/\/chilimag.hu\/webshop\/?post_type=product&#038;p=16728"},"modified":"2024-07-23T17:56:13","modified_gmt":"2024-07-23T17:56:13","slug":"erdei-csillagfurt-h-bz","status":"publish","type":"product","link":"https:\/\/chilimag.hu\/webshop\/termek\/erdei-csillagfurt-h-bz\/","title":{"rendered":"Erdei csillagf\u00fcrt H Bz"},"content":{"rendered":"","protected":false},"excerpt":{"rendered":"<p><img fetchpriority=\"high\" decoding=\"async\" class=\"attachment-medium size-medium\" src=\"https:\/\/purchasingpowerplus.com\/wp-content\/uploads\/2021\/05\/Buzzy-Logo-300x239.jpg\" sizes=\"(max-width: 300px) 100vw, 300px\" srcset=\"https:\/\/purchasingpowerplus.com\/wp-content\/uploads\/2021\/05\/Buzzy-Logo-300x239.jpg 300w, https:\/\/purchasingpowerplus.com\/wp-content\/uploads\/2021\/05\/Buzzy-Logo-768x612.jpg 768w, https:\/\/purchasingpowerplus.com\/wp-content\/uploads\/2021\/05\/Buzzy-Logo-1024x816.jpg 1024w, https:\/\/purchasingpowerplus.com\/wp-content\/uploads\/2021\/05\/Buzzy-Logo.jpg 1500w\" alt=\"\" width=\"300\" height=\"239\" \/><\/p>\n<p>Botanikai n\u00e9v: <span id=\"column_2_uc_product_details_ctl04_lbl_ff_desc2\" class=\"value\">Lupinus polyphyllus<\/span><\/p>\n<p><span id=\"column_2_uc_product_details_ctl04_lbl_ff_desc2\" class=\"value\">Tavasz k\u00f6zep\u00e9t\u0151l ny\u00e1r k\u00f6zep\u00e9ig vess\u00fck mag\u00e1gyba, \u00e9s k\u00e9s\u0151 \u0151sszel \u00fcltess\u00fck \u00e1t. T\u00f6bbnyire k\u00e9tsz\u00edn\u0171 vir\u00e1gok kever\u00e9ke, szeg\u00e9lyben pomp\u00e1s. A cs\u00edr\u00e1z\u00e1s lass\u00fa.<\/span><\/p>\n<p>&nbsp;<\/p>\n","protected":false},"featured_media":16729,"comment_status":"closed","ping_status":"closed","template":"","meta":[],"product_brand":[],"product_cat":[439],"product_tag":[],"class_list":{"0":"post-16728","1":"product","2":"type-product","3":"status-publish","4":"has-post-thumbnail","6":"product_cat-buzzy","8":"first","9":"outofstock","10":"taxable","11":"shipping-taxable","12":"purchasable","13":"product-type-simple"},"_links":{"self":[{"href":"https:\/\/chilimag.hu\/webshop\/wp-json\/wp\/v2\/product\/16728","targetHints":{"allow":["GET"]}}],"collection":[{"href":"https:\/\/chilimag.hu\/webshop\/wp-json\/wp\/v2\/product"}],"about":[{"href":"https:\/\/chilimag.hu\/webshop\/wp-json\/wp\/v2\/types\/product"}],"replies":[{"embeddable":true,"href":"https:\/\/chilimag.hu\/webshop\/wp-json\/wp\/v2\/comments?post=16728"}],"wp:featuredmedia":[{"embeddable":true,"href":"https:\/\/chilimag.hu\/webshop\/wp-json\/wp\/v2\/media\/16729"}],"wp:attachment":[{"href":"https:\/\/chilimag.hu\/webshop\/wp-json\/wp\/v2\/media?parent=16728"}],"wp:term":[{"taxonomy":"product_brand","embeddable":true,"href":"https:\/\/chilimag.hu\/webshop\/wp-json\/wp\/v2\/product_brand?post=16728"},{"taxonomy":"product_cat","embeddable":true,"href":"https:\/\/chilimag.hu\/webshop\/wp-json\/wp\/v2\/product_cat?post=16728"},{"taxonomy":"product_tag","embeddable":true,"href":"https:\/\/chilimag.hu\/webshop\/wp-json\/wp\/v2\/product_tag?post=16728"}],"curies":[{"name":"wp","href":"https:\/\/api.w.org\/{rel}","templated":true}]}}