{"id":16713,"date":"2022-01-25T19:58:00","date_gmt":"2022-01-25T19:58:00","guid":{"rendered":"https:\/\/chilimag.hu\/webshop\/?post_type=product&#038;p=16713"},"modified":"2024-11-06T19:14:36","modified_gmt":"2024-11-06T19:14:36","slug":"izsop-h-ht","status":"publish","type":"product","link":"https:\/\/chilimag.hu\/webshop\/termek\/izsop-h-ht\/","title":{"rendered":"Izs\u00f3p H Ht"},"content":{"rendered":"","protected":false},"excerpt":{"rendered":"<p><img decoding=\"async\" class=\"img-responsive\" title=\"Horti Tops\" src=\"https:\/\/tuinplus.nl\/Documents\/Images\/Banners\/Horti_Tops_Roll_Over.jpg\" alt=\"Horti Tops\" \/><\/p>\n<p>Botanikai n\u00e9v:<br \/>\nHyssopus officinali<\/p>\n<p>Izs\u00f3p<br \/>\nNy\u00edlt terepen, mag\u00e1gyban ny\u00e1r elej\u00e9t\u0151l k\u00f6zep\u00e9ig. Egyszer sz\u00farjuk ki, majd \u00fcltess\u00fck ki, vagy vess\u00fck k\u00f6zvetlen\u00fcl a szabadba sorokba, \u00e9s ritk\u00edtsuk. Felhaszn\u00e1l\u00e1s: a friss levelek h\u00fas\u00e9telek, t\u00far\u00f3s, toj\u00e1sos \u00e9telek \u00edzes\u00edt\u00e9s\u00e9re \u00e9s f\u0151zetk\u00e9nt.<\/p>\n<p>&nbsp;<\/p>\n","protected":false},"featured_media":16714,"comment_status":"closed","ping_status":"closed","template":"","meta":[],"product_brand":[],"product_cat":[438],"product_tag":[],"class_list":{"0":"post-16713","1":"product","2":"type-product","3":"status-publish","4":"has-post-thumbnail","6":"product_cat-horti-tops","8":"first","9":"instock","10":"taxable","11":"shipping-taxable","12":"purchasable","13":"product-type-simple"},"_links":{"self":[{"href":"https:\/\/chilimag.hu\/webshop\/wp-json\/wp\/v2\/product\/16713","targetHints":{"allow":["GET"]}}],"collection":[{"href":"https:\/\/chilimag.hu\/webshop\/wp-json\/wp\/v2\/product"}],"about":[{"href":"https:\/\/chilimag.hu\/webshop\/wp-json\/wp\/v2\/types\/product"}],"replies":[{"embeddable":true,"href":"https:\/\/chilimag.hu\/webshop\/wp-json\/wp\/v2\/comments?post=16713"}],"wp:featuredmedia":[{"embeddable":true,"href":"https:\/\/chilimag.hu\/webshop\/wp-json\/wp\/v2\/media\/16714"}],"wp:attachment":[{"href":"https:\/\/chilimag.hu\/webshop\/wp-json\/wp\/v2\/media?parent=16713"}],"wp:term":[{"taxonomy":"product_brand","embeddable":true,"href":"https:\/\/chilimag.hu\/webshop\/wp-json\/wp\/v2\/product_brand?post=16713"},{"taxonomy":"product_cat","embeddable":true,"href":"https:\/\/chilimag.hu\/webshop\/wp-json\/wp\/v2\/product_cat?post=16713"},{"taxonomy":"product_tag","embeddable":true,"href":"https:\/\/chilimag.hu\/webshop\/wp-json\/wp\/v2\/product_tag?post=16713"}],"curies":[{"name":"wp","href":"https:\/\/api.w.org\/{rel}","templated":true}]}}