{"id":16704,"date":"2022-01-25T19:47:08","date_gmt":"2022-01-25T19:47:08","guid":{"rendered":"https:\/\/chilimag.hu\/webshop\/?post_type=product&#038;p=16704"},"modified":"2025-05-21T18:48:36","modified_gmt":"2025-05-21T18:48:36","slug":"feherurom-h-ht","status":"publish","type":"product","link":"https:\/\/chilimag.hu\/webshop\/termek\/feherurom-h-ht\/","title":{"rendered":"Feh\u00e9r\u00fcr\u00f6m H Ht"},"content":{"rendered":"","protected":false},"excerpt":{"rendered":"<p><img decoding=\"async\" class=\"img-responsive\" title=\"Horti Tops\" src=\"https:\/\/tuinplus.nl\/Documents\/Images\/Banners\/Horti_Tops_Roll_Over.jpg\" alt=\"Horti Tops\" \/><\/p>\n<p>Botanikai n\u00e9v:<br \/>\nArtemisia absinthium\u00dcr\u00f6m<br \/>\nKora tavasszal vess\u00fck szapor\u00edt\u00f3g\u00e9pbe vagy \u00e1prilis-j\u00faniusban szabadba, mag\u00e1gyba. Ritk\u00edtsd \u00e9s \u00fcltesd ki \u00e1lland\u00f3 helyre. Korl\u00e1tozottan haszn\u00e1lhat\u00f3 alkoholtartalm\u00fa italokban, mert k\u00e1ros mell\u00e9khat\u00e1sai lehetnek. Az \u00fcr\u00f6m kivonatait orvosi kezel\u00e9sre haszn\u00e1lj\u00e1k.<\/p>\n<p>A csomag 0,25 gr magot tartalmaz<\/p>\n<p>&nbsp;<\/p>\n","protected":false},"featured_media":16705,"comment_status":"closed","ping_status":"closed","template":"","meta":[],"product_brand":[],"product_cat":[438],"product_tag":[],"class_list":{"0":"post-16704","1":"product","2":"type-product","3":"status-publish","4":"has-post-thumbnail","6":"product_cat-horti-tops","8":"first","9":"instock","10":"taxable","11":"shipping-taxable","12":"purchasable","13":"product-type-simple"},"_links":{"self":[{"href":"https:\/\/chilimag.hu\/webshop\/wp-json\/wp\/v2\/product\/16704","targetHints":{"allow":["GET"]}}],"collection":[{"href":"https:\/\/chilimag.hu\/webshop\/wp-json\/wp\/v2\/product"}],"about":[{"href":"https:\/\/chilimag.hu\/webshop\/wp-json\/wp\/v2\/types\/product"}],"replies":[{"embeddable":true,"href":"https:\/\/chilimag.hu\/webshop\/wp-json\/wp\/v2\/comments?post=16704"}],"wp:featuredmedia":[{"embeddable":true,"href":"https:\/\/chilimag.hu\/webshop\/wp-json\/wp\/v2\/media\/16705"}],"wp:attachment":[{"href":"https:\/\/chilimag.hu\/webshop\/wp-json\/wp\/v2\/media?parent=16704"}],"wp:term":[{"taxonomy":"product_brand","embeddable":true,"href":"https:\/\/chilimag.hu\/webshop\/wp-json\/wp\/v2\/product_brand?post=16704"},{"taxonomy":"product_cat","embeddable":true,"href":"https:\/\/chilimag.hu\/webshop\/wp-json\/wp\/v2\/product_cat?post=16704"},{"taxonomy":"product_tag","embeddable":true,"href":"https:\/\/chilimag.hu\/webshop\/wp-json\/wp\/v2\/product_tag?post=16704"}],"curies":[{"name":"wp","href":"https:\/\/api.w.org\/{rel}","templated":true}]}}