{"id":16698,"date":"2022-01-25T19:27:40","date_gmt":"2022-01-25T19:27:40","guid":{"rendered":"https:\/\/chilimag.hu\/webshop\/?post_type=product&#038;p=16698"},"modified":"2025-06-29T15:02:18","modified_gmt":"2025-06-29T15:02:18","slug":"szarnyas-feketeszem-mix-h-climbing","status":"publish","type":"product","link":"https:\/\/chilimag.hu\/webshop\/termek\/szarnyas-feketeszem-mix-h-climbing\/","title":{"rendered":"Sz\u00e1rnyas feketeszem mix Climbing Flowers Bz H"},"content":{"rendered":"","protected":false},"excerpt":{"rendered":"<p><img fetchpriority=\"high\" decoding=\"async\" class=\"attachment-medium size-medium\" src=\"https:\/\/purchasingpowerplus.com\/wp-content\/uploads\/2021\/05\/Buzzy-Logo-300x239.jpg\" sizes=\"(max-width: 300px) 100vw, 300px\" srcset=\"https:\/\/purchasingpowerplus.com\/wp-content\/uploads\/2021\/05\/Buzzy-Logo-300x239.jpg 300w, https:\/\/purchasingpowerplus.com\/wp-content\/uploads\/2021\/05\/Buzzy-Logo-768x612.jpg 768w, https:\/\/purchasingpowerplus.com\/wp-content\/uploads\/2021\/05\/Buzzy-Logo-1024x816.jpg 1024w, https:\/\/purchasingpowerplus.com\/wp-content\/uploads\/2021\/05\/Buzzy-Logo.jpg 1500w\" alt=\"\" width=\"300\" height=\"239\" \/><\/p>\n<p>Botanikai n\u00e9v:\u00a0<span id=\"column_2_uc_product_details_ctl04_lbl_ff_desc2\" class=\"value\">Thunbergia alata<\/span><\/p>\n<p><span id=\"column_2_uc_product_details_ctl04_lbl_ff_desc2\" class=\"value\">Fekete szem\u0171 Susan Vine &#8211; Vegyes<br \/>\nEg\u00e9sz \u00e9vben vethet\u0151 v\u00e9dett mag\u00e1gyba vagy nagy cser\u00e9pbe (3 vagy 4 mag egy cser\u00e9pben), 20\u00b0C alatti h\u0151m\u00e9rs\u00e9kleten. M\u00e1jus k\u00f6zepe ut\u00e1n is ki\u00fcltethet\u0151,<br \/>\nnapos \u00e9s v\u00e9dett helyen a kertbe. Eg\u00e9sz ny\u00e1ron vir\u00e1gzik. Thunbergia egy sz\u00e9p \u00e9ves hegym\u00e1sz\u00f3 narancss\u00e1rga, feh\u00e9r \u00e9s s\u00e1rga sz\u00ednekkel<br \/>\nvir\u00e1gok. A n\u00f6v\u00e9ny el\u00e9rheti a 10 l\u00e1b (3 m\u00e9ter) magass\u00e1got is.<\/span><\/p>\n<p>A csomag 0,5 gr magot tartalmaz<\/p>\n","protected":false},"featured_media":16699,"comment_status":"closed","ping_status":"closed","template":"","meta":[],"product_brand":[],"product_cat":[446],"product_tag":[],"class_list":{"0":"post-16698","1":"product","2":"type-product","3":"status-publish","4":"has-post-thumbnail","6":"product_cat-poppy-climbing-sunny-flowers","8":"first","9":"instock","10":"taxable","11":"shipping-taxable","12":"purchasable","13":"product-type-simple"},"_links":{"self":[{"href":"https:\/\/chilimag.hu\/webshop\/wp-json\/wp\/v2\/product\/16698","targetHints":{"allow":["GET"]}}],"collection":[{"href":"https:\/\/chilimag.hu\/webshop\/wp-json\/wp\/v2\/product"}],"about":[{"href":"https:\/\/chilimag.hu\/webshop\/wp-json\/wp\/v2\/types\/product"}],"replies":[{"embeddable":true,"href":"https:\/\/chilimag.hu\/webshop\/wp-json\/wp\/v2\/comments?post=16698"}],"wp:featuredmedia":[{"embeddable":true,"href":"https:\/\/chilimag.hu\/webshop\/wp-json\/wp\/v2\/media\/16699"}],"wp:attachment":[{"href":"https:\/\/chilimag.hu\/webshop\/wp-json\/wp\/v2\/media?parent=16698"}],"wp:term":[{"taxonomy":"product_brand","embeddable":true,"href":"https:\/\/chilimag.hu\/webshop\/wp-json\/wp\/v2\/product_brand?post=16698"},{"taxonomy":"product_cat","embeddable":true,"href":"https:\/\/chilimag.hu\/webshop\/wp-json\/wp\/v2\/product_cat?post=16698"},{"taxonomy":"product_tag","embeddable":true,"href":"https:\/\/chilimag.hu\/webshop\/wp-json\/wp\/v2\/product_tag?post=16698"}],"curies":[{"name":"wp","href":"https:\/\/api.w.org\/{rel}","templated":true}]}}