{"id":16678,"date":"2022-01-25T18:23:35","date_gmt":"2022-01-25T18:23:35","guid":{"rendered":"https:\/\/chilimag.hu\/webshop\/?post_type=product&#038;p=16678"},"modified":"2024-08-14T07:38:30","modified_gmt":"2024-08-14T07:38:30","slug":"orvosi-macskagyoker-h-ht","status":"publish","type":"product","link":"https:\/\/chilimag.hu\/webshop\/termek\/orvosi-macskagyoker-h-ht\/","title":{"rendered":"Orvosi macskagy\u00f6k\u00e9r H Ht"},"content":{"rendered":"","protected":false},"excerpt":{"rendered":"<p><img decoding=\"async\" class=\"img-responsive\" title=\"Horti Tops\" src=\"https:\/\/tuinplus.nl\/Documents\/Images\/Banners\/Horti_Tops_Roll_Over.jpg\" alt=\"Horti Tops\" \/><\/p>\n<p>Botanikai n\u00e9v:\u00a0Valeriana officinali<\/p>\n<p>Macskagy\u00f6k\u00e9r<br \/>\nTavasszal a szabadban mag\u00e1gyon. Egyszer sz\u00farjuk ki, \u00e9s \u0151sszel \u00fcltess\u00fck \u00e1t a v\u00e9gs\u0151 \u00fcltet\u00e9si poz\u00edci\u00f3ba. Felhaszn\u00e1l\u00e1s: lev\u00e9nek a gy\u00f6kerekb\u0151l val\u00f3 kivon\u00e1s\u00e1ra. Idegbetegs\u00e9gekre \u00e9s alv\u00e1shi\u00e1nyra haszn\u00e1lj\u00e1k te\u00e1kba.<\/p>\n<p>&nbsp;<\/p>\n","protected":false},"featured_media":16679,"comment_status":"closed","ping_status":"closed","template":"","meta":[],"product_brand":[],"product_cat":[438],"product_tag":[],"class_list":{"0":"post-16678","1":"product","2":"type-product","3":"status-publish","4":"has-post-thumbnail","6":"product_cat-horti-tops","8":"first","9":"instock","10":"taxable","11":"shipping-taxable","12":"purchasable","13":"product-type-simple"},"_links":{"self":[{"href":"https:\/\/chilimag.hu\/webshop\/wp-json\/wp\/v2\/product\/16678","targetHints":{"allow":["GET"]}}],"collection":[{"href":"https:\/\/chilimag.hu\/webshop\/wp-json\/wp\/v2\/product"}],"about":[{"href":"https:\/\/chilimag.hu\/webshop\/wp-json\/wp\/v2\/types\/product"}],"replies":[{"embeddable":true,"href":"https:\/\/chilimag.hu\/webshop\/wp-json\/wp\/v2\/comments?post=16678"}],"wp:featuredmedia":[{"embeddable":true,"href":"https:\/\/chilimag.hu\/webshop\/wp-json\/wp\/v2\/media\/16679"}],"wp:attachment":[{"href":"https:\/\/chilimag.hu\/webshop\/wp-json\/wp\/v2\/media?parent=16678"}],"wp:term":[{"taxonomy":"product_brand","embeddable":true,"href":"https:\/\/chilimag.hu\/webshop\/wp-json\/wp\/v2\/product_brand?post=16678"},{"taxonomy":"product_cat","embeddable":true,"href":"https:\/\/chilimag.hu\/webshop\/wp-json\/wp\/v2\/product_cat?post=16678"},{"taxonomy":"product_tag","embeddable":true,"href":"https:\/\/chilimag.hu\/webshop\/wp-json\/wp\/v2\/product_tag?post=16678"}],"curies":[{"name":"wp","href":"https:\/\/api.w.org\/{rel}","templated":true}]}}