{"id":16644,"date":"2022-01-24T18:50:56","date_gmt":"2022-01-24T18:50:56","guid":{"rendered":"https:\/\/chilimag.hu\/webshop\/?post_type=product&#038;p=16644"},"modified":"2026-04-21T14:13:19","modified_gmt":"2026-04-21T14:13:19","slug":"pepino-tojasdinnye","status":"publish","type":"product","link":"https:\/\/chilimag.hu\/webshop\/termek\/pepino-tojasdinnye\/","title":{"rendered":"Pepino toj\u00e1sdinnye Xotica Bz H"},"content":{"rendered":"","protected":false},"excerpt":{"rendered":"<p><img fetchpriority=\"high\" decoding=\"async\" class=\"attachment-medium size-medium\" src=\"https:\/\/purchasingpowerplus.com\/wp-content\/uploads\/2021\/05\/Buzzy-Logo-300x239.jpg\" sizes=\"(max-width: 300px) 100vw, 300px\" srcset=\"https:\/\/purchasingpowerplus.com\/wp-content\/uploads\/2021\/05\/Buzzy-Logo-300x239.jpg 300w, https:\/\/purchasingpowerplus.com\/wp-content\/uploads\/2021\/05\/Buzzy-Logo-768x612.jpg 768w, https:\/\/purchasingpowerplus.com\/wp-content\/uploads\/2021\/05\/Buzzy-Logo-1024x816.jpg 1024w, https:\/\/purchasingpowerplus.com\/wp-content\/uploads\/2021\/05\/Buzzy-Logo.jpg 1500w\" alt=\"\" width=\"300\" height=\"239\" \/><\/p>\n<p>Botanikai n\u00e9v :<span id=\"column_2_uc_product_details_ctl04_lbl_ff_desc2\" class=\"value\">Solanum muricatu<\/span><\/p>\n<p><span id=\"column_2_uc_product_details_ctl04_lbl_ff_desc2\" class=\"value\">Pepino \/ Dinnye k\u00f6rte<br \/>\nEz a gyeng\u00e9d \u00edz\u0171 gy\u00fcm\u00f6lcs frissen fogyaszthat\u00f3 gy\u00fcm\u00f6lcs- vagy z\u00f6lds\u00e9gsal\u00e1t\u00e1ban, vagy raguba f\u0151zve. Belt\u00e9ri d\u00edszn\u00f6v\u00e9nyk\u00e9nt is haszn\u00e1lj\u00e1k.<br \/>\nM\u00e1rciust\u00f3l z\u00e1rt vet\u00e9sbe 22-25\u00baC-on. \u00dcltess\u00fck ki hobbi \u00fcvegh\u00e1zban vagy nagy vir\u00e1gcser\u00e9pben. Tartsa fagymentesen. K\u00f6r\u00fclbel\u00fcl 9 h\u00f3nap eltelt\u00e9vel a n\u00f6v\u00e9ny elkezdi hozni els\u0151 term\u00e9s\u00e9t.<\/span><\/p>\n<p>A csomag 15 szem magot tartalmaz<\/p>\n","protected":false},"featured_media":16645,"comment_status":"closed","ping_status":"closed","template":"","meta":[],"product_brand":[],"product_cat":[440],"product_tag":[],"class_list":{"0":"post-16644","1":"product","2":"type-product","3":"status-publish","4":"has-post-thumbnail","6":"product_cat-xotica-collection","8":"first","9":"instock","10":"taxable","11":"shipping-taxable","12":"purchasable","13":"product-type-simple"},"_links":{"self":[{"href":"https:\/\/chilimag.hu\/webshop\/wp-json\/wp\/v2\/product\/16644","targetHints":{"allow":["GET"]}}],"collection":[{"href":"https:\/\/chilimag.hu\/webshop\/wp-json\/wp\/v2\/product"}],"about":[{"href":"https:\/\/chilimag.hu\/webshop\/wp-json\/wp\/v2\/types\/product"}],"replies":[{"embeddable":true,"href":"https:\/\/chilimag.hu\/webshop\/wp-json\/wp\/v2\/comments?post=16644"}],"wp:featuredmedia":[{"embeddable":true,"href":"https:\/\/chilimag.hu\/webshop\/wp-json\/wp\/v2\/media\/16645"}],"wp:attachment":[{"href":"https:\/\/chilimag.hu\/webshop\/wp-json\/wp\/v2\/media?parent=16644"}],"wp:term":[{"taxonomy":"product_brand","embeddable":true,"href":"https:\/\/chilimag.hu\/webshop\/wp-json\/wp\/v2\/product_brand?post=16644"},{"taxonomy":"product_cat","embeddable":true,"href":"https:\/\/chilimag.hu\/webshop\/wp-json\/wp\/v2\/product_cat?post=16644"},{"taxonomy":"product_tag","embeddable":true,"href":"https:\/\/chilimag.hu\/webshop\/wp-json\/wp\/v2\/product_tag?post=16644"}],"curies":[{"name":"wp","href":"https:\/\/api.w.org\/{rel}","templated":true}]}}