{"id":16642,"date":"2022-01-24T18:50:03","date_gmt":"2022-01-24T18:50:03","guid":{"rendered":"https:\/\/chilimag.hu\/webshop\/?post_type=product&#038;p=16642"},"modified":"2024-09-07T14:05:14","modified_gmt":"2024-09-07T14:05:14","slug":"kiwano-tuskes-uborka","status":"publish","type":"product","link":"https:\/\/chilimag.hu\/webshop\/termek\/kiwano-tuskes-uborka\/","title":{"rendered":"Kiwano T\u00fcsk\u00e9s uborka H Bz Xotica"},"content":{"rendered":"","protected":false},"excerpt":{"rendered":"<p><img fetchpriority=\"high\" decoding=\"async\" class=\"attachment-medium size-medium\" src=\"https:\/\/purchasingpowerplus.com\/wp-content\/uploads\/2021\/05\/Buzzy-Logo-300x239.jpg\" sizes=\"(max-width: 300px) 100vw, 300px\" srcset=\"https:\/\/purchasingpowerplus.com\/wp-content\/uploads\/2021\/05\/Buzzy-Logo-300x239.jpg 300w, https:\/\/purchasingpowerplus.com\/wp-content\/uploads\/2021\/05\/Buzzy-Logo-768x612.jpg 768w, https:\/\/purchasingpowerplus.com\/wp-content\/uploads\/2021\/05\/Buzzy-Logo-1024x816.jpg 1024w, https:\/\/purchasingpowerplus.com\/wp-content\/uploads\/2021\/05\/Buzzy-Logo.jpg 1500w\" alt=\"\" width=\"300\" height=\"239\" \/><\/p>\n<p>Botanikai n\u00e9v::Cucumis metuliferu<\/p>\n<p>Szarvas dinnye<br \/>\nA kiwano a citrom \u00e9s a ban\u00e1n friss, \u00e9des \u00edz\u00e9vel rendelkezik. Gy\u00fcm\u00f6lcssal\u00e1t\u00e1khoz \u00e9s desszertekhez haszn\u00e1lj\u00e1k.<br \/>\n\u00c1prilist\u00f3l j\u00faniusig belt\u00e9rben, cser\u00e9pben vess\u00fck 22-25\u00b0C-on. K\u00f6r\u00fclbel\u00fcl n\u00e9gy h\u00e9t m\u00falva \u00fcltess\u00fck ki egy hobbi\u00fcvegh\u00e1zban. A n\u00f6v\u00e9nyeknek f\u0171z\u00e9sre lesz sz\u00fcks\u00e9g\u00fck. A n\u0151i vir\u00e1gokat c\u00e9lszer\u0171 k\u00e9zzel beporozni.<\/p>\n<p>A csomag 10 szem magot tartalmaz<\/p>\n","protected":false},"featured_media":16643,"comment_status":"closed","ping_status":"closed","template":"","meta":[],"product_brand":[],"product_cat":[440],"product_tag":[],"class_list":{"0":"post-16642","1":"product","2":"type-product","3":"status-publish","4":"has-post-thumbnail","6":"product_cat-xotica-collection","8":"first","9":"instock","10":"taxable","11":"shipping-taxable","12":"purchasable","13":"product-type-simple"},"_links":{"self":[{"href":"https:\/\/chilimag.hu\/webshop\/wp-json\/wp\/v2\/product\/16642","targetHints":{"allow":["GET"]}}],"collection":[{"href":"https:\/\/chilimag.hu\/webshop\/wp-json\/wp\/v2\/product"}],"about":[{"href":"https:\/\/chilimag.hu\/webshop\/wp-json\/wp\/v2\/types\/product"}],"replies":[{"embeddable":true,"href":"https:\/\/chilimag.hu\/webshop\/wp-json\/wp\/v2\/comments?post=16642"}],"wp:featuredmedia":[{"embeddable":true,"href":"https:\/\/chilimag.hu\/webshop\/wp-json\/wp\/v2\/media\/16643"}],"wp:attachment":[{"href":"https:\/\/chilimag.hu\/webshop\/wp-json\/wp\/v2\/media?parent=16642"}],"wp:term":[{"taxonomy":"product_brand","embeddable":true,"href":"https:\/\/chilimag.hu\/webshop\/wp-json\/wp\/v2\/product_brand?post=16642"},{"taxonomy":"product_cat","embeddable":true,"href":"https:\/\/chilimag.hu\/webshop\/wp-json\/wp\/v2\/product_cat?post=16642"},{"taxonomy":"product_tag","embeddable":true,"href":"https:\/\/chilimag.hu\/webshop\/wp-json\/wp\/v2\/product_tag?post=16642"}],"curies":[{"name":"wp","href":"https:\/\/api.w.org\/{rel}","templated":true}]}}