{"id":16589,"date":"2022-01-22T16:06:12","date_gmt":"2022-01-22T16:06:12","guid":{"rendered":"https:\/\/chilimag.hu\/webshop\/?post_type=product&#038;p=16589"},"modified":"2023-02-04T06:56:34","modified_gmt":"2023-02-04T06:56:34","slug":"gardena-soveny-vago-ollo-394-20","status":"publish","type":"product","link":"https:\/\/chilimag.hu\/webshop\/termek\/gardena-soveny-vago-ollo-394-20\/","title":{"rendered":"Gardena S\u00f6v\u00e9ny v\u00e1g\u00f3 oll\u00f3 (394-20)"},"content":{"rendered":"","protected":false},"excerpt":{"rendered":"<p>A Gardena Comfort 700 T s\u00f6v\u00e9nyny\u00edr\u00f3 oll\u00f3 kit\u0171n\u0151en alkalmas a nagyobb, magasabb s\u00f6v\u00e9nyek ny\u00edr\u00e1s\u00e1ra. A teleszk\u00f3pos alum\u00edniumkarok 20 cm-rel meghosszabb\u00edthat\u00f3k, az \u00e1gak jobb el\u00e9rhet\u0151s\u00e9g\u00e9t biztos\u00edtva. Az ig\u00e9nybev\u00e9telt j\u00f3l t\u0171r\u0151, hossz\u00fa, hull\u00e1mcsiszolat\u00fa k\u00e9sek k\u00fcl\u00f6n\u00f6sen sima, hat\u00e9kony v\u00e1g\u00e1st eredm\u00e9nyeznek. A tapad\u00e1sg\u00e1tl\u00f3val bevont k\u00e9sek hossza 25 cm. A s\u00f6v\u00e9nyny\u00edr\u00f3 oll\u00f3 egyszer\u0171en kezelhet\u0151, karbantart\u00e1st nem ig\u00e9nyel. Az egyes vastagabb \u00e1gakhoz haszn\u00e1lhat\u00f3 integr\u00e1lt \u00e1gv\u00e1g\u00f3 m\u00e9g hat\u00e9konyabb\u00e1 teszi a munkav\u00e9gz\u00e9st. A s\u00f6v\u00e9nyny\u00edr\u00f3 oll\u00f3 teljes hossza 70-90 cm.<\/p>\n<div class=\"pad-top-sm\">\n<p class=\"text-uppercase\"><strong>\u00c1LTAL\u00c1NOS JELLEMZ\u0150K<\/strong><\/p>\n<div class=\"table-responsive\">\n<table class=\"table table-striped product-page-specifications\">\n<tbody>\n<tr>\n<td class=\"col-xs-4 text-muted\">Term\u00e9kt\u00edpus<\/td>\n<td class=\"col-xs-8\">Oll\u00f3<\/td>\n<\/tr>\n<tr>\n<td class=\"col-xs-4 text-muted\">Oll\u00f3 t\u00edpusa<\/td>\n<td class=\"col-xs-8\">Teleszk\u00f3pos<\/td>\n<\/tr>\n<tr>\n<td class=\"col-xs-4 text-muted\">Haszn\u00e1lat<\/td>\n<td class=\"col-xs-8\">Bokor<\/td>\n<\/tr>\n<tr>\n<td class=\"col-xs-4 text-muted\">Anyag<\/td>\n<td class=\"col-xs-8\">Alum\u00ednium<\/td>\n<\/tr>\n<tr>\n<td class=\"col-xs-4 text-muted\">Sz\u00edn<\/td>\n<td class=\"col-xs-8\">Fekete\/Z\u00f6ld<\/td>\n<\/tr>\n<\/tbody>\n<\/table>\n<\/div>\n<\/div>\n<div class=\"pad-top-sm\">\n<p class=\"text-uppercase\"><strong>M\u00c9RETEK<\/strong><\/p>\n<div class=\"table-responsive\">\n<table class=\"table table-striped product-page-specifications\">\n<tbody>\n<tr>\n<td class=\"col-xs-4 text-muted\">Penge hossza<\/td>\n<td class=\"col-xs-8\">25 cm<\/td>\n<\/tr>\n<\/tbody>\n<\/table>\n<\/div>\n<\/div>\n","protected":false},"featured_media":16590,"comment_status":"closed","ping_status":"closed","template":"","meta":[],"product_brand":[],"product_cat":[343],"product_tag":[],"class_list":{"0":"post-16589","1":"product","2":"type-product","3":"status-publish","4":"has-post-thumbnail","6":"product_cat-akciok","8":"first","9":"instock","10":"sale","11":"taxable","12":"shipping-taxable","13":"purchasable","14":"product-type-simple"},"_links":{"self":[{"href":"https:\/\/chilimag.hu\/webshop\/wp-json\/wp\/v2\/product\/16589","targetHints":{"allow":["GET"]}}],"collection":[{"href":"https:\/\/chilimag.hu\/webshop\/wp-json\/wp\/v2\/product"}],"about":[{"href":"https:\/\/chilimag.hu\/webshop\/wp-json\/wp\/v2\/types\/product"}],"replies":[{"embeddable":true,"href":"https:\/\/chilimag.hu\/webshop\/wp-json\/wp\/v2\/comments?post=16589"}],"wp:featuredmedia":[{"embeddable":true,"href":"https:\/\/chilimag.hu\/webshop\/wp-json\/wp\/v2\/media\/16590"}],"wp:attachment":[{"href":"https:\/\/chilimag.hu\/webshop\/wp-json\/wp\/v2\/media?parent=16589"}],"wp:term":[{"taxonomy":"product_brand","embeddable":true,"href":"https:\/\/chilimag.hu\/webshop\/wp-json\/wp\/v2\/product_brand?post=16589"},{"taxonomy":"product_cat","embeddable":true,"href":"https:\/\/chilimag.hu\/webshop\/wp-json\/wp\/v2\/product_cat?post=16589"},{"taxonomy":"product_tag","embeddable":true,"href":"https:\/\/chilimag.hu\/webshop\/wp-json\/wp\/v2\/product_tag?post=16589"}],"curies":[{"name":"wp","href":"https:\/\/api.w.org\/{rel}","templated":true}]}}