{"id":16587,"date":"2022-01-22T16:01:02","date_gmt":"2022-01-22T16:01:02","guid":{"rendered":"https:\/\/chilimag.hu\/webshop\/?post_type=product&#038;p=16587"},"modified":"2023-07-11T08:35:50","modified_gmt":"2023-07-11T08:35:50","slug":"gardena-fejsze-8719","status":"publish","type":"product","link":"https:\/\/chilimag.hu\/webshop\/termek\/gardena-fejsze-8719\/","title":{"rendered":"Gardena Fejsze (8719)"},"content":{"rendered":"","protected":false},"excerpt":{"rendered":"<p>Le\u00edr\u00e1s:<br \/>\nHat\u00e9konyabb r\u00f6nkhas\u00edt\u00f3 fejsze nagyobb r\u00f6nk\u00f6k has\u00edt\u00e1s\u00e1hoz. A fejszefej tapad\u00e1st-g\u00e1tl\u00f3val bevont, \u00edgy kisebb a s\u00farl\u00f3d\u00e1s, a fejsze k\u00f6nnyebben hatol be a f\u00e1ba. A fej geometri\u00e1ja igazodik a nagyobb m\u00e9ret\u0171 r\u00f6nk\u00f6k hasogat\u00e1s\u00e1nak munkafolyamat\u00e1hoz. Nemesac\u00e9l v\u00e9delem biztos\u00edtja a ny\u00e9l hossz\u00fa \u00e9lettartam\u00e1t. A fejsze fej\u00e9hez k\u00f6zel l\u00e9v\u0151 s\u00falypont t\u00f6k\u00e9letes egyens\u00falyt \u00e9s s\u00falyeloszt\u00e1st ny\u00fajt. Az optimaliz\u00e1lt fejszefej \u00e9s k\u00f6nny\u0171 ny\u00e9l kombin\u00e1ci\u00f3ja a v\u00e1g\u00e1sba koncentr\u00e1lja az er\u0151t, ami \u00e1ltal m\u00e9g k\u00f6nnyebb a r\u00f6nk\u00f6k hasogat\u00e1sa. Az \u00fcvegsz\u00e1l meger\u0151s\u00edt\u00e9s\u0171 poliamid ny\u00e9l \u00e1ltal a fejsze tart\u00f3s \u00e9s robusztus. A kalap\u00e1cs funkci\u00f3 \u00e1ltal az \u00e9kek bever\u00e9se hat\u00e9konyabb (ne haszn\u00e1lja ac\u00e9l \u00e9khez). A GARDENA 10 \u00e9v szavatoss\u00e1got garant\u00e1l erre a fejsz\u00e9re.<br \/>\nny\u00e9l: 70 cm<\/p>\n","protected":false},"featured_media":16588,"comment_status":"closed","ping_status":"closed","template":"","meta":[],"product_brand":[],"product_cat":[343],"product_tag":[],"class_list":{"0":"post-16587","1":"product","2":"type-product","3":"status-publish","4":"has-post-thumbnail","6":"product_cat-akciok","8":"first","9":"instock","10":"sale","11":"taxable","12":"shipping-taxable","13":"purchasable","14":"product-type-simple"},"_links":{"self":[{"href":"https:\/\/chilimag.hu\/webshop\/wp-json\/wp\/v2\/product\/16587","targetHints":{"allow":["GET"]}}],"collection":[{"href":"https:\/\/chilimag.hu\/webshop\/wp-json\/wp\/v2\/product"}],"about":[{"href":"https:\/\/chilimag.hu\/webshop\/wp-json\/wp\/v2\/types\/product"}],"replies":[{"embeddable":true,"href":"https:\/\/chilimag.hu\/webshop\/wp-json\/wp\/v2\/comments?post=16587"}],"wp:featuredmedia":[{"embeddable":true,"href":"https:\/\/chilimag.hu\/webshop\/wp-json\/wp\/v2\/media\/16588"}],"wp:attachment":[{"href":"https:\/\/chilimag.hu\/webshop\/wp-json\/wp\/v2\/media?parent=16587"}],"wp:term":[{"taxonomy":"product_brand","embeddable":true,"href":"https:\/\/chilimag.hu\/webshop\/wp-json\/wp\/v2\/product_brand?post=16587"},{"taxonomy":"product_cat","embeddable":true,"href":"https:\/\/chilimag.hu\/webshop\/wp-json\/wp\/v2\/product_cat?post=16587"},{"taxonomy":"product_tag","embeddable":true,"href":"https:\/\/chilimag.hu\/webshop\/wp-json\/wp\/v2\/product_tag?post=16587"}],"curies":[{"name":"wp","href":"https:\/\/api.w.org\/{rel}","templated":true}]}}