{"id":16585,"date":"2022-01-22T15:56:22","date_gmt":"2022-01-22T15:56:22","guid":{"rendered":"https:\/\/chilimag.hu\/webshop\/?post_type=product&#038;p=16585"},"modified":"2023-01-28T18:17:08","modified_gmt":"2023-01-28T18:17:08","slug":"gardena-combisystem-gereblye-es-kapa-3086","status":"publish","type":"product","link":"https:\/\/chilimag.hu\/webshop\/termek\/gardena-combisystem-gereblye-es-kapa-3086\/","title":{"rendered":"Gardena Combisystem gereblye \u00e9s kapa (3086)"},"content":{"rendered":"","protected":false},"excerpt":{"rendered":"<p><strong>A\u00a0Gardena Combisystem (3086) Gereblye \u00e9s kapa jellemz\u0151i:<\/strong><\/p>\n<ul>\n<li>A\u00a0gereblye ide\u00e1lis levelek, lev\u00e1gott f\u0171 \u00e9s egy\u00e9bb apr\u00f3 t\u00f6rmel\u00e9k gerebly\u00e9z\u00e9s\u00e9re<\/li>\n<li>A\u00a0r\u00f6gz\u00edtett fogak kiv\u00e1l\u00f3 min\u0151s\u00e9g\u0171 m\u00fcanyagb\u00f3l k\u00e9sz\u00fcltek, 43\u00a0cm-es sz\u00e9less\u00e9gben helyezkednek\u00a0el<\/li>\n<li>A\u00a0kapafej sz\u00e9less\u00e9ge 7\u00a0cm<\/li>\n<li>Eur\u00f3pai FSC fa szabv\u00e1ny<\/li>\n<\/ul>\n","protected":false},"featured_media":16586,"comment_status":"closed","ping_status":"closed","template":"","meta":[],"product_brand":[],"product_cat":[343],"product_tag":[],"class_list":{"0":"post-16585","1":"product","2":"type-product","3":"status-publish","4":"has-post-thumbnail","6":"product_cat-akciok","8":"first","9":"instock","10":"sale","11":"taxable","12":"shipping-taxable","13":"purchasable","14":"product-type-simple"},"_links":{"self":[{"href":"https:\/\/chilimag.hu\/webshop\/wp-json\/wp\/v2\/product\/16585","targetHints":{"allow":["GET"]}}],"collection":[{"href":"https:\/\/chilimag.hu\/webshop\/wp-json\/wp\/v2\/product"}],"about":[{"href":"https:\/\/chilimag.hu\/webshop\/wp-json\/wp\/v2\/types\/product"}],"replies":[{"embeddable":true,"href":"https:\/\/chilimag.hu\/webshop\/wp-json\/wp\/v2\/comments?post=16585"}],"wp:featuredmedia":[{"embeddable":true,"href":"https:\/\/chilimag.hu\/webshop\/wp-json\/wp\/v2\/media\/16586"}],"wp:attachment":[{"href":"https:\/\/chilimag.hu\/webshop\/wp-json\/wp\/v2\/media?parent=16585"}],"wp:term":[{"taxonomy":"product_brand","embeddable":true,"href":"https:\/\/chilimag.hu\/webshop\/wp-json\/wp\/v2\/product_brand?post=16585"},{"taxonomy":"product_cat","embeddable":true,"href":"https:\/\/chilimag.hu\/webshop\/wp-json\/wp\/v2\/product_cat?post=16585"},{"taxonomy":"product_tag","embeddable":true,"href":"https:\/\/chilimag.hu\/webshop\/wp-json\/wp\/v2\/product_tag?post=16585"}],"curies":[{"name":"wp","href":"https:\/\/api.w.org\/{rel}","templated":true}]}}