{"id":16535,"date":"2022-01-21T16:45:29","date_gmt":"2022-01-21T16:45:29","guid":{"rendered":"https:\/\/chilimag.hu\/webshop\/?post_type=product&#038;p=16535"},"modified":"2024-04-17T15:48:13","modified_gmt":"2024-04-17T15:48:13","slug":"16535","status":"publish","type":"product","link":"https:\/\/chilimag.hu\/webshop\/termek\/16535\/","title":{"rendered":"Gardena s\u00f6v\u00e9nyv\u00e1g\u00f3 oll\u00f3 394-20"},"content":{"rendered":"","protected":false},"excerpt":{"rendered":"<div class=\"c-gar-article-description\">\n<div class=\"container-fluid\">\n<div class=\"row\">\n<div class=\"col-sm-10 col-sm-offset-1 col-md-8 col-md-offset-2\">\n<div class=\"spec-row\">\n<div class=\"product-attributes-text\">Hossz\u00fas\u00e1g<\/div>\n<div class=\"product-attributes-info\"><strong>40 cm<\/strong><\/div>\n<\/div>\n<div class=\"spec-row\">\n<div class=\"product-attributes-text\">K\u00e9s hossza<\/div>\n<div class=\"product-attributes-info\"><strong>180 mm<\/strong><\/div>\n<\/div>\n<div class=\"spec-row\">\n<div class=\"product-attributes-text\">Penge<\/div>\n<div class=\"product-attributes-info\"><strong>Tapad\u00e1sg\u00e1tl\u00f3 bevonat, Egyenes csiszolat\u00fa k\u00e9s<\/strong><\/div>\n<\/div>\n<h2 class=\"description-headline h3\">Term\u00e9kle\u00edr\u00e1s<\/h2>\n<h4 class=\"description-tagline\">F\u00e1rads\u00e1gmentes munkav\u00e9gz\u00e9s &#8211; tapad\u00e1smentes k\u00e9sek<\/h4>\n<div class=\"description-wrapper\">\n<div class=\"description-text\">A GARDENA Comfort s\u00f6v\u00e9nyny\u00edr\u00f3 oll\u00f3 els\u0151sorban bokrok, pl. bukszus pontos \u00e9s egyszer\u0171 ny\u00edr\u00e1s\u00e1ra haszn\u00e1lhat\u00f3. A k\u00f6nny\u0171, 615 g-os s\u00f6v\u00e9nyny\u00edr\u00f3 oll\u00f3 ergonomikus kialak\u00edt\u00e1sa f\u00e1rads\u00e1gmentes munkav\u00e9gz\u00e9st tesz lehet\u0151v\u00e9. Az optim\u00e1lis \u00fctk\u00f6z\u00e9stomp\u00edt\u00e1st a markolatba \u00e9p\u00edtett Technogel(r) zsel\u00e9p\u00e1rna \u00e9s a puha m\u0171anyag elemekkel ell\u00e1tott kieg\u00e9sz\u00edt\u0151 gumibakok biztos\u00edtj\u00e1k. A 18 cm hossz\u00fas\u00e1g\u00fa prec\u00edzi\u00f3s \u00e9lez\u00e9s\u0171 k\u00e9sek tapad\u00e1sg\u00e1tl\u00f3 bevonattal vannak ell\u00e1tva. Ez egyszer\u0171 \u00e9s pontos v\u00e1g\u00e1st biztos\u00edt. A 40 cm teljes hossz\u00fas\u00e1g\u00fa s\u00f6v\u00e9nyny\u00edr\u00f3 oll\u00f3 integr\u00e1lt \u00e1gv\u00e1g\u00f3val rendelkezik. A 25 \u00e9v szavatoss\u00e1g a cs\u00facsmin\u0151s\u00e9g biztos\u00edt\u00e9ka.<\/div>\n<\/div>\n<\/div>\n<\/div>\n<\/div>\n<\/div>\n<div class=\"c-gar-article-specifications\">\n<div class=\"container-fluid\">\n<div class=\"row\">\n<div class=\"col-md-8 col-md-offset-2 col-sm-10 col-sm-offset-1\">\n<table class=\"table specifications-table\">\n<tbody>\n<tr>\n<th colspan=\"2\">\n<div class=\"h5 specification-headline\">M\u0171szaki adatok<\/div>\n<\/th>\n<\/tr>\n<tr>\n<th>Cikksz\u00e1m<\/th>\n<td>399-20<\/td>\n<\/tr>\n<tr>\n<th>EAN-k\u00f3d:<\/th>\n<td>4078500039901<\/td>\n<\/tr>\n<\/tbody>\n<\/table>\n<\/div>\n<\/div>\n<\/div>\n<\/div>\n","protected":false},"featured_media":16536,"comment_status":"closed","ping_status":"closed","template":"","meta":[],"product_brand":[],"product_cat":[343],"product_tag":[],"class_list":{"0":"post-16535","1":"product","2":"type-product","3":"status-publish","4":"has-post-thumbnail","6":"product_cat-akciok","8":"first","9":"instock","10":"sale","11":"taxable","12":"shipping-taxable","13":"purchasable","14":"product-type-simple"},"_links":{"self":[{"href":"https:\/\/chilimag.hu\/webshop\/wp-json\/wp\/v2\/product\/16535","targetHints":{"allow":["GET"]}}],"collection":[{"href":"https:\/\/chilimag.hu\/webshop\/wp-json\/wp\/v2\/product"}],"about":[{"href":"https:\/\/chilimag.hu\/webshop\/wp-json\/wp\/v2\/types\/product"}],"replies":[{"embeddable":true,"href":"https:\/\/chilimag.hu\/webshop\/wp-json\/wp\/v2\/comments?post=16535"}],"wp:featuredmedia":[{"embeddable":true,"href":"https:\/\/chilimag.hu\/webshop\/wp-json\/wp\/v2\/media\/16536"}],"wp:attachment":[{"href":"https:\/\/chilimag.hu\/webshop\/wp-json\/wp\/v2\/media?parent=16535"}],"wp:term":[{"taxonomy":"product_brand","embeddable":true,"href":"https:\/\/chilimag.hu\/webshop\/wp-json\/wp\/v2\/product_brand?post=16535"},{"taxonomy":"product_cat","embeddable":true,"href":"https:\/\/chilimag.hu\/webshop\/wp-json\/wp\/v2\/product_cat?post=16535"},{"taxonomy":"product_tag","embeddable":true,"href":"https:\/\/chilimag.hu\/webshop\/wp-json\/wp\/v2\/product_tag?post=16535"}],"curies":[{"name":"wp","href":"https:\/\/api.w.org\/{rel}","templated":true}]}}