{"id":162,"date":"2014-11-08T14:33:32","date_gmt":"2014-11-08T14:33:32","guid":{"rendered":"https:\/\/chilimag.hu\/webshop\/?post_type=product&#038;p=162"},"modified":"2026-02-08T15:15:27","modified_gmt":"2026-02-08T15:15:27","slug":"chilhuacle-negro","status":"publish","type":"product","link":"https:\/\/chilimag.hu\/webshop\/termek\/chilhuacle-negro\/","title":{"rendered":"Chilhuacle Negro"},"content":{"rendered":"","protected":false},"excerpt":{"rendered":"<p><img decoding=\"async\" src=\"https:\/\/chilimag.hu\/webshop\/wp-content\/uploads\/2014\/11\/chilimag-logo-2-150x150.jpg\" \/><\/p>\n<p>Le\u00edr\u00e1s<\/p>\n<p>Capsicum Annum<\/p>\n<p>Scoville\u00a0 5000-10000\u00a0A Chilhuacle Negro egy \u00e9tcsokol\u00e1d\u00e9barna cs\u00edp\u0151s paprika gazdag f\u0171szeres h\u00fassal, amely kulcsfontoss\u00e1g\u00fa \u00f6sszetev\u0151je a mexik\u00f3i Oaxac\u00e1b\u00f3l sz\u00e1rmaz\u00f3 klasszikus fekete vakond. \u00c9rett, k\u00f6zepesen kis m\u00e9ret\u0171, elkeskenyed\u0151 harang alak\u00fa term\u00e9se bel\u00fcl m\u00e9lylila. Nagyon v\u00e9kony falakkal k\u00f6nnyen sz\u00e1radnak. A gy\u00fcm\u00f6lcs\u00f6k hasonl\u00f3ak, vagy kicsit cs\u00edp\u0151sebbek, mint a cayenne-i paprika, \u00e9s k\u00fcl\u00f6n\u00f6sen j\u00f3, ha ny\u00edlt l\u00e1ngon pir\u00edtjuk, miel\u0151tt sals\u00e1t vagy vakondot k\u00e9sz\u00edt\u00fcnk, vagy pik\u00e1ns hozz\u00e1val\u00f3k\u00e9nt a r\u00e1nt\u00e1shoz. Kiv\u00e1l\u00f3an porr\u00e1 \u0151r\u00f6lhet\u0151, \u00e9s ugyan\u00fagy haszn\u00e1lhat\u00f3, mint b\u00e1rmely cs\u00edp\u0151s paprikaport. \u00cdze olyan gazdagon gy\u00fcm\u00f6lcs\u00f6s, hogy melaszra vagy mazsol\u00e1ra eml\u00e9keztethet. M\u00e9g mindig azon dolgozunk, hogy kiv\u00e1lasszuk ezt a nagyszer\u0171 paprik\u00e1t a Csendes-\u00f3ce\u00e1n \u00e9szaknyugati r\u00e9sz\u00e9n, \u00e9s rem\u00e9lhet\u0151leg \u00e9vr\u0151l \u00e9vre egyre kor\u00e1bbi \u00e9s term\u00e9kenyebb lesz.<\/p>\n<p>Gondoz\u00e1sa:A cs\u00edr\u00e1z\u00e1si h\u0151m\u00e9rs\u00e9klet 21 \u00e9s 28\u00b0C k\u00f6z\u00f6tt van (8-21 napos cs\u00edr\u00e1z\u00e1si id\u0151szak), ez\u00e9rt \u00fcvegh\u00e1z \u00e9s f\u0171t\u0151sz\u0151nyeg haszn\u00e1lata javasolt. A n\u00f6v\u00e9nyeknek friss, j\u00f3l tr\u00e1gy\u00e1zott, v\u00edz\u00e1tereszt\u0151 talajra van sz\u00fcks\u00e9g\u00fck, nem t\u0171rik a bevizesed\u00e9st. Napos, v\u00e9dett helyre \u00fcltess\u00fck, ahol legal\u00e1bb 6 \u00f3ra \u2013 lehet\u0151leg t\u00f6bb \u2013 napf\u00e9ny \u00e9ri. Tedd ki a n\u00f6v\u00e9nyeket kb. 2-3 h\u00e9ttel az utols\u00f3 fagy ut\u00e1n.<\/p>\n<p>A csomag 10 szem magot tartalmaz<\/p>\n","protected":false},"featured_media":163,"comment_status":"open","ping_status":"closed","template":"","meta":[],"product_brand":[],"product_cat":[8],"product_tag":[],"class_list":{"0":"post-162","1":"product","2":"type-product","3":"status-publish","4":"has-post-thumbnail","6":"product_cat-paprika","8":"first","9":"outofstock","10":"taxable","11":"shipping-taxable","12":"purchasable","13":"product-type-simple"},"_links":{"self":[{"href":"https:\/\/chilimag.hu\/webshop\/wp-json\/wp\/v2\/product\/162","targetHints":{"allow":["GET"]}}],"collection":[{"href":"https:\/\/chilimag.hu\/webshop\/wp-json\/wp\/v2\/product"}],"about":[{"href":"https:\/\/chilimag.hu\/webshop\/wp-json\/wp\/v2\/types\/product"}],"replies":[{"embeddable":true,"href":"https:\/\/chilimag.hu\/webshop\/wp-json\/wp\/v2\/comments?post=162"}],"wp:featuredmedia":[{"embeddable":true,"href":"https:\/\/chilimag.hu\/webshop\/wp-json\/wp\/v2\/media\/163"}],"wp:attachment":[{"href":"https:\/\/chilimag.hu\/webshop\/wp-json\/wp\/v2\/media?parent=162"}],"wp:term":[{"taxonomy":"product_brand","embeddable":true,"href":"https:\/\/chilimag.hu\/webshop\/wp-json\/wp\/v2\/product_brand?post=162"},{"taxonomy":"product_cat","embeddable":true,"href":"https:\/\/chilimag.hu\/webshop\/wp-json\/wp\/v2\/product_cat?post=162"},{"taxonomy":"product_tag","embeddable":true,"href":"https:\/\/chilimag.hu\/webshop\/wp-json\/wp\/v2\/product_tag?post=162"}],"curies":[{"name":"wp","href":"https:\/\/api.w.org\/{rel}","templated":true}]}}