{"id":16054,"date":"2021-12-20T18:16:42","date_gmt":"2021-12-20T18:16:42","guid":{"rendered":"https:\/\/chilimag.hu\/webshop\/?post_type=product&#038;p=16054"},"modified":"2026-01-25T16:05:21","modified_gmt":"2026-01-25T16:05:21","slug":"salata-ausztraliai-sarga-teposalata-bk-4","status":"publish","type":"product","link":"https:\/\/chilimag.hu\/webshop\/termek\/salata-ausztraliai-sarga-teposalata-bk-4\/","title":{"rendered":"Sal\u00e1ta Ausztr\u00e1liai s\u00e1rga (T\u00e9p\u0151sal\u00e1ta) BK 4"},"content":{"rendered":"","protected":false},"excerpt":{"rendered":"","protected":false},"featured_media":16055,"comment_status":"closed","ping_status":"closed","template":"","meta":[],"product_brand":[],"product_cat":[286],"product_tag":[],"class_list":{"0":"post-16054","1":"product","2":"type-product","3":"status-publish","4":"has-post-thumbnail","6":"product_cat-salata-es-retek-vetomagok-budapesti-kertimag-vetomagok","8":"first","9":"instock","10":"taxable","11":"shipping-taxable","12":"purchasable","13":"product-type-simple"},"_links":{"self":[{"href":"https:\/\/chilimag.hu\/webshop\/wp-json\/wp\/v2\/product\/16054","targetHints":{"allow":["GET"]}}],"collection":[{"href":"https:\/\/chilimag.hu\/webshop\/wp-json\/wp\/v2\/product"}],"about":[{"href":"https:\/\/chilimag.hu\/webshop\/wp-json\/wp\/v2\/types\/product"}],"replies":[{"embeddable":true,"href":"https:\/\/chilimag.hu\/webshop\/wp-json\/wp\/v2\/comments?post=16054"}],"wp:featuredmedia":[{"embeddable":true,"href":"https:\/\/chilimag.hu\/webshop\/wp-json\/wp\/v2\/media\/16055"}],"wp:attachment":[{"href":"https:\/\/chilimag.hu\/webshop\/wp-json\/wp\/v2\/media?parent=16054"}],"wp:term":[{"taxonomy":"product_brand","embeddable":true,"href":"https:\/\/chilimag.hu\/webshop\/wp-json\/wp\/v2\/product_brand?post=16054"},{"taxonomy":"product_cat","embeddable":true,"href":"https:\/\/chilimag.hu\/webshop\/wp-json\/wp\/v2\/product_cat?post=16054"},{"taxonomy":"product_tag","embeddable":true,"href":"https:\/\/chilimag.hu\/webshop\/wp-json\/wp\/v2\/product_tag?post=16054"}],"curies":[{"name":"wp","href":"https:\/\/api.w.org\/{rel}","templated":true}]}}