{"id":15965,"date":"2021-12-17T15:14:36","date_gmt":"2021-12-17T15:14:36","guid":{"rendered":"https:\/\/chilimag.hu\/webshop\/?post_type=product&#038;p=15965"},"modified":"2026-01-30T12:09:14","modified_gmt":"2026-01-30T12:09:14","slug":"egynyari-vagott-viragkeverek-ag-1","status":"publish","type":"product","link":"https:\/\/chilimag.hu\/webshop\/termek\/egynyari-vagott-viragkeverek-ag-1\/","title":{"rendered":"Egyny\u00e1ri v\u00e1gott vir\u00e1gkever\u00e9k Ag 1"},"content":{"rendered":"","protected":false},"excerpt":{"rendered":"<p>Annual cut flower mixture<\/p>\n<p>\u00c9vel\u0151 n\u00f6v\u00e9ny. Magass\u00e1ga 60-120 cm. Naps\u00fct\u00e9ses helyre vagy f\u00e9l\u00e1rny\u00e9kba \u00fcltess\u00fck. Felhaszn\u00e1l\u00e1sa: v\u00e1gott vir\u00e1g, vir\u00e1g\u00e1gyak, szeg\u00e9lyek.<\/p>\n","protected":false},"featured_media":15966,"comment_status":"closed","ping_status":"closed","template":"","meta":[],"product_brand":[],"product_cat":[238],"product_tag":[],"class_list":{"0":"post-15965","1":"product","2":"type-product","3":"status-publish","4":"has-post-thumbnail","6":"product_cat-virag-vetomagok-agrosel-vetomagok","8":"first","9":"instock","10":"taxable","11":"shipping-taxable","12":"purchasable","13":"product-type-simple"},"_links":{"self":[{"href":"https:\/\/chilimag.hu\/webshop\/wp-json\/wp\/v2\/product\/15965","targetHints":{"allow":["GET"]}}],"collection":[{"href":"https:\/\/chilimag.hu\/webshop\/wp-json\/wp\/v2\/product"}],"about":[{"href":"https:\/\/chilimag.hu\/webshop\/wp-json\/wp\/v2\/types\/product"}],"replies":[{"embeddable":true,"href":"https:\/\/chilimag.hu\/webshop\/wp-json\/wp\/v2\/comments?post=15965"}],"wp:featuredmedia":[{"embeddable":true,"href":"https:\/\/chilimag.hu\/webshop\/wp-json\/wp\/v2\/media\/15966"}],"wp:attachment":[{"href":"https:\/\/chilimag.hu\/webshop\/wp-json\/wp\/v2\/media?parent=15965"}],"wp:term":[{"taxonomy":"product_brand","embeddable":true,"href":"https:\/\/chilimag.hu\/webshop\/wp-json\/wp\/v2\/product_brand?post=15965"},{"taxonomy":"product_cat","embeddable":true,"href":"https:\/\/chilimag.hu\/webshop\/wp-json\/wp\/v2\/product_cat?post=15965"},{"taxonomy":"product_tag","embeddable":true,"href":"https:\/\/chilimag.hu\/webshop\/wp-json\/wp\/v2\/product_tag?post=15965"}],"curies":[{"name":"wp","href":"https:\/\/api.w.org\/{rel}","templated":true}]}}