{"id":15889,"date":"2021-12-08T16:44:09","date_gmt":"2021-12-08T16:44:09","guid":{"rendered":"https:\/\/chilimag.hu\/webshop\/?post_type=product&#038;p=15889"},"modified":"2026-04-21T14:57:28","modified_gmt":"2026-04-21T14:57:28","slug":"ulteto-cserep-9-cm","status":"publish","type":"product","link":"https:\/\/chilimag.hu\/webshop\/termek\/ulteto-cserep-9-cm\/","title":{"rendered":"\u00dcltet\u0151 cser\u00e9p 8,5 cm"},"content":{"rendered":"","protected":false},"excerpt":{"rendered":"<p><span style=\"color: #ff0000;\"><strong>Abban az esetben, ha a\u00a0megrendel\u00e9s \u00a0meghaladja a 4000 db-ot, a csomag terjedelme miatt csak k\u00e9t csomagban tudjuk\u00a0<\/strong><b>sz\u00e1ll\u00edtani. Egy karton 2940 db-ot tartalmaz. Ez\u00e9rt a sz\u00e1ll\u00edt\u00e1si d\u00edj telefonos egyeztet\u00e9s ut\u00e1n t\u00f6rt\u00e9nik.<\/b><\/span><\/p>\n<p>&nbsp;<\/p>\n<p>&nbsp;<\/p>\n<p>&nbsp;<\/p>\n<p>\u00c1tm\u00e9r\u0151: 85mm<\/p>\n<p>Alapanyag: Pp<\/p>\n<p>Sz\u00edne: Fekete<\/p>\n<div class=\"commerce-product-sku-label\"><\/div>\n<p>&nbsp;<\/p>\n","protected":false},"featured_media":15937,"comment_status":"closed","ping_status":"closed","template":"","meta":[],"product_brand":[],"product_cat":[336],"product_tag":[],"class_list":{"0":"post-15889","1":"product","2":"type-product","3":"status-publish","4":"has-post-thumbnail","6":"product_cat-vetotalcak-ulteto-cserepek-es-palanta-nevelok","8":"first","9":"instock","10":"taxable","11":"shipping-taxable","12":"purchasable","13":"product-type-variable"},"_links":{"self":[{"href":"https:\/\/chilimag.hu\/webshop\/wp-json\/wp\/v2\/product\/15889","targetHints":{"allow":["GET"]}}],"collection":[{"href":"https:\/\/chilimag.hu\/webshop\/wp-json\/wp\/v2\/product"}],"about":[{"href":"https:\/\/chilimag.hu\/webshop\/wp-json\/wp\/v2\/types\/product"}],"replies":[{"embeddable":true,"href":"https:\/\/chilimag.hu\/webshop\/wp-json\/wp\/v2\/comments?post=15889"}],"wp:featuredmedia":[{"embeddable":true,"href":"https:\/\/chilimag.hu\/webshop\/wp-json\/wp\/v2\/media\/15937"}],"wp:attachment":[{"href":"https:\/\/chilimag.hu\/webshop\/wp-json\/wp\/v2\/media?parent=15889"}],"wp:term":[{"taxonomy":"product_brand","embeddable":true,"href":"https:\/\/chilimag.hu\/webshop\/wp-json\/wp\/v2\/product_brand?post=15889"},{"taxonomy":"product_cat","embeddable":true,"href":"https:\/\/chilimag.hu\/webshop\/wp-json\/wp\/v2\/product_cat?post=15889"},{"taxonomy":"product_tag","embeddable":true,"href":"https:\/\/chilimag.hu\/webshop\/wp-json\/wp\/v2\/product_tag?post=15889"}],"curies":[{"name":"wp","href":"https:\/\/api.w.org\/{rel}","templated":true}]}}