{"id":15867,"date":"2021-12-05T15:08:45","date_gmt":"2021-12-05T15:08:45","guid":{"rendered":"https:\/\/chilimag.hu\/webshop\/?post_type=product&#038;p=15867"},"modified":"2025-08-11T09:50:38","modified_gmt":"2025-08-11T09:50:38","slug":"trinidad-scorpion-moruga-mustard","status":"publish","type":"product","link":"https:\/\/chilimag.hu\/webshop\/termek\/trinidad-scorpion-moruga-mustard\/","title":{"rendered":"Trinidad Scorpion Moruga Mustard"},"content":{"rendered":"","protected":false},"excerpt":{"rendered":"<p><img decoding=\"async\" src=\"https:\/\/chilimag.hu\/webshop\/wp-content\/uploads\/2014\/11\/chilimag-logo-2-150x150.jpg\" \/><\/p>\n<p>&nbsp;<\/p>\n<p>Le\u00edr\u00e1s<\/p>\n<p>A Trinidad r\u00e9gi\u00f3b\u00f3l sz\u00e1rmaz\u00f3 Must\u00e1r Trinidad Scorpion a h\u00edres skorpi\u00f3paprika leny\u0171g\u00f6z\u0151 v\u00e1ltozata. Ez a kiv\u00e9teles term\u0151k\u00e9pess\u00e9g\u00e9r\u0151l h\u00edres fajta pomp\u00e1s h\u00fcvelyeket hoz, amelyek \u00e9r\u00e9skor jellegzetes must\u00e1r\u00e1rnyalat\u00faak. \u00cdze jelent\u0151sen elt\u00e9r a hagyom\u00e1nyos skorpi\u00f3 chilipaprik\u00e1t\u00f3l, a tipikus parf\u00fcmszer\u0171 \u00edz helyett ink\u00e1bb a babra eml\u00e9keztet\u0151, kellemes \u00e9dess\u00e9get k\u00edn\u00e1l.A Must\u00e1r Trinidad Scorpion az \u00e9des babhoz hasonl\u00f3 meglep\u0151 \u00edzt mutat, ami elt\u00e9r a skorpi\u00f3paprik\u00e1hoz k\u00f6t\u0151d\u0151 szok\u00e1sos \u00edzt\u0151l. Ez az egyedi profil \u00e9rdekes v\u00e1laszt\u00e1ss\u00e1 teszi a kulin\u00e1ris k\u00eds\u00e9rletez\u00e9shez, friss\u00edt\u0151 csavart k\u00edn\u00e1lva a hagyom\u00e1nyos paprika\u00e9telekhez. K\u00f6zelebbi \u00edz\u00e9lm\u00e9ny\u00e9rt tekintse meg az al\u00e1bbi chilik\u00f3stol\u00f3 vide\u00f3nkat.Az extr\u00e9m h\u0151s\u00e9g\u00e9r\u0151l h\u00edres Must\u00e1r Trinidad Scorpion olyan t\u00fczes \u00fct\u00e9st ad, amely m\u00e9g a legtapasztaltabb chili rajong\u00f3kat is kih\u00edvja. Intenz\u00edv f\u0171szeress\u00e9ge izgalmas lend\u00fcletet ad a k\u00fcl\u00f6nf\u00e9le \u00e9teleknek, \u00e9s er\u0151s h\u0151s\u00e9g\u00e9vel feldobja a kulin\u00e1ris \u00e9lm\u00e9nyt. A Scoville-sk\u00e1l\u00e1n 1 000 000 \u00e9s 1 500 000 SHU k\u00f6z\u00f6tti besorol\u00e1s\u00fa.A v\u00e9kony fal\u00fa h\u00fcvelyekkel, amelyek a teljes \u00e9retts\u00e9g el\u00e9r\u00e9sekor \u00e9l\u00e9nkz\u00f6ldr\u0151l felt\u0171n\u0151 must\u00e1r\u00e1rnyalatra v\u00e1ltanak \u00e1t, a Must\u00e1r Trinidad Scorpion tetszet\u0151s megjelen\u00e9ssel b\u00fcszk\u00e9lkedhet. Ropog\u00f3s text\u00far\u00e1ja fokozza az \u00e9rz\u00e9kszervi \u00e9lm\u00e9nyt, \u00e9s minden falattal kiel\u00e9g\u00edt\u0151 falatot biztos\u00edt.<\/p>\n<p>Gondoz\u00e1saA cs\u00edr\u00e1z\u00e1si h\u0151m\u00e9rs\u00e9klet 22\u00b0C \u00e9s 30\u00b0C k\u00f6z\u00f6tt van (cs\u00edr\u00e1z\u00e1si id\u0151: 6-20 nap); ez\u00e9rt \u00fcvegh\u00e1z \u00e9s f\u0171t\u0151sz\u0151nyeg haszn\u00e1lata javasolt. A n\u00f6v\u00e9nyeknek friss, j\u00f3l tr\u00e1gy\u00e1zott v\u00edz\u00e1tereszt\u0151 talajra van sz\u00fcks\u00e9g\u00fck, \u00e9s nem szabad \u00e1ll\u00f3v\u00edzben hagyni. Napos, v\u00e9dett helyre kell helyezni, ahol legal\u00e1bb napi 6 \u00f3ra napf\u00e9ny \u00e9ri, ha nem t\u00f6bb. K\u00f6r\u00fclbel\u00fcl 2-3 h\u00e9ttel az utols\u00f3 fagy ut\u00e1n helyezze ki a n\u00f6v\u00e9nyeket a szabadba.<\/p>\n<p>T\u00edpus: Capsicum chinense<br \/>\n10+++ h\u0151fok<br \/>\nScoville \u00e1tlag 1,2 milli\u00f3 SHU<br \/>\nOptim\u00e1lis cs\u00edr\u00e1z\u00e1si h\u0151m\u00e9rs\u00e9klet 22 &#8211; 30 \u00b0C<br \/>\nVet\u00e9s jan-\u00e1pr<br \/>\nVir\u00e1gok feh\u00e9rek (j\u00fan.-aug.)<br \/>\nN\u00f6veked\u00e9si szok\u00e1sa bokros, 70-80 cm magas<br \/>\n\u00c9rlel\u00e9s z\u00f6ldt\u0151l karamellig<br \/>\nGy\u00fcm\u00f6lcs megjelen\u00e9se l\u00e1mp\u00e1s alak\u00fa, hegyes hegy\u0171, kb. 4 x 6 cm<br \/>\n\u00c9rlel\u00e9si id\u0151 90-120 nap<br \/>\nSz\u00e1rmaz\u00e1sa karib t\u00e9rs\u00e9g<\/p>\n<p>&nbsp;<\/p>\n<p>A csomag 10 szem magot tartalmaz<\/p>\n","protected":false},"featured_media":15868,"comment_status":"closed","ping_status":"closed","template":"","meta":[],"product_brand":[],"product_cat":[8],"product_tag":[],"class_list":{"0":"post-15867","1":"product","2":"type-product","3":"status-publish","4":"has-post-thumbnail","6":"product_cat-paprika","8":"first","9":"outofstock","10":"taxable","11":"shipping-taxable","12":"purchasable","13":"product-type-simple"},"_links":{"self":[{"href":"https:\/\/chilimag.hu\/webshop\/wp-json\/wp\/v2\/product\/15867","targetHints":{"allow":["GET"]}}],"collection":[{"href":"https:\/\/chilimag.hu\/webshop\/wp-json\/wp\/v2\/product"}],"about":[{"href":"https:\/\/chilimag.hu\/webshop\/wp-json\/wp\/v2\/types\/product"}],"replies":[{"embeddable":true,"href":"https:\/\/chilimag.hu\/webshop\/wp-json\/wp\/v2\/comments?post=15867"}],"wp:featuredmedia":[{"embeddable":true,"href":"https:\/\/chilimag.hu\/webshop\/wp-json\/wp\/v2\/media\/15868"}],"wp:attachment":[{"href":"https:\/\/chilimag.hu\/webshop\/wp-json\/wp\/v2\/media?parent=15867"}],"wp:term":[{"taxonomy":"product_brand","embeddable":true,"href":"https:\/\/chilimag.hu\/webshop\/wp-json\/wp\/v2\/product_brand?post=15867"},{"taxonomy":"product_cat","embeddable":true,"href":"https:\/\/chilimag.hu\/webshop\/wp-json\/wp\/v2\/product_cat?post=15867"},{"taxonomy":"product_tag","embeddable":true,"href":"https:\/\/chilimag.hu\/webshop\/wp-json\/wp\/v2\/product_tag?post=15867"}],"curies":[{"name":"wp","href":"https:\/\/api.w.org\/{rel}","templated":true}]}}