{"id":15864,"date":"2021-12-05T15:04:26","date_gmt":"2021-12-05T15:04:26","guid":{"rendered":"https:\/\/chilimag.hu\/webshop\/?post_type=product&#038;p=15864"},"modified":"2025-08-11T09:47:34","modified_gmt":"2025-08-11T09:47:34","slug":"thunder-chaco-brown","status":"publish","type":"product","link":"https:\/\/chilimag.hu\/webshop\/termek\/thunder-chaco-brown\/","title":{"rendered":"Thunder Chaco Brown"},"content":{"rendered":"","protected":false},"excerpt":{"rendered":"<p><img decoding=\"async\" src=\"https:\/\/chilimag.hu\/webshop\/wp-content\/uploads\/2014\/11\/chilimag-logo-2-150x150.jpg\" \/><\/p>\n<p>&nbsp;<\/p>\n<p>Le\u00edr\u00e1s<\/p>\n<p>Thunder Cacho Brown-(Capsicum annuum) \u2013 A Thunder Cacho Brown paprika a d\u00e1n Jes Christiansen mestertermeszt\u0151 \u00e1ltal kifejlesztett keresztez\u00e9s. A K\u00edn\u00e1b\u00f3l sz\u00e1rmaz\u00f3 Thunder Mountain Longhorn egy nagyon hossz\u00fa t\u00e9szta kin\u00e9zet\u0171 cayenne t\u00edpus, amely 12 h\u00fcvelykn\u00e9l is hosszabb lehet. A Cacho Negro egy enyhe barna sz\u00edn\u0171 paprika Costa Ric\u00e1b\u00f3l. Egy\u00fctt k\u00e9t k\u00fcl\u00f6nb\u00f6z\u0151 \u00faj paprik\u00e1t k\u00e9sz\u00edtettek. Ez itt z\u00f6ldt\u0151l barn\u00e1ig \u00e9rik, \u00e9s nagyon hasonl\u00edt a Thunder Mountain Longhorn (TMLH) sz\u00fcl\u0151fajt\u00e1ra. Kiv\u00e9ve, hogy sokkal vastagabb, \u00edgy sokoldal\u00fabb lehet, mint a TMLH, amely v\u00e9konyabb \u00e9s megsz\u00e1rad, amikor teljes sz\u00ednre \u00e9r. A Thunder Cacho Brown chili felhaszn\u00e1lhat\u00f3 sz\u00f3szokhoz, kevergetve \u00e9s sz\u00e1r\u00edtott f\u0171szerk\u00e9nt is. Enyhe h\u0151fok \u00e9s gy\u00fcm\u00f6lcs\u00f6s f\u00fcst\u00f6s \u00edzt\u00f3nusok jellemzik. A Thunder Cacho Brown chilei n\u00f6v\u00e9nyek 4 l\u00e1b magasra n\u0151nek, \u00e9s nagyon term\u00e9kenyek.<\/p>\n<p>Gondoz\u00e1sa:A cs\u00edr\u00e1z\u00e1si h\u0151m\u00e9rs\u00e9klet 22 \u00e9s 28\u00b0C k\u00f6z\u00f6tt van (8-20 napos cs\u00edr\u00e1z\u00e1si id\u0151szak), ez\u00e9rt \u00fcvegh\u00e1z \u00e9s f\u0171t\u0151sz\u0151nyeg haszn\u00e1lata javasolt. A n\u00f6v\u00e9nyeknek friss, j\u00f3l tr\u00e1gy\u00e1zott, v\u00edz\u00e1tereszt\u0151 talajra van sz\u00fcks\u00e9g\u00fck, nem t\u0171rik a bevizesed\u00e9st. Napos, v\u00e9dett helyre kell \u00fcltetni, ahol legal\u00e1bb 6 \u00f3ra napf\u00e9ny \u2013 lehet\u0151leg t\u00f6bb. Tedd ki a n\u00f6v\u00e9nyeket kb. 2-3 h\u00e9ttel az utols\u00f3 fagy ut\u00e1n.<\/p>\n<p>A csomag 10 szem magot tartamaz<\/p>\n<p>&nbsp;<\/p>\n","protected":false},"featured_media":15865,"comment_status":"closed","ping_status":"closed","template":"","meta":[],"product_brand":[],"product_cat":[8],"product_tag":[],"class_list":{"0":"post-15864","1":"product","2":"type-product","3":"status-publish","4":"has-post-thumbnail","6":"product_cat-paprika","8":"first","9":"instock","10":"taxable","11":"shipping-taxable","12":"purchasable","13":"product-type-simple"},"_links":{"self":[{"href":"https:\/\/chilimag.hu\/webshop\/wp-json\/wp\/v2\/product\/15864","targetHints":{"allow":["GET"]}}],"collection":[{"href":"https:\/\/chilimag.hu\/webshop\/wp-json\/wp\/v2\/product"}],"about":[{"href":"https:\/\/chilimag.hu\/webshop\/wp-json\/wp\/v2\/types\/product"}],"replies":[{"embeddable":true,"href":"https:\/\/chilimag.hu\/webshop\/wp-json\/wp\/v2\/comments?post=15864"}],"wp:featuredmedia":[{"embeddable":true,"href":"https:\/\/chilimag.hu\/webshop\/wp-json\/wp\/v2\/media\/15865"}],"wp:attachment":[{"href":"https:\/\/chilimag.hu\/webshop\/wp-json\/wp\/v2\/media?parent=15864"}],"wp:term":[{"taxonomy":"product_brand","embeddable":true,"href":"https:\/\/chilimag.hu\/webshop\/wp-json\/wp\/v2\/product_brand?post=15864"},{"taxonomy":"product_cat","embeddable":true,"href":"https:\/\/chilimag.hu\/webshop\/wp-json\/wp\/v2\/product_cat?post=15864"},{"taxonomy":"product_tag","embeddable":true,"href":"https:\/\/chilimag.hu\/webshop\/wp-json\/wp\/v2\/product_tag?post=15864"}],"curies":[{"name":"wp","href":"https:\/\/api.w.org\/{rel}","templated":true}]}}