{"id":15862,"date":"2021-12-05T15:02:22","date_gmt":"2021-12-05T15:02:22","guid":{"rendered":"https:\/\/chilimag.hu\/webshop\/?post_type=product&#038;p=15862"},"modified":"2026-01-26T15:08:35","modified_gmt":"2026-01-26T15:08:35","slug":"padron","status":"publish","type":"product","link":"https:\/\/chilimag.hu\/webshop\/termek\/padron\/","title":{"rendered":"Padron"},"content":{"rendered":"","protected":false},"excerpt":{"rendered":"<p><img decoding=\"async\" src=\"https:\/\/chilimag.hu\/webshop\/wp-content\/uploads\/2014\/11\/chilimag-logo-2-150x150.jpg\" \/><\/p>\n<p>&nbsp;<\/p>\n<p>Le\u00edr\u00e1s<\/p>\n<p>A Pimento de Padron Spanyolorsz\u00e1gb\u00f3l vagy Gal\u00edcia r\u00e9gi\u00f3j\u00e1b\u00f3l sz\u00e1rmazik Padr\u00f3n v\u00e1ros k\u00f6rny\u00e9k\u00e9r\u0151l. Ez a fajta abb\u00f3l a szempontb\u00f3l szokatlan, hogy a chili nagyon k\u00fcl\u00f6nb\u00f6zik egym\u00e1st\u00f3l, \u00e9s a f\u0171szeress\u00e9g\u00fck is v\u00e1ltozhat. \u00cdgy gyakran van n\u00e9h\u00e1ny enyhe chili, majd hirtelen egy nagyon t\u00fczes.<\/p>\n<p>Spanyolorsz\u00e1gban ezt a fajt\u00e1t hagyom\u00e1nyosan z\u00f6lden fogyasztj\u00e1k el\u0151\u00e9telk\u00e9nt vagy tapask\u00e9nt. Ezeket a chilit \u00e1ltal\u00e1ban olajban s\u00fctik, \u00e9s \u00edzl\u00e9s szerint egy csipet s\u00f3t adnak hozz\u00e1. Azonban grillez\u00e9sre, p\u00e1col\u00e1sra vagy t\u00f6ltel\u00e9kre is alkalmasak. Sok szupermarketben grillpaprikak\u00e9nt is k\u00edn\u00e1lj\u00e1k. Minden chili rajong\u00f3nak k\u00f6telez\u0151.<\/p>\n<p>Gondoz\u00e1sa: A cs\u00edr\u00e1z\u00e1si h\u0151m\u00e9rs\u00e9klet 20 \u00e9s 28\u00b0C k\u00f6z\u00f6tt van (7-20 napos cs\u00edr\u00e1z\u00e1si id\u0151), ez\u00e9rt \u00fcvegh\u00e1z \u00e9s f\u0171t\u0151sz\u0151nyeg haszn\u00e1lata javasolt. A n\u00f6v\u00e9nyeknek friss, j\u00f3l tr\u00e1gy\u00e1zott, v\u00edz\u00e1tereszt\u0151 talajra van sz\u00fcks\u00e9g\u00fck, nem t\u0171rik a bevizesed\u00e9st. Napos, v\u00e9dett helyre \u00fcltess\u00fck, ahol legal\u00e1bb 6 \u00f3ra \u2013 lehet\u0151leg t\u00f6bb \u2013 napf\u00e9ny \u00e9ri. Tedd ki a n\u00f6v\u00e9nyeket kb. 2-3 h\u00e9ttel az utols\u00f3 fagy ut\u00e1n<\/p>\n<p>Capsicum annuum t\u00edpus<br \/>\nF\u0171szeress\u00e9gi fokozat 2-4<br \/>\nScoville 500 &#8211; 2500 SHU<br \/>\noptim\u00e1lis cs\u00edr\u00e1z\u00e1si h\u0151m\u00e9rs\u00e9klet 20 &#8211; 28 \u00b0C<br \/>\nVet\u00e9s febru\u00e1r &#8211; \u00e1pr.<br \/>\nVir\u00e1gok feh\u00e9rek (m\u00e1jus-j\u00falius)<br \/>\nN\u00f6v\u00e9nyn\u00f6veked\u00e9si szok\u00e1sa bokros, el\u00e1gaz\u00f3, kb. 100 cm magas<br \/>\nZ\u00f6ldr\u0151l pirosra \u00e9rik<br \/>\nGy\u00fcm\u00f6lcs megjelen\u00e9se nagyon v\u00e1ltozatos, hegyes bors, kb. 5 x 15 cm<br \/>\n\u00c9r\u00e9si id\u0151 75-90 nap<br \/>\nSz\u00e1rmaz\u00e1sa Spanyolorsz\u00e1g<\/p>\n<p>A csomag 10 szem magot tartalmaz<\/p>\n","protected":false},"featured_media":15863,"comment_status":"closed","ping_status":"closed","template":"","meta":[],"product_brand":[],"product_cat":[8],"product_tag":[],"class_list":{"0":"post-15862","1":"product","2":"type-product","3":"status-publish","4":"has-post-thumbnail","6":"product_cat-paprika","8":"first","9":"instock","10":"taxable","11":"shipping-taxable","12":"purchasable","13":"product-type-simple"},"_links":{"self":[{"href":"https:\/\/chilimag.hu\/webshop\/wp-json\/wp\/v2\/product\/15862","targetHints":{"allow":["GET"]}}],"collection":[{"href":"https:\/\/chilimag.hu\/webshop\/wp-json\/wp\/v2\/product"}],"about":[{"href":"https:\/\/chilimag.hu\/webshop\/wp-json\/wp\/v2\/types\/product"}],"replies":[{"embeddable":true,"href":"https:\/\/chilimag.hu\/webshop\/wp-json\/wp\/v2\/comments?post=15862"}],"wp:featuredmedia":[{"embeddable":true,"href":"https:\/\/chilimag.hu\/webshop\/wp-json\/wp\/v2\/media\/15863"}],"wp:attachment":[{"href":"https:\/\/chilimag.hu\/webshop\/wp-json\/wp\/v2\/media?parent=15862"}],"wp:term":[{"taxonomy":"product_brand","embeddable":true,"href":"https:\/\/chilimag.hu\/webshop\/wp-json\/wp\/v2\/product_brand?post=15862"},{"taxonomy":"product_cat","embeddable":true,"href":"https:\/\/chilimag.hu\/webshop\/wp-json\/wp\/v2\/product_cat?post=15862"},{"taxonomy":"product_tag","embeddable":true,"href":"https:\/\/chilimag.hu\/webshop\/wp-json\/wp\/v2\/product_tag?post=15862"}],"curies":[{"name":"wp","href":"https:\/\/api.w.org\/{rel}","templated":true}]}}