{"id":15858,"date":"2021-12-05T14:56:24","date_gmt":"2021-12-05T14:56:24","guid":{"rendered":"https:\/\/chilimag.hu\/webshop\/?post_type=product&#038;p=15858"},"modified":"2026-01-07T13:45:27","modified_gmt":"2026-01-07T13:45:27","slug":"death-spiral","status":"publish","type":"product","link":"https:\/\/chilimag.hu\/webshop\/termek\/death-spiral\/","title":{"rendered":"Death Spiral"},"content":{"rendered":"<p>&nbsp;<\/p>\n<p>&nbsp;<\/p>\n<p>&nbsp;<\/p>\n","protected":false},"excerpt":{"rendered":"<p><img decoding=\"async\" src=\"https:\/\/chilimag.hu\/webshop\/wp-content\/uploads\/2014\/11\/chilimag-logo-2-150x150.jpg\" \/><\/p>\n<p>&nbsp;<\/p>\n<p>Le\u00edr\u00e1s<\/p>\n<p>A Chile Hal\u00e1lspir\u00e1l vagy a &#8222;Hal\u00e1lpaprika&#8221; egy \u00faj paprikafajta, amely n\u00e9h\u00e1ny \u00e9vvel ezel\u0151tt jelent meg az Egyes\u00fclt Kir\u00e1lys\u00e1gb\u00f3l. A Hal\u00e1lspir\u00e1l megnyilv\u00e1nult a cs\u00edp\u0151s paprika piac\u00e1n, \u00e9s megh\u00f3d\u00edtotta a paprikak\u00f6z\u00f6ss\u00e9get. A paprikan\u00f6v\u00e9nyek ak\u00e1r 4 l\u00e1b magasra is megn\u0151hetnekA Death Spiral vagy Death Pepper az Egyes\u00fclt Kir\u00e1lys\u00e1gb\u00f3l sz\u00e1rmaz\u00f3 Naga Bubblegum Red kereszt egyik v\u00e1ltozata, amelyet eredetileg Terry Smith termeszt\u0151 k\u00e9sz\u00edtett. Ezt el\u0151sz\u00f6r 2015-2016-ban l\u00e1ttuk sz\u00e1mos \u00fczemen. Nincs olyan v\u00e9rz\u0151 cs\u00e9sze, mint a Naga BBG 7-nek. De van egy h\u00e1l\u00f3s mint\u00e1ja a k\u00fcls\u0151 h\u00e9j\u00e1n, amely \u00fagy n\u00e9z ki, mintha bar\u00e1zd\u00e1kat v\u00e9stek volna bele.<br \/>\nA Death Spiral paprika egyed\u00fcl\u00e1ll\u00f3 abban, hogy t\u00f6bbf\u00e9le sz\u00ednben \u00e9rik. Vil\u00e1gosz\u00f6ld sz\u00ednnel kezd\u0151dnek, de \u0151szibarackig, majd narancsig \u00e9s v\u00e9g\u00fcl pirosig mennek. A paprika hegyes v\u00e9g\u0171, de n\u00e9ha farka is. A h\u0151 a legt\u00f6bb Naga t\u00edpus felett van, \u00e9s az \u00edze vir\u00e1gos, gy\u00fcm\u00f6lcs\u00f6s. El\u0151zetesen \u00e9gett, ez\u00e9rt vigy\u00e1zzon. Konzisztenci\u00e1ja nem ismert, \u00edgy sokf\u00e9le form\u00e1t \u00e9s m\u00e9retet kaphat. A Death Spiral chile n\u00f6v\u00e9nyek t\u00f6bb mint 4 l\u00e1b magasra n\u0151nek.<\/p>\n<p>Gondoz\u00e1sa:A cs\u00edr\u00e1z\u00e1si h\u0151m\u00e9rs\u00e9klet 22\u00b0C \u00e9s 28\u00b0C k\u00f6z\u00f6tt van (cs\u00edr\u00e1z\u00e1si id\u0151: 8-21 nap); ez\u00e9rt \u00fcvegh\u00e1z \u00e9s f\u0171t\u0151sz\u0151nyeg haszn\u00e1lata javasolt. A n\u00f6v\u00e9nyeknek friss, j\u00f3l tr\u00e1gy\u00e1zott, v\u00edz\u00e1tereszt\u0151 talajra van sz\u00fcks\u00e9g\u00fck, nem t\u0171rik a bevizesed\u00e9st. Napos, v\u00e9dett helyre \u00fcltess\u00fck, ahol legal\u00e1bb 6 \u00f3ra \u2013 lehet\u0151leg t\u00f6bb \u2013 napf\u00e9ny \u00e9ri. Tedd ki a n\u00f6v\u00e9nyeket kb. 2-3 h\u00e9ttel az utols\u00f3 fagy ut\u00e1n. Mivel a n\u00f6v\u00e9nyeknek k\u00fcl\u00f6n\u00f6sen hossz\u00fa az \u00e9r\u00e9si ideje, \u00e9rdemes cser\u00e9pben termeszteni \u0151ket, \u00edgy a napk\u00f6zbeni h\u0151m\u00e9rs\u00e9klet 12\u00b0C al\u00e1 s\u00fcllyed\u00e9sekor k\u00f6nnyen be lehet vinni a n\u00f6v\u00e9nyt, \u00edgy minden gy\u00fcm\u00f6lcs be\u00e9rik. Ahhoz, hogy a n\u00f6v\u00e9nyt t\u00e9len is meg\u0151rizze, betakar\u00edt\u00e1s ut\u00e1n v\u00e1gja vissza 20 cm-rel, \u00e9s tegye vil\u00e1gos helyre, ahol legal\u00e1bb 15\u00b0C h\u0151m\u00e9rs\u00e9klet\u0171.<\/p>\n<p>T\u00edpus Capsicum Chinense<\/p>\n<p>Scoville:1.300.000-<\/p>\n<p>A csomag 10 szem magot tartalmaz<\/p>\n","protected":false},"featured_media":15859,"comment_status":"closed","ping_status":"closed","template":"","meta":[],"product_brand":[],"product_cat":[8],"product_tag":[],"class_list":{"0":"post-15858","1":"product","2":"type-product","3":"status-publish","4":"has-post-thumbnail","6":"product_cat-paprika","8":"first","9":"outofstock","10":"taxable","11":"shipping-taxable","12":"purchasable","13":"product-type-simple"},"_links":{"self":[{"href":"https:\/\/chilimag.hu\/webshop\/wp-json\/wp\/v2\/product\/15858","targetHints":{"allow":["GET"]}}],"collection":[{"href":"https:\/\/chilimag.hu\/webshop\/wp-json\/wp\/v2\/product"}],"about":[{"href":"https:\/\/chilimag.hu\/webshop\/wp-json\/wp\/v2\/types\/product"}],"replies":[{"embeddable":true,"href":"https:\/\/chilimag.hu\/webshop\/wp-json\/wp\/v2\/comments?post=15858"}],"wp:featuredmedia":[{"embeddable":true,"href":"https:\/\/chilimag.hu\/webshop\/wp-json\/wp\/v2\/media\/15859"}],"wp:attachment":[{"href":"https:\/\/chilimag.hu\/webshop\/wp-json\/wp\/v2\/media?parent=15858"}],"wp:term":[{"taxonomy":"product_brand","embeddable":true,"href":"https:\/\/chilimag.hu\/webshop\/wp-json\/wp\/v2\/product_brand?post=15858"},{"taxonomy":"product_cat","embeddable":true,"href":"https:\/\/chilimag.hu\/webshop\/wp-json\/wp\/v2\/product_cat?post=15858"},{"taxonomy":"product_tag","embeddable":true,"href":"https:\/\/chilimag.hu\/webshop\/wp-json\/wp\/v2\/product_tag?post=15858"}],"curies":[{"name":"wp","href":"https:\/\/api.w.org\/{rel}","templated":true}]}}