{"id":15854,"date":"2021-12-05T14:52:47","date_gmt":"2021-12-05T14:52:47","guid":{"rendered":"https:\/\/chilimag.hu\/webshop\/?post_type=product&#038;p=15854"},"modified":"2026-02-03T10:07:27","modified_gmt":"2026-02-03T10:07:27","slug":"chiltepin-capuccino","status":"publish","type":"product","link":"https:\/\/chilimag.hu\/webshop\/termek\/chiltepin-capuccino\/","title":{"rendered":"Capuccino Chiltepin"},"content":{"rendered":"","protected":false},"excerpt":{"rendered":"<p><img decoding=\"async\" src=\"https:\/\/chilimag.hu\/webshop\/wp-content\/uploads\/2014\/11\/chilimag-logo-2-150x150.jpg\" \/><\/p>\n<p>Le\u00edr\u00e1s<\/p>\n<p>A Cappuccino Chiltepin (C. annuum var. glabriusculum), m\u00e1s n\u00e9ven \u201eBrown Chiltepin\u201d egy ritka vadon \u00e9l\u0151 fajta a mexik\u00f3i Sonoran-sivatag r\u00e9gi\u00f3j\u00e1b\u00f3l. A Desierto de Altar n\u00e9ven is ismert Sonoran-sivatag a vil\u00e1g sz\u00e1raz r\u00e9gi\u00f3ja, amely az Egyes\u00fclt \u00c1llamok d\u00e9lnyugati r\u00e9sz\u00e9nek, valamint Mexik\u00f3 \u00e9szaknyugati r\u00e9sz\u00e9nek egy r\u00e9sz\u00e9t fedi le, \u00e9s ter\u00fclete k\u00f6r\u00fclbel\u00fcl 120 000 n\u00e9gyzetm\u00e9rf\u00f6ld. A legt\u00f6bb Chiltepin paprika pirosra \u00e9rik, de a s\u00e1rga \u00e9s barna v\u00e1ltozat sokkal ritk\u00e1bb. A j\u00f3l el\u00e1gaz\u00f3 n\u00f6v\u00e9nyek olyanok, mint a kis cserj\u00e9k, \u00e9s az els\u0151 \u00e9vben k\u00f6r\u00fclbel\u00fcl n\u00e9gy l\u00e1b magasra n\u0151nek. A sz\u00e1rak \u00e9s a levelek z\u00f6ld sz\u00edn\u0171ek, a vir\u00e1gok \u00f6tszirm\u00faak \u00e9s feh\u00e9rek. A n\u00f6v\u00e9nyek nagyon szapor\u00e1k, \u00e9s kis, g\u00f6mb alak\u00fa, bors\u00f3 nagys\u00e1g\u00fa chilipaprik\u00e1kat hoznak l\u00e9tre, amelyek z\u00f6lden kezd\u0151dnek, \u00e9s piszkosz\u00f6lden \u00e1t \u00e9rik, majd enyh\u00e9n v\u00f6r\u00f6ses \u00e1rnyalat\u00fa barn\u00e1kk\u00e1 v\u00e1lnak. Az \u00e9retlen term\u00e9seken enyhe antocianin bor\u00edt\u00e1s alakulhat ki, ha a n\u00f6v\u00e9nyeket er\u0151s napsug\u00e1rz\u00e1s \u00e9ri, \u00e9s amikor teljesen \u00e9rett, a term\u00e9s elkezd megpuhulni \u00e9s nagyon k\u00f6nnyen leesik a kelyh\u00e9r\u0151l (lombos).\u00c9retlen \u00e1llapotban a chili borsos \u00edz\u0171, enyh\u00e9n savanyk\u00e1s \u00e1rnyalattal, ami nem kellemetlen, de teljesen \u00e9rett \u00edze nagyon jellemz\u0151 a Chiltepinre, b\u00e1r nem annyira mark\u00e1ns, mint a piros v\u00e1ltozatn\u00e1l. A h\u0151 mindk\u00e9t esetben \u00e9les \u00e9s r\u00f6vid ideig tart\u00f3, \u00e9s t\u00f6bbnyire a torok h\u00e1ts\u00f3 r\u00e9sz\u00e9n, valamint a nyelv oldalain \u00e9s hegy\u00e9n koncentr\u00e1l\u00f3dik. Az \u00e9retlen gy\u00fcm\u00f6lcs h\u0151je valamivel tov\u00e1bb tart, mint a teljesen \u00e9rett gy\u00fcm\u00f6lcs\u00e9. Az \u00e9retlen chiltepineket gyakran p\u00e1colj\u00e1k vagy sals\u00e1khoz haszn\u00e1lj\u00e1k. Az \u00e9rett chiltepineket gyakran napon sz\u00e1r\u00edtj\u00e1k \u00e9s z\u00fazz\u00e1k, \u00e9s levesek, p\u00f6rk\u00f6ltek, h\u00fasok \u00e9s bab\u00e9telek \u00edzes\u00edt\u00e9s\u00e9re haszn\u00e1lj\u00e1k. Nagyon k\u00f6nnyen sz\u00e1radnak<\/p>\n<p>Gondoz\u00e1sa:A cs\u00edr\u00e1z\u00e1si h\u0151m\u00e9rs\u00e9klet 20 \u00e9s 28\u00b0C k\u00f6z\u00f6tt van (7-20 napos cs\u00edr\u00e1z\u00e1si id\u0151), ez\u00e9rt \u00fcvegh\u00e1z \u00e9s f\u0171t\u0151sz\u0151nyeg haszn\u00e1lata javasolt. A n\u00f6v\u00e9nyeknek friss, j\u00f3l tr\u00e1gy\u00e1zott, v\u00edz\u00e1tereszt\u0151 talajra van sz\u00fcks\u00e9g\u00fck, nem t\u0171rik a bevizesed\u00e9st. Napos, v\u00e9dett helyre kell \u00fcltetni, ahol legal\u00e1bb 6 \u00f3ra napf\u00e9ny \u2013 lehet\u0151leg t\u00f6bb. Tedd ki a n\u00f6v\u00e9nyeket kb. 2-3 h\u00e9ttel az utols\u00f3 fagy ut\u00e1n. Ha a szabadba \u00fclteti \u0151ket, akkor a n\u00f6v\u00e9nyek k\u00f6z\u00f6tt legal\u00e1bb 45 cm t\u00e1vols\u00e1gnak kell lennie.<\/p>\n<p>&nbsp;<\/p>\n<p>A csomag 10 szem magot tartalmaz<\/p>\n","protected":false},"featured_media":15855,"comment_status":"closed","ping_status":"closed","template":"","meta":[],"product_brand":[],"product_cat":[8],"product_tag":[],"class_list":{"0":"post-15854","1":"product","2":"type-product","3":"status-publish","4":"has-post-thumbnail","6":"product_cat-paprika","8":"first","9":"outofstock","10":"taxable","11":"shipping-taxable","12":"purchasable","13":"product-type-simple"},"_links":{"self":[{"href":"https:\/\/chilimag.hu\/webshop\/wp-json\/wp\/v2\/product\/15854","targetHints":{"allow":["GET"]}}],"collection":[{"href":"https:\/\/chilimag.hu\/webshop\/wp-json\/wp\/v2\/product"}],"about":[{"href":"https:\/\/chilimag.hu\/webshop\/wp-json\/wp\/v2\/types\/product"}],"replies":[{"embeddable":true,"href":"https:\/\/chilimag.hu\/webshop\/wp-json\/wp\/v2\/comments?post=15854"}],"wp:featuredmedia":[{"embeddable":true,"href":"https:\/\/chilimag.hu\/webshop\/wp-json\/wp\/v2\/media\/15855"}],"wp:attachment":[{"href":"https:\/\/chilimag.hu\/webshop\/wp-json\/wp\/v2\/media?parent=15854"}],"wp:term":[{"taxonomy":"product_brand","embeddable":true,"href":"https:\/\/chilimag.hu\/webshop\/wp-json\/wp\/v2\/product_brand?post=15854"},{"taxonomy":"product_cat","embeddable":true,"href":"https:\/\/chilimag.hu\/webshop\/wp-json\/wp\/v2\/product_cat?post=15854"},{"taxonomy":"product_tag","embeddable":true,"href":"https:\/\/chilimag.hu\/webshop\/wp-json\/wp\/v2\/product_tag?post=15854"}],"curies":[{"name":"wp","href":"https:\/\/api.w.org\/{rel}","templated":true}]}}