{"id":15850,"date":"2021-12-05T14:43:49","date_gmt":"2021-12-05T14:43:49","guid":{"rendered":"https:\/\/chilimag.hu\/webshop\/?post_type=product&#038;p=15850"},"modified":"2026-03-03T07:14:34","modified_gmt":"2026-03-03T07:14:34","slug":"aji-peanut","status":"publish","type":"product","link":"https:\/\/chilimag.hu\/webshop\/termek\/aji-peanut\/","title":{"rendered":"Aji peanut"},"content":{"rendered":"","protected":false},"excerpt":{"rendered":"<p><img decoding=\"async\" src=\"https:\/\/chilimag.hu\/webshop\/wp-content\/uploads\/2014\/11\/chilimag-logo-2-150x150.jpg\" \/><\/p>\n<p>Le\u00edr\u00e1s<\/p>\n<p>Az Aji Peanut egy nagy, ritka Baccatum fajta D\u00e9l-Amerik\u00e1b\u00f3l. Csod\u00e1latos k\u00f6r\u00fclbel\u00fcl 5 cm hossz\u00fa gy\u00fcm\u00f6lcstermel\u0151, amely a f\u00f6ldimogyor\u00f3 h\u00e9j\u00e1ra eml\u00e9keztet. Ezek a z\u00f6ldt\u0151l a t\u0171zpirosig \u00e9rnek, \u00e9s enyhe, \u00e9des citrus \u00edz\u0171ek. A fajta k\u00f6nnyen termeszthet\u0151 \u00e9s nagyon term\u0151.\u00cdme az Aji f\u00f6ldimogyor\u00f3 bors, Capsicum baccatum, scoville 30 000 SHU. Nem gyakori baccatum fajta, hossz\u00fak\u00e1s, 2&#8243;-os, r\u00e1ncos fel\u00fclet\u0171 gy\u00fcm\u00f6lcs\u00f6kkel. Az \u00e9rett gy\u00fcm\u00f6lcs\u00f6k kiss\u00e9 f\u00f6ldimogyor\u00f3h\u00e9jra eml\u00e9keztetnek. Keveset tudunk err\u0151l a paprikar\u00f3l. Ezt a szokatlan fajt els\u0151sorban D\u00e9l-Amerik\u00e1ban termesztik, ahol a helyiek &#8222;Aji&#8221;-k\u00e9nt emlegetik. &#8222;. Diff\u00faz s\u00e1rga vagy z\u00f6ld foltok jellemzik a korollalebenyek (vir\u00e1gszirmok) t\u00f6v\u00e9ben. A n\u00f6v\u00e9nyek meglehet\u0151sen magasak a paprik\u00e1khoz k\u00e9pest, legfeljebb 5 m\u00e9ter. A paprika m\u00e9rete az apr\u00f3 bogy\u00f3kt\u00f3l egyes vadon \u00e9l\u0151 fajt\u00e1kn\u00e1l a felettiig terjedhet. egy l\u00e1b hossz\u00fa, gyakran \u00e9l\u00e9nk sz\u00edn\u0171 \u00e9s nagyon \u00edzletes Ez a faj olyan paprika, mint az Aji Amarillo, Aji Colorado, Aji Andean \u00e9s a Lemon Drop 80-90 napig.<\/p>\n<p>Gondoz\u00e1saA cs\u00edr\u00e1z\u00e1si h\u0151m\u00e9rs\u00e9klet 22\u00b0C \u00e9s 28\u00b0C k\u00f6z\u00f6tt van (cs\u00edr\u00e1z\u00e1si id\u0151: 8-20 nap); ez\u00e9rt \u00fcvegh\u00e1z \u00e9s f\u0171t\u0151sz\u0151nyeg haszn\u00e1lata javasolt. A n\u00f6v\u00e9nyeknek friss, j\u00f3l tr\u00e1gy\u00e1zott v\u00edz\u00e1tereszt\u0151 talajra van sz\u00fcks\u00e9g\u00fck, \u00e9s nem szabad \u00e1ll\u00f3v\u00edzben hagyni. Napos, v\u00e9dett helyre kell helyezni, ahol legal\u00e1bb napi 6 \u00f3ra napf\u00e9ny \u00e9ri, ha nem t\u00f6bb. A n\u00f6v\u00e9nyek kihelyez\u00e9s\u00e9nek legkor\u00e1bbi id\u0151pontja az utols\u00f3 fagy ut\u00e1n 2-3 h\u00e9t. Ha a Lemon Drop chili paprik\u00e1t a szabadban \u00fclteti, \u00fcgyeljen arra, hogy az egyes n\u00f6v\u00e9nyek k\u00f6z\u00f6tt legal\u00e1bb 80 cm t\u00e1vols\u00e1g legyen. B\u00e1rmilyen probl\u00e9ma eset\u00e9n cser\u00e9pben is termeszthet\u0151k. A n\u00f6v\u00e9nyeket eg\u00e9sz t\u00e9len k\u00f6nny\u0171 gondozni, ha cser\u00e9pben termesztik \u0151ket. El\u0151fordulhat, hogy kiss\u00e9 vissza kell v\u00e1gni, \u00e9s vil\u00e1gos helyre kell tenni, ahol legal\u00e1bb 15\u00b0C h\u0151m\u00e9rs\u00e9klet\u0171.<\/p>\n<p>A csomag 10 szem magot tartalmaz<\/p>\n<p>&nbsp;<\/p>\n","protected":false},"featured_media":15851,"comment_status":"closed","ping_status":"closed","template":"","meta":[],"product_brand":[],"product_cat":[8],"product_tag":[],"class_list":{"0":"post-15850","1":"product","2":"type-product","3":"status-publish","4":"has-post-thumbnail","6":"product_cat-paprika","8":"first","9":"instock","10":"taxable","11":"shipping-taxable","12":"purchasable","13":"product-type-simple"},"_links":{"self":[{"href":"https:\/\/chilimag.hu\/webshop\/wp-json\/wp\/v2\/product\/15850","targetHints":{"allow":["GET"]}}],"collection":[{"href":"https:\/\/chilimag.hu\/webshop\/wp-json\/wp\/v2\/product"}],"about":[{"href":"https:\/\/chilimag.hu\/webshop\/wp-json\/wp\/v2\/types\/product"}],"replies":[{"embeddable":true,"href":"https:\/\/chilimag.hu\/webshop\/wp-json\/wp\/v2\/comments?post=15850"}],"wp:featuredmedia":[{"embeddable":true,"href":"https:\/\/chilimag.hu\/webshop\/wp-json\/wp\/v2\/media\/15851"}],"wp:attachment":[{"href":"https:\/\/chilimag.hu\/webshop\/wp-json\/wp\/v2\/media?parent=15850"}],"wp:term":[{"taxonomy":"product_brand","embeddable":true,"href":"https:\/\/chilimag.hu\/webshop\/wp-json\/wp\/v2\/product_brand?post=15850"},{"taxonomy":"product_cat","embeddable":true,"href":"https:\/\/chilimag.hu\/webshop\/wp-json\/wp\/v2\/product_cat?post=15850"},{"taxonomy":"product_tag","embeddable":true,"href":"https:\/\/chilimag.hu\/webshop\/wp-json\/wp\/v2\/product_tag?post=15850"}],"curies":[{"name":"wp","href":"https:\/\/api.w.org\/{rel}","templated":true}]}}