{"id":158,"date":"2014-11-08T14:32:17","date_gmt":"2014-11-08T14:32:17","guid":{"rendered":"https:\/\/chilimag.hu\/webshop\/?post_type=product&#038;p=158"},"modified":"2025-08-11T08:06:17","modified_gmt":"2025-08-11T08:06:17","slug":"cayenne-long-slim","status":"publish","type":"product","link":"https:\/\/chilimag.hu\/webshop\/termek\/cayenne-long-slim\/","title":{"rendered":"Cayenne Long Slim"},"content":{"rendered":"","protected":false},"excerpt":{"rendered":"<p><img decoding=\"async\" src=\"https:\/\/chilimag.hu\/webshop\/wp-content\/uploads\/2014\/11\/chilimag-logo-2-150x150.jpg\" \/><\/p>\n<p>Le\u00edr\u00e1s<\/p>\n<p>A cayenne chili paprika az egyik legelterjedtebb chilifajta a vil\u00e1gon, \u00e9s igazi klasszikus a f\u0171szertart\u00f3n. A fajta Latin-Amerik\u00e1b\u00f3l sz\u00e1rmazik, \u00e9s a mi vil\u00e1gunkban t\u00falnyom\u00f3r\u00e9szt &#8222;cayenne borsk\u00e9nt&#8221; \u00e1rus\u00edtj\u00e1k. A n\u00e9v azonban n\u00e9mi zavart okozhat, mivel nem a (fekete) borsra utal, ahogy azt felt\u00e9telezik, hanem a por\u00edtott chilipaprik\u00e1ra.<\/p>\n<p>A Cayenne Long Slim chili nagyon magas hozam\u00fa fajta, melynek term\u00e9se pirosra \u00e9rik. A nagyon hossz\u00fa, v\u00e9kony term\u00e9sek v\u00e9kony k\u00fcls\u0151 r\u00e9teggel rendelkeznek, kiv\u00e1l\u00f3an alkalmasak sz\u00e1r\u00edt\u00e1sra, vagy &#8222;ristra&#8221; k\u00e9sz\u00edt\u00e9s\u00e9re, ahol sok paprika k\u00f6t \u00f6ssze egy hossz\u00fa madzagra. Porr\u00e1 \u0151r\u00f6lve ez a chili remek f\u0171szerez\u00e9st ad, \u00e9s t\u00f6k\u00e9letes kis l\u00f6k\u00e9st adhat a pizz\u00e1knak.<\/p>\n<p>Gondoz\u00e1s: A cs\u00edr\u00e1z\u00e1si h\u0151m\u00e9rs\u00e9klet 22\u00b0C \u00e9s 28\u00b0C k\u00f6z\u00f6tt van (cs\u00edr\u00e1z\u00e1si id\u0151: 6-20 nap); ez\u00e9rt \u00fcvegh\u00e1z \u00e9s f\u0171t\u0151sz\u0151nyeg haszn\u00e1lata javasolt. A n\u00f6v\u00e9nyeknek friss, j\u00f3l tr\u00e1gy\u00e1zott v\u00edz\u00e1tereszt\u0151 talajra van sz\u00fcks\u00e9g\u00fck, \u00e9s nem szabad \u00e1ll\u00f3v\u00edzben hagyni. Napos, v\u00e9dett helyre kell helyezni, ahol legal\u00e1bb napi 6 \u00f3ra napf\u00e9ny \u00e9ri, ha nem t\u00f6bb. K\u00f6r\u00fclbel\u00fcl 2-3 h\u00e9ttel az utols\u00f3 fagy ut\u00e1n helyezze ki a n\u00f6v\u00e9nyeket a szabadba. Amikor a pal\u00e1nt\u00e1kat a szabadba \u00fclteti, \u00fcgyeljen arra, hogy az egyes n\u00f6v\u00e9nyek k\u00f6z\u00f6tt legal\u00e1bb 45 cm t\u00e1vols\u00e1g legyen. A f\u0151 betakar\u00edt\u00e1st k\u00f6r\u00fclbel\u00fcl 3 h\u00f3napos \u00e9r\u00e9si id\u0151 ut\u00e1n kell elv\u00e9gezni.<\/p>\n<p>Capsicum annuum t\u00edpus<br \/>\nF\u0171szerszint 6-7<br \/>\nScoville 10 000 &#8211; 30 000 SHU<br \/>\nOptim\u00e1lis cs\u00edr\u00e1z\u00e1si h\u0151m\u00e9rs\u00e9klet 22 &#8211; 28 \u00b0C<br \/>\nVet\u00e9s jan-\u00e1pr<br \/>\nFeh\u00e9r vir\u00e1gok (m\u00e1jus-augusztus)<br \/>\nN\u00f6veked\u00e9si szok\u00e1s Fel\u00e1ll\u00f3, 60-100 cm magas<br \/>\n\u00c9rlel\u00e9s Z\u00f6ldt\u0151l v\u00f6r\u00f6sig<br \/>\nGy\u00fcm\u00f6lcs megjelen\u00e9se 12-15 cm hossz\u00fa, megny\u00falt term\u00e9sek<br \/>\n\u00c9rlel\u00e9si id\u0151 70-80 nap<br \/>\nSz\u00e1rmaz\u00e1si hely Mexik\u00f3<\/p>\n<p>&nbsp;<\/p>\n<p>A csomag 10 szem \u00a0magot tartalmaz<\/p>\n","protected":false},"featured_media":159,"comment_status":"open","ping_status":"closed","template":"","meta":[],"product_brand":[],"product_cat":[8],"product_tag":[],"class_list":{"0":"post-158","1":"product","2":"type-product","3":"status-publish","4":"has-post-thumbnail","6":"product_cat-paprika","8":"first","9":"instock","10":"taxable","11":"shipping-taxable","12":"purchasable","13":"product-type-simple"},"_links":{"self":[{"href":"https:\/\/chilimag.hu\/webshop\/wp-json\/wp\/v2\/product\/158","targetHints":{"allow":["GET"]}}],"collection":[{"href":"https:\/\/chilimag.hu\/webshop\/wp-json\/wp\/v2\/product"}],"about":[{"href":"https:\/\/chilimag.hu\/webshop\/wp-json\/wp\/v2\/types\/product"}],"replies":[{"embeddable":true,"href":"https:\/\/chilimag.hu\/webshop\/wp-json\/wp\/v2\/comments?post=158"}],"wp:featuredmedia":[{"embeddable":true,"href":"https:\/\/chilimag.hu\/webshop\/wp-json\/wp\/v2\/media\/159"}],"wp:attachment":[{"href":"https:\/\/chilimag.hu\/webshop\/wp-json\/wp\/v2\/media?parent=158"}],"wp:term":[{"taxonomy":"product_brand","embeddable":true,"href":"https:\/\/chilimag.hu\/webshop\/wp-json\/wp\/v2\/product_brand?post=158"},{"taxonomy":"product_cat","embeddable":true,"href":"https:\/\/chilimag.hu\/webshop\/wp-json\/wp\/v2\/product_cat?post=158"},{"taxonomy":"product_tag","embeddable":true,"href":"https:\/\/chilimag.hu\/webshop\/wp-json\/wp\/v2\/product_tag?post=158"}],"curies":[{"name":"wp","href":"https:\/\/api.w.org\/{rel}","templated":true}]}}