{"id":15765,"date":"2021-11-14T16:21:32","date_gmt":"2021-11-14T16:21:32","guid":{"rendered":"https:\/\/chilimag.hu\/webshop\/?post_type=product&#038;p=15765"},"modified":"2026-02-24T17:20:40","modified_gmt":"2026-02-24T17:20:40","slug":"paprika-cahuna-f1","status":"publish","type":"product","link":"https:\/\/chilimag.hu\/webshop\/termek\/paprika-cahuna-f1\/","title":{"rendered":"Paprika Cahuna F1 Capsico"},"content":{"rendered":"<p>&nbsp;<\/p>\n<p>&nbsp;<\/p>\n","protected":false},"excerpt":{"rendered":"<p><img decoding=\"async\" class=\"sFlh5c FyHeAf iPVvYb\" src=\"https:\/\/c.cdnmp.net\/592978066\/brands\/1000108_logo.png\" alt=\"Capsico - Seminte1\" width=\"148\" height=\"83\" \/><\/p>\n<p><strong>Le\u00edr\u00e1s<\/strong><\/p>\n<p class=\"p1\">Korai, \u00e1ruh\u00e1zi \u00e9s friss piaci \u00e9rt\u00e9kes\u00edt\u00e9sre is haszn\u00e1lhat\u00f3 k\u00e1pia t\u00edpus. Term\u00e9sei nagyon mutat\u00f3sak, s\u00f6t\u00e9tz\u00f6ldb\u0151l m\u00e9lypiros, bord\u00f3s sz\u00ednbe \u00e9rnek, sim\u00e1k \u00e9s f\u00e9nyesek, nagyr\u00e9szt lap\u00edtottak. Magas sz\u00e1razanyag tartalommal rendelkezik, nagyon j\u00f3l \u00e9s folyamatosan<\/p>\n<p class=\"p1\">k\u00f6t. Term\u00e9sv\u00e9ge nem hegyesedik, v\u00e9konyodik el t\u00fals\u00e1gosan, \u00edgy szed\u00e9s, oszt\u00e1lyoz\u00e1s vagy az \u00e1ru \u00f6sszek\u00e9sz\u00edt\u00e9se k\u00f6zben sem s\u00e9r\u00fcl. Kiemelked\u0151 rezisztenciacsomagja miatt szabadf\u00f6ldre, hajtat\u00e1sra, talajra \u00e9s talaj n\u00e9lk\u00fcli technol\u00f3gi\u00e1kra is javasoljuk.<\/p>\n<p>A csomag 100 szem magot tartalmaz<\/p>\n","protected":false},"featured_media":15766,"comment_status":"closed","ping_status":"closed","template":"","meta":[],"product_brand":[],"product_cat":[319],"product_tag":[],"class_list":{"0":"post-15765","1":"product","2":"type-product","3":"status-publish","4":"has-post-thumbnail","6":"product_cat-capsico-vetomagok","8":"first","9":"outofstock","10":"taxable","11":"shipping-taxable","12":"purchasable","13":"product-type-simple"},"_links":{"self":[{"href":"https:\/\/chilimag.hu\/webshop\/wp-json\/wp\/v2\/product\/15765","targetHints":{"allow":["GET"]}}],"collection":[{"href":"https:\/\/chilimag.hu\/webshop\/wp-json\/wp\/v2\/product"}],"about":[{"href":"https:\/\/chilimag.hu\/webshop\/wp-json\/wp\/v2\/types\/product"}],"replies":[{"embeddable":true,"href":"https:\/\/chilimag.hu\/webshop\/wp-json\/wp\/v2\/comments?post=15765"}],"wp:featuredmedia":[{"embeddable":true,"href":"https:\/\/chilimag.hu\/webshop\/wp-json\/wp\/v2\/media\/15766"}],"wp:attachment":[{"href":"https:\/\/chilimag.hu\/webshop\/wp-json\/wp\/v2\/media?parent=15765"}],"wp:term":[{"taxonomy":"product_brand","embeddable":true,"href":"https:\/\/chilimag.hu\/webshop\/wp-json\/wp\/v2\/product_brand?post=15765"},{"taxonomy":"product_cat","embeddable":true,"href":"https:\/\/chilimag.hu\/webshop\/wp-json\/wp\/v2\/product_cat?post=15765"},{"taxonomy":"product_tag","embeddable":true,"href":"https:\/\/chilimag.hu\/webshop\/wp-json\/wp\/v2\/product_tag?post=15765"}],"curies":[{"name":"wp","href":"https:\/\/api.w.org\/{rel}","templated":true}]}}