{"id":15761,"date":"2021-11-14T16:19:47","date_gmt":"2021-11-14T16:19:47","guid":{"rendered":"https:\/\/chilimag.hu\/webshop\/?post_type=product&#038;p=15761"},"modified":"2026-02-26T12:50:26","modified_gmt":"2026-02-26T12:50:26","slug":"paprika-carina-f1","status":"publish","type":"product","link":"https:\/\/chilimag.hu\/webshop\/termek\/paprika-carina-f1\/","title":{"rendered":"Paprika Carina F1 Capsico"},"content":{"rendered":"<p>&nbsp;<\/p>\n<p>&nbsp;<\/p>\n","protected":false},"excerpt":{"rendered":"<p><img decoding=\"async\" class=\"sFlh5c FyHeAf iPVvYb\" src=\"https:\/\/c.cdnmp.net\/592978066\/brands\/1000108_logo.png\" alt=\"Capsico - Seminte1\" width=\"148\" height=\"83\" \/><\/p>\n<p><strong>Le\u00edr\u00e1s<\/strong><\/p>\n<p class=\"p1\">Kiemelked\u0151en korai, els\u0151sorban \u00e1ruh\u00e1zi \u00e9rt\u00e9kes\u00edt\u00e9sre kiv\u00e1l\u00f3 k\u00e1pia fajta. V\u00e1ll\u00e1tm\u00e9r\u0151je megb\u00edzhat\u00f3an 5 cm feletti, \u00e1tlagos hossza nem haladja meg a 16 cm-t. K\u00f6z\u00e9pz\u00f6ldb\u0151l f\u00e9nyespirosba \u00e9rik, nagyon gyorsan \u00e9s egyenletesen sz\u00ednez\u0151dik. Term\u00e9sei t\u00falnyom\u00f3r\u00e9szt<\/p>\n<p class=\"p1\">lap\u00edtottak, mikroreped\u00e9sre nem hajlamosak. Term\u00e9sk\u00f6t\u0151d\u00e9se rendk\u00edv\u00fcl j\u00f3, extra sok bogy\u00f3t tud kinevelni.<\/p>\n<p class=\"p1\">Magas sz\u00e1razanyag-tartalommal rendelkezik, pult\u00e1ll\u00f3s\u00e1ga kiv\u00e1l\u00f3. Szabadf\u00f6ldre, f\u0171t\u00f6tt \u00e9s hideghajtat\u00e1sra, talajra \u00e9s talaj n\u00e9lk\u00fcli technol\u00f3gi\u00e1kra is javasoljuk.<\/p>\n<p class=\"p1\">Capsicum annuum<br \/>\nA csomag 100 szem magot tartalmaz<\/p>\n","protected":false},"featured_media":15762,"comment_status":"closed","ping_status":"closed","template":"","meta":[],"product_brand":[],"product_cat":[319],"product_tag":[],"class_list":{"0":"post-15761","1":"product","2":"type-product","3":"status-publish","4":"has-post-thumbnail","6":"product_cat-capsico-vetomagok","8":"first","9":"outofstock","10":"taxable","11":"shipping-taxable","12":"purchasable","13":"product-type-simple"},"_links":{"self":[{"href":"https:\/\/chilimag.hu\/webshop\/wp-json\/wp\/v2\/product\/15761","targetHints":{"allow":["GET"]}}],"collection":[{"href":"https:\/\/chilimag.hu\/webshop\/wp-json\/wp\/v2\/product"}],"about":[{"href":"https:\/\/chilimag.hu\/webshop\/wp-json\/wp\/v2\/types\/product"}],"replies":[{"embeddable":true,"href":"https:\/\/chilimag.hu\/webshop\/wp-json\/wp\/v2\/comments?post=15761"}],"wp:featuredmedia":[{"embeddable":true,"href":"https:\/\/chilimag.hu\/webshop\/wp-json\/wp\/v2\/media\/15762"}],"wp:attachment":[{"href":"https:\/\/chilimag.hu\/webshop\/wp-json\/wp\/v2\/media?parent=15761"}],"wp:term":[{"taxonomy":"product_brand","embeddable":true,"href":"https:\/\/chilimag.hu\/webshop\/wp-json\/wp\/v2\/product_brand?post=15761"},{"taxonomy":"product_cat","embeddable":true,"href":"https:\/\/chilimag.hu\/webshop\/wp-json\/wp\/v2\/product_cat?post=15761"},{"taxonomy":"product_tag","embeddable":true,"href":"https:\/\/chilimag.hu\/webshop\/wp-json\/wp\/v2\/product_tag?post=15761"}],"curies":[{"name":"wp","href":"https:\/\/api.w.org\/{rel}","templated":true}]}}