{"id":15759,"date":"2021-11-14T16:19:10","date_gmt":"2021-11-14T16:19:10","guid":{"rendered":"https:\/\/chilimag.hu\/webshop\/?post_type=product&#038;p=15759"},"modified":"2026-03-08T19:10:37","modified_gmt":"2026-03-08T19:10:37","slug":"paprika-krypton-f1","status":"publish","type":"product","link":"https:\/\/chilimag.hu\/webshop\/termek\/paprika-krypton-f1\/","title":{"rendered":"Paprika Krypton F1 Capsico"},"content":{"rendered":"","protected":false},"excerpt":{"rendered":"<p><img decoding=\"async\" class=\"sFlh5c FyHeAf iPVvYb\" src=\"https:\/\/c.cdnmp.net\/592978066\/brands\/1000108_logo.png\" alt=\"Capsico - Seminte1\" width=\"148\" height=\"83\" \/><\/p>\n<p><strong>Le\u00edr\u00e1s<\/strong><\/p>\n<p class=\"p1\">Korai, nagy test\u0171 k\u00e1pia t\u00edpus, s\u00falyos bogy\u00f3kkal, robusztus v\u00e1ll\u00e1tm\u00e9r\u0151vel. K\u00f6z\u00e9pz\u00f6ldb\u0151l egyenletesen \u00e9s gyorsan sz\u00ednez\u0151dik pirosba. Term\u00e9sei f\u00e9nyesek, sima fel\u00fclet\u0171ek, kalciumhi\u00e1nyos foltoss\u00e1gra nem hajlamosak. K\u00f6z\u00e9per\u0151s n\u00f6veked\u00e9s\u0171 fajta, er\u0151s gy\u00f6-<\/p>\n<p class=\"p1\">k\u00e9rzettel, stabil \u00e1grendszerrel. Vastag h\u00fasa, egyenletes piros sz\u00edne \u00e9s magas szeletkihozatala miatt nemcsak friss piacra, de feldolgoz\u00e1sra is aj\u00e1nljuk. Szabadf\u00f6ldre \u00e9s hideghajtat\u00e1sra javasoljuk, felk\u00f6t\u00f6zve \u00e9s kordonos rendszerben is sikerrel termeszthet\u0151.<\/p>\n<p>Capsicum annuum<br \/>\nA csomag 100 szem magot tartalmaz<\/p>\n","protected":false},"featured_media":15760,"comment_status":"closed","ping_status":"closed","template":"","meta":[],"product_brand":[],"product_cat":[319],"product_tag":[],"class_list":{"0":"post-15759","1":"product","2":"type-product","3":"status-publish","4":"has-post-thumbnail","6":"product_cat-capsico-vetomagok","8":"first","9":"instock","10":"taxable","11":"shipping-taxable","12":"purchasable","13":"product-type-simple"},"_links":{"self":[{"href":"https:\/\/chilimag.hu\/webshop\/wp-json\/wp\/v2\/product\/15759","targetHints":{"allow":["GET"]}}],"collection":[{"href":"https:\/\/chilimag.hu\/webshop\/wp-json\/wp\/v2\/product"}],"about":[{"href":"https:\/\/chilimag.hu\/webshop\/wp-json\/wp\/v2\/types\/product"}],"replies":[{"embeddable":true,"href":"https:\/\/chilimag.hu\/webshop\/wp-json\/wp\/v2\/comments?post=15759"}],"wp:featuredmedia":[{"embeddable":true,"href":"https:\/\/chilimag.hu\/webshop\/wp-json\/wp\/v2\/media\/15760"}],"wp:attachment":[{"href":"https:\/\/chilimag.hu\/webshop\/wp-json\/wp\/v2\/media?parent=15759"}],"wp:term":[{"taxonomy":"product_brand","embeddable":true,"href":"https:\/\/chilimag.hu\/webshop\/wp-json\/wp\/v2\/product_brand?post=15759"},{"taxonomy":"product_cat","embeddable":true,"href":"https:\/\/chilimag.hu\/webshop\/wp-json\/wp\/v2\/product_cat?post=15759"},{"taxonomy":"product_tag","embeddable":true,"href":"https:\/\/chilimag.hu\/webshop\/wp-json\/wp\/v2\/product_tag?post=15759"}],"curies":[{"name":"wp","href":"https:\/\/api.w.org\/{rel}","templated":true}]}}