{"id":15552,"date":"2021-10-30T19:31:27","date_gmt":"2021-10-30T19:31:27","guid":{"rendered":"https:\/\/chilimag.hu\/webshop\/?post_type=product&#038;p=15552"},"modified":"2026-05-11T11:07:00","modified_gmt":"2026-05-11T11:07:00","slug":"szaporitolada","status":"publish","type":"product","link":"https:\/\/chilimag.hu\/webshop\/termek\/szaporitolada\/","title":{"rendered":"Szapor\u00edt\u00f3l\u00e1da"},"content":{"rendered":"","protected":false},"excerpt":{"rendered":"<p><strong><em><span style=\"color: #ff0000;\">Abban az esetben, ha a megrendel\u00e9s meghaladja a 27 db-ot, a csomag terjedelme miatt csak k\u00e9t csomagban tudjuk sz\u00e1ll\u00edtani.<\/span><\/em><\/strong><\/p>\n<p>M\u0171anyag szapor\u00edt\u00f3l\u00e1da.<br \/>\nFekete sz\u00edn\u0171.<br \/>\nM\u00e9ret: 58 x 30 x 6 cm<\/p>\n<p>Sz\u00f6gletes pal\u00e1nt\u00e1z\u00f3 cser\u00e9pb\u0151l r\u00e1rakhat\u00f3\u00a0mennyis\u00e9gek.<br \/>\n&#8211; 50db 5,5&#215;5,5cm cser\u00e9p<br \/>\n&#8211; 32db 7x7cm cser\u00e9p<br \/>\n&#8211; 18db 9x9cm cser\u00e9p<br \/>\nKerek pal\u00e1nt\u00e1z\u00f3 cser\u00e9pb\u0151l r\u00e1rakhat\u00f3:<br \/>\n&#8211; 21db 8cm cser\u00e9p<br \/>\n&#8211; 15db 10cm cser\u00e9p<\/p>\n<p>Cikksz\u00e1m:CK-519 KK<\/p>\n<p>&nbsp;<\/p>\n","protected":false},"featured_media":15553,"comment_status":"closed","ping_status":"closed","template":"","meta":[],"product_brand":[],"product_cat":[336],"product_tag":[],"class_list":{"0":"post-15552","1":"product","2":"type-product","3":"status-publish","4":"has-post-thumbnail","6":"product_cat-vetotalcak-ulteto-cserepek-es-palanta-nevelok","8":"first","9":"instock","10":"taxable","11":"shipping-taxable","12":"purchasable","13":"product-type-simple"},"_links":{"self":[{"href":"https:\/\/chilimag.hu\/webshop\/wp-json\/wp\/v2\/product\/15552","targetHints":{"allow":["GET"]}}],"collection":[{"href":"https:\/\/chilimag.hu\/webshop\/wp-json\/wp\/v2\/product"}],"about":[{"href":"https:\/\/chilimag.hu\/webshop\/wp-json\/wp\/v2\/types\/product"}],"replies":[{"embeddable":true,"href":"https:\/\/chilimag.hu\/webshop\/wp-json\/wp\/v2\/comments?post=15552"}],"wp:featuredmedia":[{"embeddable":true,"href":"https:\/\/chilimag.hu\/webshop\/wp-json\/wp\/v2\/media\/15553"}],"wp:attachment":[{"href":"https:\/\/chilimag.hu\/webshop\/wp-json\/wp\/v2\/media?parent=15552"}],"wp:term":[{"taxonomy":"product_brand","embeddable":true,"href":"https:\/\/chilimag.hu\/webshop\/wp-json\/wp\/v2\/product_brand?post=15552"},{"taxonomy":"product_cat","embeddable":true,"href":"https:\/\/chilimag.hu\/webshop\/wp-json\/wp\/v2\/product_cat?post=15552"},{"taxonomy":"product_tag","embeddable":true,"href":"https:\/\/chilimag.hu\/webshop\/wp-json\/wp\/v2\/product_tag?post=15552"}],"curies":[{"name":"wp","href":"https:\/\/api.w.org\/{rel}","templated":true}]}}