{"id":15536,"date":"2021-10-30T18:47:19","date_gmt":"2021-10-30T18:47:19","guid":{"rendered":"https:\/\/chilimag.hu\/webshop\/?post_type=product&#038;p=15536"},"modified":"2026-03-12T02:07:17","modified_gmt":"2026-03-12T02:07:17","slug":"vetotalca-66-os","status":"publish","type":"product","link":"https:\/\/chilimag.hu\/webshop\/termek\/vetotalca-66-os\/","title":{"rendered":"Vet\u0151t\u00e1lca 66-os"},"content":{"rendered":"","protected":false},"excerpt":{"rendered":"<p>Pal\u00e1ntanevel\u0151 t\u00e1lca 66 lyukas.<br \/>\nT\u00e1lca m\u00e9rete: 51&#215;28,5cm<br \/>\nLyuk m\u00e9rete: 3,5&#215;3,5&#215;4,5cm<\/p>\n<p>Cikksz\u00e1m:CK-514 KK<\/p>\n","protected":false},"featured_media":15537,"comment_status":"closed","ping_status":"closed","template":"","meta":[],"product_brand":[],"product_cat":[336],"product_tag":[],"class_list":{"0":"post-15536","1":"product","2":"type-product","3":"status-publish","4":"has-post-thumbnail","6":"product_cat-vetotalcak-ulteto-cserepek-es-palanta-nevelok","8":"first","9":"instock","10":"taxable","11":"shipping-taxable","12":"purchasable","13":"product-type-simple"},"_links":{"self":[{"href":"https:\/\/chilimag.hu\/webshop\/wp-json\/wp\/v2\/product\/15536","targetHints":{"allow":["GET"]}}],"collection":[{"href":"https:\/\/chilimag.hu\/webshop\/wp-json\/wp\/v2\/product"}],"about":[{"href":"https:\/\/chilimag.hu\/webshop\/wp-json\/wp\/v2\/types\/product"}],"replies":[{"embeddable":true,"href":"https:\/\/chilimag.hu\/webshop\/wp-json\/wp\/v2\/comments?post=15536"}],"wp:featuredmedia":[{"embeddable":true,"href":"https:\/\/chilimag.hu\/webshop\/wp-json\/wp\/v2\/media\/15537"}],"wp:attachment":[{"href":"https:\/\/chilimag.hu\/webshop\/wp-json\/wp\/v2\/media?parent=15536"}],"wp:term":[{"taxonomy":"product_brand","embeddable":true,"href":"https:\/\/chilimag.hu\/webshop\/wp-json\/wp\/v2\/product_brand?post=15536"},{"taxonomy":"product_cat","embeddable":true,"href":"https:\/\/chilimag.hu\/webshop\/wp-json\/wp\/v2\/product_cat?post=15536"},{"taxonomy":"product_tag","embeddable":true,"href":"https:\/\/chilimag.hu\/webshop\/wp-json\/wp\/v2\/product_tag?post=15536"}],"curies":[{"name":"wp","href":"https:\/\/api.w.org\/{rel}","templated":true}]}}