{"id":15512,"date":"2021-10-25T11:20:25","date_gmt":"2021-10-25T11:20:25","guid":{"rendered":"https:\/\/chilimag.hu\/webshop\/?post_type=product&#038;p=15512"},"modified":"2025-08-11T15:41:02","modified_gmt":"2025-08-11T15:41:02","slug":"sweet-aperitif","status":"publish","type":"product","link":"https:\/\/chilimag.hu\/webshop\/termek\/sweet-aperitif\/","title":{"rendered":"Sweet Aperitif B Paradicsom"},"content":{"rendered":"","protected":false},"excerpt":{"rendered":"<p><img decoding=\"async\" src=\"https:\/\/chilimag.hu\/webshop\/wp-content\/uploads\/2014\/11\/chilimag-logo-2-150x150.jpg\" \/><\/p>\n<p>&nbsp;<\/p>\n<p>Le\u00edr\u00e1s<\/p>\n<p>Az Sweet Aperitif Tomato egy \u00faj fajta, igaz\u00e1n kiv\u00e9teles \u00e9dess\u00e9ggel. Gyerekek \u00e9s feln\u0151ttek im\u00e1dni fogj\u00e1k ezt a paradicsomot. A kis piros kokt\u00e9lparadicsomok magas cukortartalm\u00faak, \u00e9s a p\u00e1ratlan paradicsomos \u00edzhez \u00e9ppen megfelel\u0151 mennyis\u00e9g\u0171 savtartalommal rendelkeznek. Ide\u00e1lisak sal\u00e1t\u00e1khoz, d\u00edsz\u00edt\u00e9shez \u00e9s term\u00e9szetesen friss fogyaszt\u00e1sra is. A n\u00f6v\u00e9nyek kiv\u00e1l\u00f3an alkalmasak szabadf\u00f6ldi termeszt\u00e9sre.<\/p>\n<p>Gondoz\u00e1sa: A paradicsomot h\u00e1zon bel\u00fcl, \u00fcvegh\u00e1zban vagy szabadban termesztheti. Az optim\u00e1lis cs\u00edr\u00e1z\u00e1si h\u0151m\u00e9rs\u00e9klet 20 \u00e9s 25\u00b0C k\u00f6z\u00f6tt van, a cs\u00edr\u00e1z\u00e1s 8-14 nap ut\u00e1n k\u00f6vetkezik be. Felgyors\u00edthatja a cs\u00edr\u00e1z\u00e1si folyamatot, ha a magokat egy \u00e9jszak\u00e1n \u00e1t nedves ruh\u00e1ban hagyja \u00e1zni. V\u00e1rjon az utols\u00f3 fagy ut\u00e1n a kiv\u00e1lasztott n\u00f6v\u00e9nyek \u00fcltet\u00e9s\u00e9vel.<\/p>\n<p>A paradicsomnak friss, j\u00f3l tr\u00e1gy\u00e1zott, v\u00edz\u00e1tereszt\u0151 talajra van sz\u00fcks\u00e9ge, amelyet nedvesen (de nem nedvesen!) kell tartani. Napos, v\u00e9dett helyre kell \u00fcltetni, ahol legal\u00e1bb 6 \u00f3ra napf\u00e9ny \u2013 lehet\u0151leg t\u00f6bb.<\/p>\n<p>T\u00edpus \u00e9des aperitif paradicsom<br \/>\nOptim\u00e1lis cs\u00edr\u00e1z\u00e1si h\u0151m\u00e9rs\u00e9klet 20 &#8211; 25 \u00b0C<br \/>\nVet\u00e9s febru\u00e1r-\u00e1prilis<br \/>\nCs\u00edr\u00e1z\u00e1si id\u0151 8-14 nap<br \/>\nN\u00f6v\u00e9nyi n\u00f6veked\u00e9si szok\u00e1s 180 cm magas, kar\u00f3 paradicsom<br \/>\nGy\u00fcm\u00f6lcs megjelen\u00e9se piros, kerek, kb. 2 cm \u00e1tm\u00e9r\u0151j\u0171<br \/>\n\u00cdze gy\u00fcm\u00f6lcs\u00f6s, \u00e9des<br \/>\nSz\u00fcret j\u00faliust\u00f3l okt\u00f3berig<br \/>\nEredet UK<\/p>\n<p>Egy csomagban 10 szem magot tartalmaz<\/p>\n","protected":false},"featured_media":15513,"comment_status":"closed","ping_status":"closed","template":"","meta":[],"product_brand":[],"product_cat":[10],"product_tag":[],"class_list":{"0":"post-15512","1":"product","2":"type-product","3":"status-publish","4":"has-post-thumbnail","6":"product_cat-paradicsom","8":"first","9":"instock","10":"taxable","11":"shipping-taxable","12":"purchasable","13":"product-type-simple"},"_links":{"self":[{"href":"https:\/\/chilimag.hu\/webshop\/wp-json\/wp\/v2\/product\/15512","targetHints":{"allow":["GET"]}}],"collection":[{"href":"https:\/\/chilimag.hu\/webshop\/wp-json\/wp\/v2\/product"}],"about":[{"href":"https:\/\/chilimag.hu\/webshop\/wp-json\/wp\/v2\/types\/product"}],"replies":[{"embeddable":true,"href":"https:\/\/chilimag.hu\/webshop\/wp-json\/wp\/v2\/comments?post=15512"}],"wp:featuredmedia":[{"embeddable":true,"href":"https:\/\/chilimag.hu\/webshop\/wp-json\/wp\/v2\/media\/15513"}],"wp:attachment":[{"href":"https:\/\/chilimag.hu\/webshop\/wp-json\/wp\/v2\/media?parent=15512"}],"wp:term":[{"taxonomy":"product_brand","embeddable":true,"href":"https:\/\/chilimag.hu\/webshop\/wp-json\/wp\/v2\/product_brand?post=15512"},{"taxonomy":"product_cat","embeddable":true,"href":"https:\/\/chilimag.hu\/webshop\/wp-json\/wp\/v2\/product_cat?post=15512"},{"taxonomy":"product_tag","embeddable":true,"href":"https:\/\/chilimag.hu\/webshop\/wp-json\/wp\/v2\/product_tag?post=15512"}],"curies":[{"name":"wp","href":"https:\/\/api.w.org\/{rel}","templated":true}]}}