{"id":15506,"date":"2021-10-25T11:14:30","date_gmt":"2021-10-25T11:14:30","guid":{"rendered":"https:\/\/chilimag.hu\/webshop\/?post_type=product&#038;p=15506"},"modified":"2025-08-11T15:49:08","modified_gmt":"2025-08-11T15:49:08","slug":"xanadu-green-goddess","status":"publish","type":"product","link":"https:\/\/chilimag.hu\/webshop\/termek\/xanadu-green-goddess\/","title":{"rendered":"Xanadu Green Goddess B Paradicsom"},"content":{"rendered":"","protected":false},"excerpt":{"rendered":"<p><img decoding=\"async\" src=\"https:\/\/chilimag.hu\/webshop\/wp-content\/uploads\/2014\/11\/chilimag-logo-2-150x150.jpg\" \/><\/p>\n<p>&nbsp;<\/p>\n<p>Le\u00edr\u00e1s<\/p>\n<p>A fajta 2014-ben jelent meg Tricia Rosamilia kertj\u00e9ben, Pennsylvani\u00e1ban, Amerikai Egyes\u00fclt \u00c1llamokban. V\u00e9letlen keresztez\u00e9s, amely mag\u00e1ban foglalhatja a &#8222;Surpriz&#8221; \u00e9s egy azonos\u00edtatlan &#8222;antho&#8221; fajt\u00e1t.<\/p>\n<p>Kis m\u00e9ret\u0171 gy\u00fcm\u00f6lcs leggyakrabban nagyon kerek, n\u00e9ha &#8222;mini&#8221; beefsteak, lekerek\u00edtett lappal a nagyobbaknak.<\/p>\n<p>S\u00e1rg\u00e1s-z\u00f6ld felh\u00e1m s\u00f6t\u00e9tz\u00f6ld, k\u00e9k v\u00e1llcs\u00edkokkal, jelezve az antocianinok jelenl\u00e9t\u00e9t.<\/p>\n<p>S\u0171r\u0171 \u00e9s l\u00e9d\u00fas h\u00fas \u00edzletes \u00e9s \u00e9des \u00edzzel, &#8222;al dente&#8221; fogyaszthat\u00f3, ha t\u00fal \u00e9rett, gyorsan elvesz\u00edti \u00edz\u00e9t.<\/p>\n<p>Er\u0151teljes, nagy fejl\u0151d\u00e9s\u0171, szab\u00e1lyos lombozat\u00fa, hat\u00e1rozatlan n\u00f6veked\u00e9s\u0171 n\u00f6v\u00e9ny.<\/p>\n<p>Gondoz\u00e1sa:A\u00a0paradicsomot h\u00e1zban, \u00fcvegh\u00e1zban vagy a szabadban termesztheti. Az optim\u00e1lis cs\u00edr\u00e1z\u00e1si h\u0151m\u00e9rs\u00e9klet 20 \u00e9s 25\u00b0C k\u00f6z\u00f6tt van, a cs\u00edr\u00e1z\u00e1s 8-14 nap ut\u00e1n k\u00f6vetkezik be. Felgyors\u00edthatja a cs\u00edr\u00e1z\u00e1si folyamatot, ha a magokat egy \u00e9jszak\u00e1n \u00e1t nedves ruh\u00e1ban hagyja \u00e1zni. V\u00e1rjon az utols\u00f3 fagy ut\u00e1n a kiv\u00e1lasztott n\u00f6v\u00e9nyek \u00fcltet\u00e9s\u00e9vel.<\/p>\n<p>A paradicsomnak friss, j\u00f3l tr\u00e1gy\u00e1zott, v\u00edz\u00e1tereszt\u0151 talajra van sz\u00fcks\u00e9ge, amelyet nedvesen (de nem nedvesen!) kell tartani. Napos, v\u00e9dett helyre kell \u00fcltetni, ahol legal\u00e1bb 6 \u00f3ra napf\u00e9ny \u2013 lehet\u0151leg t\u00f6bb.<\/p>\n<p>A csomag 10 szem magot tartalmaz<\/p>\n","protected":false},"featured_media":15507,"comment_status":"closed","ping_status":"closed","template":"","meta":[],"product_brand":[],"product_cat":[10],"product_tag":[],"class_list":{"0":"post-15506","1":"product","2":"type-product","3":"status-publish","4":"has-post-thumbnail","6":"product_cat-paradicsom","8":"first","9":"instock","10":"taxable","11":"shipping-taxable","12":"purchasable","13":"product-type-simple"},"_links":{"self":[{"href":"https:\/\/chilimag.hu\/webshop\/wp-json\/wp\/v2\/product\/15506","targetHints":{"allow":["GET"]}}],"collection":[{"href":"https:\/\/chilimag.hu\/webshop\/wp-json\/wp\/v2\/product"}],"about":[{"href":"https:\/\/chilimag.hu\/webshop\/wp-json\/wp\/v2\/types\/product"}],"replies":[{"embeddable":true,"href":"https:\/\/chilimag.hu\/webshop\/wp-json\/wp\/v2\/comments?post=15506"}],"wp:featuredmedia":[{"embeddable":true,"href":"https:\/\/chilimag.hu\/webshop\/wp-json\/wp\/v2\/media\/15507"}],"wp:attachment":[{"href":"https:\/\/chilimag.hu\/webshop\/wp-json\/wp\/v2\/media?parent=15506"}],"wp:term":[{"taxonomy":"product_brand","embeddable":true,"href":"https:\/\/chilimag.hu\/webshop\/wp-json\/wp\/v2\/product_brand?post=15506"},{"taxonomy":"product_cat","embeddable":true,"href":"https:\/\/chilimag.hu\/webshop\/wp-json\/wp\/v2\/product_cat?post=15506"},{"taxonomy":"product_tag","embeddable":true,"href":"https:\/\/chilimag.hu\/webshop\/wp-json\/wp\/v2\/product_tag?post=15506"}],"curies":[{"name":"wp","href":"https:\/\/api.w.org\/{rel}","templated":true}]}}