{"id":15488,"date":"2021-10-21T10:41:48","date_gmt":"2021-10-21T10:41:48","guid":{"rendered":"https:\/\/chilimag.hu\/webshop\/?post_type=product&#038;p=15488"},"modified":"2025-08-11T12:21:26","modified_gmt":"2025-08-11T12:21:26","slug":"blue-keys","status":"publish","type":"product","link":"https:\/\/chilimag.hu\/webshop\/termek\/blue-keys\/","title":{"rendered":"Blue Keys B Paradicsom"},"content":{"rendered":"","protected":false},"excerpt":{"rendered":"<p><img decoding=\"async\" src=\"https:\/\/chilimag.hu\/webshop\/wp-content\/uploads\/2014\/11\/chilimag-logo-2-150x150.jpg\" \/><\/p>\n<p>&nbsp;<\/p>\n<p>Le\u00edr\u00e1s<\/p>\n<p>Egyik abszol\u00fat kedvenc\u00fcnk! A paradicsom gy\u00f6ny\u00f6r\u0171, m\u00e1rv\u00e1nyos, arany foltokkal d\u00edsz\u00edtett k\u00f6rt\u00e9ket termelnek. A gy\u00fcm\u00f6lcs\u00f6k egy tarka kokt\u00e9lk\u00f6rte paradicsom, bel\u00fcl v\u00f6r\u00f6s sz\u00edn\u0171 h\u00fassal, amely k\u00f6r\u00fclbel\u00fcl 1,25 h\u00fcvelyk hossz\u00fa \u00e9s 1 uncia s\u00faly\u00fa lehet. Ez a paradicsom l\u00e1tv\u00e1nyos megjelen\u00e9s\u00e9r\u0151l \u00e9s \u00edz\u00e9r\u0151l ismert. Sal\u00e1t\u00e1khoz, uzsonn\u00e1hoz \u00e9s paradicsomsz\u00f3szhoz kiv\u00e1l\u00f3! Az USA-b\u00f3l sz\u00e1rmazik, \u00e9s Dean Slater k\u00e9sz\u00edtette, aki bar\u00e1tj\u00e1r\u00f3l, Michael Keyes tiszteletesr\u0151l nevezte el.<\/p>\n<p>Gondoz\u00e1sa:\u00a0Paradicsomot \u00fcvegh\u00e1zban vagy a szabadban. Az optim\u00e1lis cs\u00edr\u00e1z\u00e1si h\u0151m\u00e9rs\u00e9klet 20 \u00e9s 25\u00b0C k\u00f6z\u00f6tt van, a cs\u00edr\u00e1z\u00e1s 8-14 nap ut\u00e1n k\u00f6vetkezik be. Felgyors\u00edthatja a cs\u00edr\u00e1z\u00e1si folyamatot, ha a magokat egy \u00e9jszak\u00e1n \u00e1t nedves ruh\u00e1ban hagyja \u00e1zni. V\u00e1rjon az utols\u00f3 fagy ut\u00e1n a kiv\u00e1lasztott n\u00f6v\u00e9nyek \u00fcltet\u00e9s\u00e9vel.<\/p>\n<p>A paradicsomnak friss, j\u00f3l tr\u00e1gy\u00e1zott, v\u00edz\u00e1tereszt\u0151 talajra van sz\u00fcks\u00e9ge, amelyet nedvesen (de nem nedvesen!) kell tartani. Napos, v\u00e9dett helyre \u00fcltess\u00fck, ahol legal\u00e1bb 6 \u00f3ra \u2013 lehet\u0151leg t\u00f6bb \u2013 napf\u00e9ny \u00e9ri.<\/p>\n<p>A csomag 10 szem \u00a0magot tartalmaz<\/p>\n","protected":false},"featured_media":15489,"comment_status":"closed","ping_status":"closed","template":"","meta":[],"product_brand":[],"product_cat":[10],"product_tag":[],"class_list":{"0":"post-15488","1":"product","2":"type-product","3":"status-publish","4":"has-post-thumbnail","6":"product_cat-paradicsom","8":"first","9":"instock","10":"taxable","11":"shipping-taxable","12":"purchasable","13":"product-type-simple"},"_links":{"self":[{"href":"https:\/\/chilimag.hu\/webshop\/wp-json\/wp\/v2\/product\/15488","targetHints":{"allow":["GET"]}}],"collection":[{"href":"https:\/\/chilimag.hu\/webshop\/wp-json\/wp\/v2\/product"}],"about":[{"href":"https:\/\/chilimag.hu\/webshop\/wp-json\/wp\/v2\/types\/product"}],"replies":[{"embeddable":true,"href":"https:\/\/chilimag.hu\/webshop\/wp-json\/wp\/v2\/comments?post=15488"}],"wp:featuredmedia":[{"embeddable":true,"href":"https:\/\/chilimag.hu\/webshop\/wp-json\/wp\/v2\/media\/15489"}],"wp:attachment":[{"href":"https:\/\/chilimag.hu\/webshop\/wp-json\/wp\/v2\/media?parent=15488"}],"wp:term":[{"taxonomy":"product_brand","embeddable":true,"href":"https:\/\/chilimag.hu\/webshop\/wp-json\/wp\/v2\/product_brand?post=15488"},{"taxonomy":"product_cat","embeddable":true,"href":"https:\/\/chilimag.hu\/webshop\/wp-json\/wp\/v2\/product_cat?post=15488"},{"taxonomy":"product_tag","embeddable":true,"href":"https:\/\/chilimag.hu\/webshop\/wp-json\/wp\/v2\/product_tag?post=15488"}],"curies":[{"name":"wp","href":"https:\/\/api.w.org\/{rel}","templated":true}]}}